{"id":510,"date":"2020-03-24T12:01:43","date_gmt":"2020-03-24T11:01:43","guid":{"rendered":"https:\/\/www.hotelaultia.com\/new\/situation-villa-aultia-baie-de-somme\/"},"modified":"2020-03-27T10:25:05","modified_gmt":"2020-03-27T09:25:05","slug":"location-villa-aultia-baie-de-somme","status":"publish","type":"page","link":"https:\/\/www.hotelaultia.com\/en\/location-villa-aultia-baie-de-somme\/","title":{"rendered":"Map"},"content":{"rendered":"\n<div class=\"row\"  id=\"row-1428809649\">\n\n\n\t<div class=\"col small-12 large-12\"  >\n\t\t<div class=\"col-inner\"  >\n\t\t\t\n\t<div class=\"is-border\"\n\t\tstyle=\"border-width:10px 10px 10px 10px;\">\n\t<\/div>\n\t\t\t\n\n<p><iframe loading=\"lazy\" width=\"100%\" height=\"570\" frameborder=\"0\" scrolling=\"no\" marginheight=\"0\" marginwidth=\"0\" src=\"https:\/\/maps.google.fr\/maps?f=q&amp;source=s_q&amp;hl=fr&amp;geocode=&amp;q=Villa+Aultia+Hotel+25+rue+de+la+P%C3%AAche+80460+Ault+Onival&amp;aq=&amp;sll=50.113093,1.60675&amp;sspn=0.185819,0.445976&amp;ie=UTF8&amp;hq=Villa+Aultia+Hotel+25+rue+de+la+P%C3%AAche+80460+Ault+Onival&amp;hnear=&amp;radius=15000&amp;t=m&amp;ll=50.116175,1.45483&amp;spn=0.064944,0.17561&amp;z=13&amp;iwloc=A&amp;output=embed\"><\/iframe><\/p>\n\n\t\t<\/div>\n\t<\/div>\n\n\t\n\n<\/div>\n<div class=\"row\"  id=\"row-732011322\">\n\n\n\t<div class=\"col medium-8 small-12 large-8\"  >\n\t\t<div class=\"col-inner\"  >\n\t\t\t\n\t\t\t\n\n<h2>&#8220;LIVE THE SOMME BAY &amp; THE CLIFFS AT FIRST LOGES&#8221;<\/h2>\n<p>&#8211; How to get to the hotel :<br \/><a class=\"mot_important\" href=\"http:\/\/fr.mappy.com\/\" target=\"_blank\" rel=\"noopener noreferrer\">mappy<\/a><br \/><a class=\"mot_important\" href=\"http:\/\/www.viamichelin.fr\/\" target=\"_blank\" rel=\"noopener noreferrer\">ViaMichelin<\/a><\/p>\n<h3>Points of interest<\/h3>\n<ul>\n<li>Grand Site of France \u2013 Somme Bay<\/li>\n<li>European Blue Flag<\/li>\n<li>European Route Victor Hugo<\/li>\n<li>Eldest Church Belfry of France &amp; Unique in Picardie<\/li>\n<li>The natural reserve of birds &amp; aviflore of the H\u00e2ble d&#8217;Ault<\/li>\n<li>The only and last natural wood of oak and beech trees at the Channel Coast<\/li>\n<li>Swimming &#8211; Walking &#8211; Biking &#8211; Mountainbiking \u2013 Tennis<\/li>\n<li>Air Baptism &amp; ULM (4 kilometers)<\/li>\n<li>3 Casinos (at 5-7 and 12 km)<\/li>\n<li>The Pointe du Hourdel &amp; its seal colony (15 kilometers)<\/li>\n<li>Le Tr\u00e9port &amp; its highest chalk cliffs of Europe (funicular 7 km)<\/li>\n<li>The Royal Castle of Eu (6 kilometers)<\/li>\n<li>Cayeux \/ mer &amp; its longest linear of beach huts in Europe (12km)<\/li>\n<\/ul>\n\n\t\t<\/div>\n\t<\/div>\n\n\t\n\n\t<div class=\"col medium-4 small-12 large-4\"  >\n\t\t<div class=\"col-inner dark\" style=\"background-color:#9f8461;padding:10px 10px 10px 10px;\" >\n\t\t\t\n\t\t\t\n\n<p><img loading=\"lazy\" decoding=\"async\" class=\"header_logo header-logo aligncenter\" src=\"https:\/\/www.hotelaultia.com\/new\/wp-content\/uploads\/2020\/03\/logo.png\" alt=\"Villa Aultia\" width=\"176\" height=\"90\"><\/p>\n<p style=\"text-align: center;\">25 rue de la P\u00eache<br \/>80460 Ault Onival<br \/>Tel : +33 3 22 30 04 04<br \/>Fax : +33 3 22 30 97 30<br \/>Email : info@villaaultiahotel.com<\/p>\n\n\t\t<\/div>\n\t<\/div>\n\n\t\n\n<\/div>\n\n","protected":false},"excerpt":{"rendered":"","protected":false},"author":1,"featured_media":0,"parent":0,"menu_order":0,"comment_status":"closed","ping_status":"open","template":"","meta":{"footnotes":""},"class_list":["post-510","page","type-page","status-publish","hentry"],"yoast_head":"<!-- This site is optimized with the Yoast SEO plugin v27.1.1 - https:\/\/yoast.com\/product\/yoast-seo-wordpress\/ -->\n<title>Villa Aultia Hotel &amp; Resort - Boutique Hotel - Restaurant - Lounge Bar - Spa<\/title>\n<meta name=\"description\" content=\"Villa Aultia Hotel, Boutique Hotel, restaurant, lounge bar et spa situ\u00e9 entre la Normandie, Eu-Tr\u00e9port et la Baie de Somme. 80460 Ault Onival - Station baln\u00e9aire\" \/>\n<meta name=\"robots\" content=\"index, follow, max-snippet:-1, max-image-preview:large, max-video-preview:-1\" \/>\n<link rel=\"canonical\" href=\"https:\/\/www.hotelaultia.com\/en\/location-villa-aultia-baie-de-somme\/\" \/>\n<meta property=\"og:locale\" content=\"en_US\" \/>\n<meta property=\"og:type\" content=\"article\" \/>\n<meta property=\"og:title\" content=\"Villa Aultia Hotel &amp; Resort - Boutique Hotel - Restaurant - Lounge Bar - Spa\" \/>\n<meta property=\"og:description\" content=\"Villa Aultia Hotel, Boutique Hotel, restaurant, lounge bar et spa situ\u00e9 entre la Normandie, Eu-Tr\u00e9port et la Baie de Somme. 80460 Ault Onival - Station baln\u00e9aire\" \/>\n<meta property=\"og:url\" content=\"https:\/\/www.hotelaultia.com\/en\/location-villa-aultia-baie-de-somme\/\" \/>\n<meta property=\"og:site_name\" content=\"Villa Aultia\" \/>\n<meta property=\"article:modified_time\" content=\"2020-03-27T09:25:05+00:00\" \/>\n<meta property=\"og:image\" content=\"https:\/\/www.hotelaultia.com\/new\/wp-content\/uploads\/2020\/03\/logo.png\" \/>\n<meta name=\"twitter:card\" content=\"summary_large_image\" \/>\n<meta name=\"twitter:label1\" content=\"Est. reading time\" \/>\n\t<meta name=\"twitter:data1\" content=\"1 minute\" \/>\n<script type=\"application\/ld+json\" class=\"yoast-schema-graph\">{\"@context\":\"https:\/\/schema.org\",\"@graph\":[{\"@type\":\"WebPage\",\"@id\":\"https:\/\/www.hotelaultia.com\/en\/location-villa-aultia-baie-de-somme\/\",\"url\":\"https:\/\/www.hotelaultia.com\/en\/location-villa-aultia-baie-de-somme\/\",\"name\":\"Villa Aultia Hotel & Resort - Boutique Hotel - Restaurant - Lounge Bar - Spa\",\"isPartOf\":{\"@id\":\"https:\/\/www.hotelaultia.com\/nl\/#website\"},\"primaryImageOfPage\":{\"@id\":\"https:\/\/www.hotelaultia.com\/en\/location-villa-aultia-baie-de-somme\/#primaryimage\"},\"image\":{\"@id\":\"https:\/\/www.hotelaultia.com\/en\/location-villa-aultia-baie-de-somme\/#primaryimage\"},\"thumbnailUrl\":\"https:\/\/www.hotelaultia.com\/new\/wp-content\/uploads\/2020\/03\/logo.png\",\"datePublished\":\"2020-03-24T11:01:43+00:00\",\"dateModified\":\"2020-03-27T09:25:05+00:00\",\"description\":\"Villa Aultia Hotel, Boutique Hotel, restaurant, lounge bar et spa situ\u00e9 entre la Normandie, Eu-Tr\u00e9port et la Baie de Somme. 80460 Ault Onival - Station baln\u00e9aire\",\"breadcrumb\":{\"@id\":\"https:\/\/www.hotelaultia.com\/en\/location-villa-aultia-baie-de-somme\/#breadcrumb\"},\"inLanguage\":\"en-US\",\"potentialAction\":[{\"@type\":\"ReadAction\",\"target\":[\"https:\/\/www.hotelaultia.com\/en\/location-villa-aultia-baie-de-somme\/\"]}]},{\"@type\":\"ImageObject\",\"inLanguage\":\"en-US\",\"@id\":\"https:\/\/www.hotelaultia.com\/en\/location-villa-aultia-baie-de-somme\/#primaryimage\",\"url\":\"https:\/\/www.hotelaultia.com\/new\/wp-content\/uploads\/2020\/03\/logo.png\",\"contentUrl\":\"https:\/\/www.hotelaultia.com\/new\/wp-content\/uploads\/2020\/03\/logo.png\"},{\"@type\":\"BreadcrumbList\",\"@id\":\"https:\/\/www.hotelaultia.com\/en\/location-villa-aultia-baie-de-somme\/#breadcrumb\",\"itemListElement\":[{\"@type\":\"ListItem\",\"position\":1,\"name\":\"Accueil\",\"item\":\"https:\/\/www.hotelaultia.com\/en\/\"},{\"@type\":\"ListItem\",\"position\":2,\"name\":\"Map\"}]},{\"@type\":\"WebSite\",\"@id\":\"https:\/\/www.hotelaultia.com\/nl\/#website\",\"url\":\"https:\/\/www.hotelaultia.com\/nl\/\",\"name\":\"Hotel Aultia\",\"description\":\"Hotel &amp; Resort \u00e0 Ault- Boutique Hotel - Lounge Bar - Spa\",\"publisher\":{\"@id\":\"https:\/\/www.hotelaultia.com\/nl\/#organization\"},\"potentialAction\":[{\"@type\":\"SearchAction\",\"target\":{\"@type\":\"EntryPoint\",\"urlTemplate\":\"https:\/\/www.hotelaultia.com\/nl\/?s={search_term_string}\"},\"query-input\":{\"@type\":\"PropertyValueSpecification\",\"valueRequired\":true,\"valueName\":\"search_term_string\"}}],\"inLanguage\":\"en-US\"},{\"@type\":\"Organization\",\"@id\":\"https:\/\/www.hotelaultia.com\/nl\/#organization\",\"name\":\"Hotel Aultia\",\"url\":\"https:\/\/www.hotelaultia.com\/nl\/\",\"logo\":{\"@type\":\"ImageObject\",\"inLanguage\":\"en-US\",\"@id\":\"https:\/\/www.hotelaultia.com\/nl\/#\/schema\/logo\/image\/\",\"url\":\"https:\/\/www.hotelaultia.com\/wp-content\/uploads\/2020\/03\/logo.png\",\"contentUrl\":\"https:\/\/www.hotelaultia.com\/wp-content\/uploads\/2020\/03\/logo.png\",\"width\":149,\"height\":80,\"caption\":\"Hotel Aultia\"},\"image\":{\"@id\":\"https:\/\/www.hotelaultia.com\/nl\/#\/schema\/logo\/image\/\"}}]}<\/script>\n<!-- \/ Yoast SEO plugin. -->","yoast_head_json":{"title":"Villa Aultia Hotel & Resort - Boutique Hotel - Restaurant - Lounge Bar - Spa","description":"Villa Aultia Hotel, Boutique Hotel, restaurant, lounge bar et spa situ\u00e9 entre la Normandie, Eu-Tr\u00e9port et la Baie de Somme. 80460 Ault Onival - Station baln\u00e9aire","robots":{"index":"index","follow":"follow","max-snippet":"max-snippet:-1","max-image-preview":"max-image-preview:large","max-video-preview":"max-video-preview:-1"},"canonical":"https:\/\/www.hotelaultia.com\/en\/location-villa-aultia-baie-de-somme\/","og_locale":"en_US","og_type":"article","og_title":"Villa Aultia Hotel & Resort - Boutique Hotel - Restaurant - Lounge Bar - Spa","og_description":"Villa Aultia Hotel, Boutique Hotel, restaurant, lounge bar et spa situ\u00e9 entre la Normandie, Eu-Tr\u00e9port et la Baie de Somme. 80460 Ault Onival - Station baln\u00e9aire","og_url":"https:\/\/www.hotelaultia.com\/en\/location-villa-aultia-baie-de-somme\/","og_site_name":"Villa Aultia","article_modified_time":"2020-03-27T09:25:05+00:00","og_image":[{"url":"https:\/\/www.hotelaultia.com\/new\/wp-content\/uploads\/2020\/03\/logo.png","type":"","width":"","height":""}],"twitter_card":"summary_large_image","twitter_misc":{"Est. reading time":"1 minute"},"schema":{"@context":"https:\/\/schema.org","@graph":[{"@type":"WebPage","@id":"https:\/\/www.hotelaultia.com\/en\/location-villa-aultia-baie-de-somme\/","url":"https:\/\/www.hotelaultia.com\/en\/location-villa-aultia-baie-de-somme\/","name":"Villa Aultia Hotel & Resort - Boutique Hotel - Restaurant - Lounge Bar - Spa","isPartOf":{"@id":"https:\/\/www.hotelaultia.com\/nl\/#website"},"primaryImageOfPage":{"@id":"https:\/\/www.hotelaultia.com\/en\/location-villa-aultia-baie-de-somme\/#primaryimage"},"image":{"@id":"https:\/\/www.hotelaultia.com\/en\/location-villa-aultia-baie-de-somme\/#primaryimage"},"thumbnailUrl":"https:\/\/www.hotelaultia.com\/new\/wp-content\/uploads\/2020\/03\/logo.png","datePublished":"2020-03-24T11:01:43+00:00","dateModified":"2020-03-27T09:25:05+00:00","description":"Villa Aultia Hotel, Boutique Hotel, restaurant, lounge bar et spa situ\u00e9 entre la Normandie, Eu-Tr\u00e9port et la Baie de Somme. 80460 Ault Onival - Station baln\u00e9aire","breadcrumb":{"@id":"https:\/\/www.hotelaultia.com\/en\/location-villa-aultia-baie-de-somme\/#breadcrumb"},"inLanguage":"en-US","potentialAction":[{"@type":"ReadAction","target":["https:\/\/www.hotelaultia.com\/en\/location-villa-aultia-baie-de-somme\/"]}]},{"@type":"ImageObject","inLanguage":"en-US","@id":"https:\/\/www.hotelaultia.com\/en\/location-villa-aultia-baie-de-somme\/#primaryimage","url":"https:\/\/www.hotelaultia.com\/new\/wp-content\/uploads\/2020\/03\/logo.png","contentUrl":"https:\/\/www.hotelaultia.com\/new\/wp-content\/uploads\/2020\/03\/logo.png"},{"@type":"BreadcrumbList","@id":"https:\/\/www.hotelaultia.com\/en\/location-villa-aultia-baie-de-somme\/#breadcrumb","itemListElement":[{"@type":"ListItem","position":1,"name":"Accueil","item":"https:\/\/www.hotelaultia.com\/en\/"},{"@type":"ListItem","position":2,"name":"Map"}]},{"@type":"WebSite","@id":"https:\/\/www.hotelaultia.com\/nl\/#website","url":"https:\/\/www.hotelaultia.com\/nl\/","name":"Hotel Aultia","description":"Hotel &amp; Resort \u00e0 Ault- Boutique Hotel - Lounge Bar - Spa","publisher":{"@id":"https:\/\/www.hotelaultia.com\/nl\/#organization"},"potentialAction":[{"@type":"SearchAction","target":{"@type":"EntryPoint","urlTemplate":"https:\/\/www.hotelaultia.com\/nl\/?s={search_term_string}"},"query-input":{"@type":"PropertyValueSpecification","valueRequired":true,"valueName":"search_term_string"}}],"inLanguage":"en-US"},{"@type":"Organization","@id":"https:\/\/www.hotelaultia.com\/nl\/#organization","name":"Hotel Aultia","url":"https:\/\/www.hotelaultia.com\/nl\/","logo":{"@type":"ImageObject","inLanguage":"en-US","@id":"https:\/\/www.hotelaultia.com\/nl\/#\/schema\/logo\/image\/","url":"https:\/\/www.hotelaultia.com\/wp-content\/uploads\/2020\/03\/logo.png","contentUrl":"https:\/\/www.hotelaultia.com\/wp-content\/uploads\/2020\/03\/logo.png","width":149,"height":80,"caption":"Hotel Aultia"},"image":{"@id":"https:\/\/www.hotelaultia.com\/nl\/#\/schema\/logo\/image\/"}}]}},"_links":{"self":[{"href":"https:\/\/www.hotelaultia.com\/en\/wp-json\/wp\/v2\/pages\/510","targetHints":{"allow":["GET"]}}],"collection":[{"href":"https:\/\/www.hotelaultia.com\/en\/wp-json\/wp\/v2\/pages"}],"about":[{"href":"https:\/\/www.hotelaultia.com\/en\/wp-json\/wp\/v2\/types\/page"}],"author":[{"embeddable":true,"href":"https:\/\/www.hotelaultia.com\/en\/wp-json\/wp\/v2\/users\/1"}],"replies":[{"embeddable":true,"href":"https:\/\/www.hotelaultia.com\/en\/wp-json\/wp\/v2\/comments?post=510"}],"version-history":[{"count":2,"href":"https:\/\/www.hotelaultia.com\/en\/wp-json\/wp\/v2\/pages\/510\/revisions"}],"predecessor-version":[{"id":552,"href":"https:\/\/www.hotelaultia.com\/en\/wp-json\/wp\/v2\/pages\/510\/revisions\/552"}],"wp:attachment":[{"href":"https:\/\/www.hotelaultia.com\/en\/wp-json\/wp\/v2\/media?parent=510"}],"curies":[{"name":"wp","href":"https:\/\/api.w.org\/{rel}","templated":true}]}}