{"id":507,"date":"2020-03-24T11:28:47","date_gmt":"2020-03-24T10:28:47","guid":{"rendered":"https:\/\/www.hotelaultia.com\/new\/offres\/"},"modified":"2020-03-27T10:21:20","modified_gmt":"2020-03-27T09:21:20","slug":"offers-gifts","status":"publish","type":"page","link":"https:\/\/www.hotelaultia.com\/en\/offers-gifts\/","title":{"rendered":"Offers &#038; gifts"},"content":{"rendered":"\n<div class=\"row\"  id=\"row-793239721\">\n\n\n\t<div class=\"col small-12 large-12\"  >\n\t\t<div class=\"col-inner\"  >\n\t\t\t\n\t\t\t\n\n<h2>Offrez un moment d\u2019exception \u00e0 vos proches\u2026<\/h2>\n<p><strong>Vous souhaitez offrir un cadeau inoubliable \u00e0 ceux que vous aimez ? Faire des heureux dans votre entourage ?<\/strong><\/p>\n<p><strong>Gr\u00e2ce \u00e0 nos bons cadeaux personnalisables, cr\u00e9ez un moment sur-mesure et merveilleux qui plaira \u00e0 coup s\u00fbr !<\/strong><\/p>\n<p>Mode d&#8217;emploi :<\/p>\n<p>&#8211; s\u00e9lectionnez le bon cadeau que vous souhaitez offrir<br \/>&#8211; ajoutez les prestations\/options de votre choix&nbsp;<br \/>&#8211; indiquez vos coordonn\u00e9es et celles du b\u00e9n\u00e9ficiaire<br \/>&#8211;&nbsp;vous recevez votre bon cadeau imm\u00e9diatement par e-mail<\/p>\n<p><strong>Un \u00e9v\u00e9nement de derni\u00e8re minute ou un anniversaire oubli\u00e9 ?<\/strong><\/p>\n<p><strong>Recevez et envoyez votre bon cadeau imm\u00e9diatement par email \u00e0 la personne de votre choix !<\/strong><\/p>\n <iframe style=\"width: 100%; border: 0\" src=\"https:\/\/villaaultia.bonkdo.com\/#\/?embed=true&origin=Mon%20site%20web\"><\/iframe>\r\n<script src=\"https:\/\/villaaultia.bonkdo.com\/static\/js\/iframeResizer.min.js\"><\/script><script>iFrameResize()<\/script>\n\n\n\t\t<\/div>\n\t<\/div>\n\n\t\n\n\n<style scope=\"scope\">\n\n#row-793239721 > .col > .col-inner {\n  padding: 30px 0px 0px 0px;\n}\n<\/style>\n<\/div>\n\n","protected":false},"excerpt":{"rendered":"","protected":false},"author":1,"featured_media":0,"parent":0,"menu_order":0,"comment_status":"closed","ping_status":"open","template":"","meta":{"footnotes":""},"class_list":["post-507","page","type-page","status-publish","hentry"],"yoast_head":"<!-- This site is optimized with the Yoast SEO plugin v27.1.1 - https:\/\/yoast.com\/product\/yoast-seo-wordpress\/ -->\n<title>Villa Aultia Hotel &amp; Resort - Boutique Hotel - Restaurant - Lounge Bar - Spa<\/title>\n<meta name=\"description\" content=\"Villa Aultia Hotel, Boutique Hotel, restaurant, lounge bar et spa situ\u00e9 entre la Normandie, Eu-Tr\u00e9port et la Baie de Somme. 80460 Ault Onival - Station baln\u00e9aire\" \/>\n<meta name=\"robots\" content=\"index, follow, max-snippet:-1, max-image-preview:large, max-video-preview:-1\" \/>\n<link rel=\"canonical\" href=\"https:\/\/www.hotelaultia.com\/en\/offers-gifts\/\" \/>\n<meta property=\"og:locale\" content=\"en_US\" \/>\n<meta property=\"og:type\" content=\"article\" \/>\n<meta property=\"og:title\" content=\"Villa Aultia Hotel &amp; Resort - Boutique Hotel - Restaurant - Lounge Bar - Spa\" \/>\n<meta property=\"og:description\" content=\"Villa Aultia Hotel, Boutique Hotel, restaurant, lounge bar et spa situ\u00e9 entre la Normandie, Eu-Tr\u00e9port et la Baie de Somme. 80460 Ault Onival - Station baln\u00e9aire\" \/>\n<meta property=\"og:url\" content=\"https:\/\/www.hotelaultia.com\/en\/offers-gifts\/\" \/>\n<meta property=\"og:site_name\" content=\"Villa Aultia\" \/>\n<meta property=\"article:modified_time\" content=\"2020-03-27T09:21:20+00:00\" \/>\n<meta name=\"twitter:card\" content=\"summary_large_image\" \/>\n<meta name=\"twitter:label1\" content=\"Est. reading time\" \/>\n\t<meta name=\"twitter:data1\" content=\"1 minute\" \/>\n<script type=\"application\/ld+json\" class=\"yoast-schema-graph\">{\"@context\":\"https:\/\/schema.org\",\"@graph\":[{\"@type\":\"WebPage\",\"@id\":\"https:\/\/www.hotelaultia.com\/en\/offers-gifts\/\",\"url\":\"https:\/\/www.hotelaultia.com\/en\/offers-gifts\/\",\"name\":\"Villa Aultia Hotel & Resort - Boutique Hotel - Restaurant - Lounge Bar - Spa\",\"isPartOf\":{\"@id\":\"https:\/\/www.hotelaultia.com\/nl\/#website\"},\"datePublished\":\"2020-03-24T10:28:47+00:00\",\"dateModified\":\"2020-03-27T09:21:20+00:00\",\"description\":\"Villa Aultia Hotel, Boutique Hotel, restaurant, lounge bar et spa situ\u00e9 entre la Normandie, Eu-Tr\u00e9port et la Baie de Somme. 80460 Ault Onival - Station baln\u00e9aire\",\"breadcrumb\":{\"@id\":\"https:\/\/www.hotelaultia.com\/en\/offers-gifts\/#breadcrumb\"},\"inLanguage\":\"en-US\",\"potentialAction\":[{\"@type\":\"ReadAction\",\"target\":[\"https:\/\/www.hotelaultia.com\/en\/offers-gifts\/\"]}]},{\"@type\":\"BreadcrumbList\",\"@id\":\"https:\/\/www.hotelaultia.com\/en\/offers-gifts\/#breadcrumb\",\"itemListElement\":[{\"@type\":\"ListItem\",\"position\":1,\"name\":\"Accueil\",\"item\":\"https:\/\/www.hotelaultia.com\/en\/\"},{\"@type\":\"ListItem\",\"position\":2,\"name\":\"Offers &#038; gifts\"}]},{\"@type\":\"WebSite\",\"@id\":\"https:\/\/www.hotelaultia.com\/nl\/#website\",\"url\":\"https:\/\/www.hotelaultia.com\/nl\/\",\"name\":\"Hotel Aultia\",\"description\":\"Hotel &amp; Resort \u00e0 Ault- Boutique Hotel - Lounge Bar - Spa\",\"publisher\":{\"@id\":\"https:\/\/www.hotelaultia.com\/nl\/#organization\"},\"potentialAction\":[{\"@type\":\"SearchAction\",\"target\":{\"@type\":\"EntryPoint\",\"urlTemplate\":\"https:\/\/www.hotelaultia.com\/nl\/?s={search_term_string}\"},\"query-input\":{\"@type\":\"PropertyValueSpecification\",\"valueRequired\":true,\"valueName\":\"search_term_string\"}}],\"inLanguage\":\"en-US\"},{\"@type\":\"Organization\",\"@id\":\"https:\/\/www.hotelaultia.com\/nl\/#organization\",\"name\":\"Hotel Aultia\",\"url\":\"https:\/\/www.hotelaultia.com\/nl\/\",\"logo\":{\"@type\":\"ImageObject\",\"inLanguage\":\"en-US\",\"@id\":\"https:\/\/www.hotelaultia.com\/nl\/#\/schema\/logo\/image\/\",\"url\":\"https:\/\/www.hotelaultia.com\/wp-content\/uploads\/2020\/03\/logo.png\",\"contentUrl\":\"https:\/\/www.hotelaultia.com\/wp-content\/uploads\/2020\/03\/logo.png\",\"width\":149,\"height\":80,\"caption\":\"Hotel Aultia\"},\"image\":{\"@id\":\"https:\/\/www.hotelaultia.com\/nl\/#\/schema\/logo\/image\/\"}}]}<\/script>\n<!-- \/ Yoast SEO plugin. -->","yoast_head_json":{"title":"Villa Aultia Hotel & Resort - Boutique Hotel - Restaurant - Lounge Bar - Spa","description":"Villa Aultia Hotel, Boutique Hotel, restaurant, lounge bar et spa situ\u00e9 entre la Normandie, Eu-Tr\u00e9port et la Baie de Somme. 80460 Ault Onival - Station baln\u00e9aire","robots":{"index":"index","follow":"follow","max-snippet":"max-snippet:-1","max-image-preview":"max-image-preview:large","max-video-preview":"max-video-preview:-1"},"canonical":"https:\/\/www.hotelaultia.com\/en\/offers-gifts\/","og_locale":"en_US","og_type":"article","og_title":"Villa Aultia Hotel & Resort - Boutique Hotel - Restaurant - Lounge Bar - Spa","og_description":"Villa Aultia Hotel, Boutique Hotel, restaurant, lounge bar et spa situ\u00e9 entre la Normandie, Eu-Tr\u00e9port et la Baie de Somme. 80460 Ault Onival - Station baln\u00e9aire","og_url":"https:\/\/www.hotelaultia.com\/en\/offers-gifts\/","og_site_name":"Villa Aultia","article_modified_time":"2020-03-27T09:21:20+00:00","twitter_card":"summary_large_image","twitter_misc":{"Est. reading time":"1 minute"},"schema":{"@context":"https:\/\/schema.org","@graph":[{"@type":"WebPage","@id":"https:\/\/www.hotelaultia.com\/en\/offers-gifts\/","url":"https:\/\/www.hotelaultia.com\/en\/offers-gifts\/","name":"Villa Aultia Hotel & Resort - Boutique Hotel - Restaurant - Lounge Bar - Spa","isPartOf":{"@id":"https:\/\/www.hotelaultia.com\/nl\/#website"},"datePublished":"2020-03-24T10:28:47+00:00","dateModified":"2020-03-27T09:21:20+00:00","description":"Villa Aultia Hotel, Boutique Hotel, restaurant, lounge bar et spa situ\u00e9 entre la Normandie, Eu-Tr\u00e9port et la Baie de Somme. 80460 Ault Onival - Station baln\u00e9aire","breadcrumb":{"@id":"https:\/\/www.hotelaultia.com\/en\/offers-gifts\/#breadcrumb"},"inLanguage":"en-US","potentialAction":[{"@type":"ReadAction","target":["https:\/\/www.hotelaultia.com\/en\/offers-gifts\/"]}]},{"@type":"BreadcrumbList","@id":"https:\/\/www.hotelaultia.com\/en\/offers-gifts\/#breadcrumb","itemListElement":[{"@type":"ListItem","position":1,"name":"Accueil","item":"https:\/\/www.hotelaultia.com\/en\/"},{"@type":"ListItem","position":2,"name":"Offers &#038; gifts"}]},{"@type":"WebSite","@id":"https:\/\/www.hotelaultia.com\/nl\/#website","url":"https:\/\/www.hotelaultia.com\/nl\/","name":"Hotel Aultia","description":"Hotel &amp; Resort \u00e0 Ault- Boutique Hotel - Lounge Bar - Spa","publisher":{"@id":"https:\/\/www.hotelaultia.com\/nl\/#organization"},"potentialAction":[{"@type":"SearchAction","target":{"@type":"EntryPoint","urlTemplate":"https:\/\/www.hotelaultia.com\/nl\/?s={search_term_string}"},"query-input":{"@type":"PropertyValueSpecification","valueRequired":true,"valueName":"search_term_string"}}],"inLanguage":"en-US"},{"@type":"Organization","@id":"https:\/\/www.hotelaultia.com\/nl\/#organization","name":"Hotel Aultia","url":"https:\/\/www.hotelaultia.com\/nl\/","logo":{"@type":"ImageObject","inLanguage":"en-US","@id":"https:\/\/www.hotelaultia.com\/nl\/#\/schema\/logo\/image\/","url":"https:\/\/www.hotelaultia.com\/wp-content\/uploads\/2020\/03\/logo.png","contentUrl":"https:\/\/www.hotelaultia.com\/wp-content\/uploads\/2020\/03\/logo.png","width":149,"height":80,"caption":"Hotel Aultia"},"image":{"@id":"https:\/\/www.hotelaultia.com\/nl\/#\/schema\/logo\/image\/"}}]}},"_links":{"self":[{"href":"https:\/\/www.hotelaultia.com\/en\/wp-json\/wp\/v2\/pages\/507","targetHints":{"allow":["GET"]}}],"collection":[{"href":"https:\/\/www.hotelaultia.com\/en\/wp-json\/wp\/v2\/pages"}],"about":[{"href":"https:\/\/www.hotelaultia.com\/en\/wp-json\/wp\/v2\/types\/page"}],"author":[{"embeddable":true,"href":"https:\/\/www.hotelaultia.com\/en\/wp-json\/wp\/v2\/users\/1"}],"replies":[{"embeddable":true,"href":"https:\/\/www.hotelaultia.com\/en\/wp-json\/wp\/v2\/comments?post=507"}],"version-history":[{"count":2,"href":"https:\/\/www.hotelaultia.com\/en\/wp-json\/wp\/v2\/pages\/507\/revisions"}],"predecessor-version":[{"id":550,"href":"https:\/\/www.hotelaultia.com\/en\/wp-json\/wp\/v2\/pages\/507\/revisions\/550"}],"wp:attachment":[{"href":"https:\/\/www.hotelaultia.com\/en\/wp-json\/wp\/v2\/media?parent=507"}],"curies":[{"name":"wp","href":"https:\/\/api.w.org\/{rel}","templated":true}]}}