{"id":498,"date":"2020-03-24T10:33:17","date_gmt":"2020-03-24T09:33:17","guid":{"rendered":"https:\/\/www.hotelaultia.com\/new\/villa-aultia\/"},"modified":"2026-03-11T00:03:37","modified_gmt":"2026-03-10T23:03:37","slug":"villa-aultia","status":"publish","type":"page","link":"https:\/\/www.hotelaultia.com\/en\/villa-aultia\/","title":{"rendered":"Hotel"},"content":{"rendered":"<div class=\"row\"  id=\"row-1191290926\">\n\n\t<div class=\"col small-12 large-12\"  >\n\t\t<div class=\"col-inner\"  >\n\t\t\t\n\t\t\t\n<div class=\"slider-wrapper relative slider-home\" id=\"slider-643204213\" style=\"background-color:rgb(255,255,255);\">\n    <div class=\"slider slider-type-fade slider-nav-circle slider-nav-large slider-nav-light slider-style-normal\"\n        data-flickity-options='{\n            \"cellAlign\": \"center\",\n            \"imagesLoaded\": true,\n            \"lazyLoad\": 1,\n            \"freeScroll\": false,\n            \"wrapAround\": true,\n            \"autoPlay\": 4000,\n            \"pauseAutoPlayOnHover\" : true,\n            \"prevNextButtons\": true,\n            \"contain\" : true,\n            \"adaptiveHeight\" : true,\n            \"dragThreshold\" : 10,\n            \"percentPosition\": true,\n            \"pageDots\": false,\n            \"rightToLeft\": false,\n            \"draggable\": true,\n            \"selectedAttraction\": 0.1,\n            \"parallax\" : 0,\n            \"friction\": 0.6        }'\n        >\n        \n\t<div class=\"img has-hover x md-x lg-x y md-y lg-y\" id=\"image_392592602\">\n\t\t\t\t\t\t\t\t<div class=\"img-inner dark\" >\n\t\t\t<img loading=\"lazy\" decoding=\"async\" width=\"1004\" height=\"570\" src=\"https:\/\/www.hotelaultia.com\/wp-content\/uploads\/2020\/03\/RECEPTION_01.jpg\" class=\"attachment-large size-large\" alt=\"Villa Aultia Hotel &amp; Restaurant - Ault - Baie de Somme\" srcset=\"https:\/\/www.hotelaultia.com\/wp-content\/uploads\/2020\/03\/RECEPTION_01.jpg 1004w, https:\/\/www.hotelaultia.com\/wp-content\/uploads\/2020\/03\/RECEPTION_01-300x170.jpg 300w, https:\/\/www.hotelaultia.com\/wp-content\/uploads\/2020\/03\/RECEPTION_01-768x436.jpg 768w\" sizes=\"auto, (max-width: 1004px) 100vw, 1004px\" \/>\t\t\t\t\t\t\n\t\t\t\t\t<\/div>\n\t\t\t\t\t\t\t\t\n<style scope=\"scope\">\n\n#image_392592602 {\n  width: 100%;\n}\n<\/style>\n\t<\/div>\n\t\n\t<div class=\"img has-hover x md-x lg-x y md-y lg-y\" id=\"image_726185709\">\n\t\t\t\t\t\t\t\t<div class=\"img-inner dark\" >\n\t\t\t<img loading=\"lazy\" decoding=\"async\" width=\"1004\" height=\"570\" src=\"https:\/\/www.hotelaultia.com\/wp-content\/uploads\/2020\/03\/PATIO_1.jpg\" class=\"attachment-large size-large\" alt=\"Villa Aultia Hotel &amp; Restaurant - Ault - Baie de Somme\" srcset=\"https:\/\/www.hotelaultia.com\/wp-content\/uploads\/2020\/03\/PATIO_1.jpg 1004w, https:\/\/www.hotelaultia.com\/wp-content\/uploads\/2020\/03\/PATIO_1-300x170.jpg 300w, https:\/\/www.hotelaultia.com\/wp-content\/uploads\/2020\/03\/PATIO_1-768x436.jpg 768w\" sizes=\"auto, (max-width: 1004px) 100vw, 1004px\" \/>\t\t\t\t\t\t\n\t\t\t\t\t<\/div>\n\t\t\t\t\t\t\t\t\n<style scope=\"scope\">\n\n#image_726185709 {\n  width: 100%;\n}\n<\/style>\n\t<\/div>\n\t\n\t<div class=\"img has-hover x md-x lg-x y md-y lg-y\" id=\"image_733471928\">\n\t\t\t\t\t\t\t\t<div class=\"img-inner dark\" >\n\t\t\t<img loading=\"lazy\" decoding=\"async\" width=\"1004\" height=\"570\" src=\"https:\/\/www.hotelaultia.com\/wp-content\/uploads\/2020\/03\/Patio_3.jpg\" class=\"attachment-large size-large\" alt=\"Villa Aultia Hotel &amp; Restaurant - Ault - Baie de Somme\" srcset=\"https:\/\/www.hotelaultia.com\/wp-content\/uploads\/2020\/03\/Patio_3.jpg 1004w, https:\/\/www.hotelaultia.com\/wp-content\/uploads\/2020\/03\/Patio_3-300x170.jpg 300w, https:\/\/www.hotelaultia.com\/wp-content\/uploads\/2020\/03\/Patio_3-768x436.jpg 768w\" sizes=\"auto, (max-width: 1004px) 100vw, 1004px\" \/>\t\t\t\t\t\t\n\t\t\t\t\t<\/div>\n\t\t\t\t\t\t\t\t\n<style scope=\"scope\">\n\n#image_733471928 {\n  width: 100%;\n}\n<\/style>\n\t<\/div>\n\t\n\t<div class=\"img has-hover x md-x lg-x y md-y lg-y\" id=\"image_697426074\">\n\t\t\t\t\t\t\t\t<div class=\"img-inner dark\" >\n\t\t\t<img loading=\"lazy\" decoding=\"async\" width=\"1004\" height=\"570\" src=\"https:\/\/www.hotelaultia.com\/wp-content\/uploads\/2020\/03\/bienvenue.jpg\" class=\"attachment-large size-large\" alt=\"Villa Aultia Hotel &amp; Restaurant - Ault - Baie de Somme\" srcset=\"https:\/\/www.hotelaultia.com\/wp-content\/uploads\/2020\/03\/bienvenue.jpg 1004w, https:\/\/www.hotelaultia.com\/wp-content\/uploads\/2020\/03\/bienvenue-300x170.jpg 300w, https:\/\/www.hotelaultia.com\/wp-content\/uploads\/2020\/03\/bienvenue-768x436.jpg 768w\" sizes=\"auto, (max-width: 1004px) 100vw, 1004px\" \/>\t\t\t\t\t\t\n\t\t\t\t\t<\/div>\n\t\t\t\t\t\t\t\t\n<style scope=\"scope\">\n\n#image_697426074 {\n  width: 100%;\n}\n<\/style>\n\t<\/div>\n\t\n\t<div class=\"img has-hover x md-x lg-x y md-y lg-y\" id=\"image_148926936\">\n\t\t\t\t\t\t\t\t<div class=\"img-inner dark\" >\n\t\t\t<img loading=\"lazy\" decoding=\"async\" width=\"1004\" height=\"570\" src=\"https:\/\/www.hotelaultia.com\/wp-content\/uploads\/2020\/03\/PETIT_DEJEUNER.jpg\" class=\"attachment-large size-large\" alt=\"Villa Aultia Hotel &amp; Restaurant - Ault - Baie de Somme\" srcset=\"https:\/\/www.hotelaultia.com\/wp-content\/uploads\/2020\/03\/PETIT_DEJEUNER.jpg 1004w, https:\/\/www.hotelaultia.com\/wp-content\/uploads\/2020\/03\/PETIT_DEJEUNER-300x170.jpg 300w, https:\/\/www.hotelaultia.com\/wp-content\/uploads\/2020\/03\/PETIT_DEJEUNER-768x436.jpg 768w\" sizes=\"auto, (max-width: 1004px) 100vw, 1004px\" \/>\t\t\t\t\t\t\n\t\t\t\t\t<\/div>\n\t\t\t\t\t\t\t\t\n<style scope=\"scope\">\n\n#image_148926936 {\n  width: 100%;\n}\n<\/style>\n\t<\/div>\n\t\n\t<div class=\"img has-hover x md-x lg-x y md-y lg-y\" id=\"image_509793233\">\n\t\t\t\t\t\t\t\t<div class=\"img-inner dark\" >\n\t\t\t<img loading=\"lazy\" decoding=\"async\" width=\"1004\" height=\"570\" src=\"https:\/\/www.hotelaultia.com\/wp-content\/uploads\/2020\/03\/pdj.jpg\" class=\"attachment-large size-large\" alt=\"Villa Aultia Hotel &amp; Restaurant - Ault - Baie de Somme\" srcset=\"https:\/\/www.hotelaultia.com\/wp-content\/uploads\/2020\/03\/pdj.jpg 1004w, https:\/\/www.hotelaultia.com\/wp-content\/uploads\/2020\/03\/pdj-300x170.jpg 300w, https:\/\/www.hotelaultia.com\/wp-content\/uploads\/2020\/03\/pdj-768x436.jpg 768w\" sizes=\"auto, (max-width: 1004px) 100vw, 1004px\" \/>\t\t\t\t\t\t\n\t\t\t\t\t<\/div>\n\t\t\t\t\t\t\t\t\n<style scope=\"scope\">\n\n#image_509793233 {\n  width: 100%;\n}\n<\/style>\n\t<\/div>\n\t\n     <\/div>\n\n     <div class=\"loading-spin dark large centered\"><\/div>\n\n     <style scope=\"scope\">\n             <\/style>\n<\/div>\n\n\n\t\t<\/div>\n\t<\/div>\n\n\t\n<\/div>\n<div class=\"row\"  id=\"row-692694102\">\n\n\t<div class=\"col small-12 large-12\"  >\n\t\t<div class=\"col-inner\"  >\n\t\t\t\n\t\t\t\n<h2>THE HOTEL VILLA AULTIA<\/h2>\n<p>Fully renovated by Jean-Fran\u00e7ois-Emmanuel and Nicolas-Salvatore MORGILLO, this 3-star boutique hotel is located at the southern entrance to the &#8220;Grands Sites de France &#8211; Baie de Somme&#8221; label. At the heart of an authentic seaside village with a deep &#8220;Belle Epoque&#8221; identity, awarded the European Blue Flag, come and recharge in an exceptional setting facing the cliffs of the Alabaster Coast.<\/p>\n<p>Enjoy <a href=\"https:\/\/www.hotelaultia.com\/en\/rooms-hotel-villa-aultia\/\" style=\"color:#c9a96e;\">14 rooms and suites<\/a> decorated with care, blending Golden Age elegance with Belle Epoque spirit, all equipped with balneotherapy bathrooms for a stay devoted to well-being. Each room pays tribute to an illustrious figure who shaped the history of this historic seaside resort.<\/p>\n<div style=\"display:flex; flex-wrap:wrap; gap:40px; margin-top:20px;\">\n<div style=\"flex:1; min-width:220px;\">\n<h3>INTERNET<\/h3>\n<p>Free wifi at the reception<\/p>\n<h3>SERVICES<\/h3>\n<p>Individual safe in the rooms, photocopy and fax service, luggage storage, patio and terraces.<\/p>\n<h3>PETS<\/h3>\n<p>Pets are not allowed in our establishment.<\/p>\n<\/p>\n<\/div>\n<div style=\"flex:1; min-width:220px; background-color:rgba(255,255,255,0.06); padding:20px;\">\n<h3>PRACTICAL INFORMATION<\/h3>\n<ul>\n<li>Check-in from 4:00 pm &#8211; check-out until 11:00 am<\/li>\n<li>Reception closed from 1:00 pm to 4:00 pm<\/li>\n<li>Closed on Sunday evening and Monday (except public holidays and high season)<\/li>\n<li>The credit card used for the reservation will be required upon arrival<\/li>\n<li>Hotel not air-conditioned<\/li>\n<li>Hotel without elevator<\/li>\n<li>Hotel not suitable for PRM<\/li>\n<li>Free unsupervised parking<\/li>\n<li>No bike storage<\/li>\n<\/ul>\n<\/div>\n<\/div>\n\t\t<\/div>\n\t<\/div>\n\n\t\n<\/div>\n","protected":false},"excerpt":{"rendered":"","protected":false},"author":1,"featured_media":0,"parent":0,"menu_order":0,"comment_status":"closed","ping_status":"open","template":"","meta":{"footnotes":""},"class_list":["post-498","page","type-page","status-publish","hentry"],"yoast_head":"<!-- This site is optimized with the Yoast SEO plugin v27.1.1 - https:\/\/yoast.com\/product\/yoast-seo-wordpress\/ -->\n<title>Villa Aultia Hotel &amp; Resort - Boutique Hotel - Restaurant - Lounge Bar - Spa<\/title>\n<meta name=\"description\" content=\"Villa Aultia Hotel, Boutique Hotel, restaurant, lounge bar et spa situ\u00e9 entre la Normandie, Eu-Tr\u00e9port et la Baie de Somme. 80460 Ault Onival - Station baln\u00e9aire\" \/>\n<meta name=\"robots\" content=\"index, follow, max-snippet:-1, max-image-preview:large, max-video-preview:-1\" \/>\n<link rel=\"canonical\" href=\"https:\/\/www.hotelaultia.com\/en\/villa-aultia\/\" \/>\n<meta property=\"og:locale\" content=\"en_US\" \/>\n<meta property=\"og:type\" content=\"article\" \/>\n<meta property=\"og:title\" content=\"Villa Aultia Hotel &amp; Resort - Boutique Hotel - Restaurant - Lounge Bar - Spa\" \/>\n<meta property=\"og:description\" content=\"Villa Aultia Hotel, Boutique Hotel, restaurant, lounge bar et spa situ\u00e9 entre la Normandie, Eu-Tr\u00e9port et la Baie de Somme. 80460 Ault Onival - Station baln\u00e9aire\" \/>\n<meta property=\"og:url\" content=\"https:\/\/www.hotelaultia.com\/en\/villa-aultia\/\" \/>\n<meta property=\"og:site_name\" content=\"Villa Aultia\" \/>\n<meta property=\"article:modified_time\" content=\"2026-03-10T23:03:37+00:00\" \/>\n<meta name=\"twitter:card\" content=\"summary_large_image\" \/>\n<meta name=\"twitter:label1\" content=\"Est. reading time\" \/>\n\t<meta name=\"twitter:data1\" content=\"1 minute\" \/>\n<script type=\"application\/ld+json\" class=\"yoast-schema-graph\">{\"@context\":\"https:\/\/schema.org\",\"@graph\":[{\"@type\":\"WebPage\",\"@id\":\"https:\/\/www.hotelaultia.com\/en\/villa-aultia\/\",\"url\":\"https:\/\/www.hotelaultia.com\/en\/villa-aultia\/\",\"name\":\"Villa Aultia Hotel & Resort - Boutique Hotel - Restaurant - Lounge Bar - Spa\",\"isPartOf\":{\"@id\":\"https:\/\/www.hotelaultia.com\/nl\/#website\"},\"datePublished\":\"2020-03-24T09:33:17+00:00\",\"dateModified\":\"2026-03-10T23:03:37+00:00\",\"description\":\"Villa Aultia Hotel, Boutique Hotel, restaurant, lounge bar et spa situ\u00e9 entre la Normandie, Eu-Tr\u00e9port et la Baie de Somme. 80460 Ault Onival - Station baln\u00e9aire\",\"breadcrumb\":{\"@id\":\"https:\/\/www.hotelaultia.com\/en\/villa-aultia\/#breadcrumb\"},\"inLanguage\":\"en-US\",\"potentialAction\":[{\"@type\":\"ReadAction\",\"target\":[\"https:\/\/www.hotelaultia.com\/en\/villa-aultia\/\"]}]},{\"@type\":\"BreadcrumbList\",\"@id\":\"https:\/\/www.hotelaultia.com\/en\/villa-aultia\/#breadcrumb\",\"itemListElement\":[{\"@type\":\"ListItem\",\"position\":1,\"name\":\"Accueil\",\"item\":\"https:\/\/www.hotelaultia.com\/en\/\"},{\"@type\":\"ListItem\",\"position\":2,\"name\":\"Hotel\"}]},{\"@type\":\"WebSite\",\"@id\":\"https:\/\/www.hotelaultia.com\/nl\/#website\",\"url\":\"https:\/\/www.hotelaultia.com\/nl\/\",\"name\":\"Hotel Aultia\",\"description\":\"Hotel &amp; Resort \u00e0 Ault- Boutique Hotel - Lounge Bar - Spa\",\"publisher\":{\"@id\":\"https:\/\/www.hotelaultia.com\/nl\/#organization\"},\"potentialAction\":[{\"@type\":\"SearchAction\",\"target\":{\"@type\":\"EntryPoint\",\"urlTemplate\":\"https:\/\/www.hotelaultia.com\/nl\/?s={search_term_string}\"},\"query-input\":{\"@type\":\"PropertyValueSpecification\",\"valueRequired\":true,\"valueName\":\"search_term_string\"}}],\"inLanguage\":\"en-US\"},{\"@type\":\"Organization\",\"@id\":\"https:\/\/www.hotelaultia.com\/nl\/#organization\",\"name\":\"Hotel Aultia\",\"url\":\"https:\/\/www.hotelaultia.com\/nl\/\",\"logo\":{\"@type\":\"ImageObject\",\"inLanguage\":\"en-US\",\"@id\":\"https:\/\/www.hotelaultia.com\/nl\/#\/schema\/logo\/image\/\",\"url\":\"https:\/\/www.hotelaultia.com\/wp-content\/uploads\/2020\/03\/logo.png\",\"contentUrl\":\"https:\/\/www.hotelaultia.com\/wp-content\/uploads\/2020\/03\/logo.png\",\"width\":149,\"height\":80,\"caption\":\"Hotel Aultia\"},\"image\":{\"@id\":\"https:\/\/www.hotelaultia.com\/nl\/#\/schema\/logo\/image\/\"}}]}<\/script>\n<!-- \/ Yoast SEO plugin. -->","yoast_head_json":{"title":"Villa Aultia Hotel & Resort - Boutique Hotel - Restaurant - Lounge Bar - Spa","description":"Villa Aultia Hotel, Boutique Hotel, restaurant, lounge bar et spa situ\u00e9 entre la Normandie, Eu-Tr\u00e9port et la Baie de Somme. 80460 Ault Onival - Station baln\u00e9aire","robots":{"index":"index","follow":"follow","max-snippet":"max-snippet:-1","max-image-preview":"max-image-preview:large","max-video-preview":"max-video-preview:-1"},"canonical":"https:\/\/www.hotelaultia.com\/en\/villa-aultia\/","og_locale":"en_US","og_type":"article","og_title":"Villa Aultia Hotel & Resort - Boutique Hotel - Restaurant - Lounge Bar - Spa","og_description":"Villa Aultia Hotel, Boutique Hotel, restaurant, lounge bar et spa situ\u00e9 entre la Normandie, Eu-Tr\u00e9port et la Baie de Somme. 80460 Ault Onival - Station baln\u00e9aire","og_url":"https:\/\/www.hotelaultia.com\/en\/villa-aultia\/","og_site_name":"Villa Aultia","article_modified_time":"2026-03-10T23:03:37+00:00","twitter_card":"summary_large_image","twitter_misc":{"Est. reading time":"1 minute"},"schema":{"@context":"https:\/\/schema.org","@graph":[{"@type":"WebPage","@id":"https:\/\/www.hotelaultia.com\/en\/villa-aultia\/","url":"https:\/\/www.hotelaultia.com\/en\/villa-aultia\/","name":"Villa Aultia Hotel & Resort - Boutique Hotel - Restaurant - Lounge Bar - Spa","isPartOf":{"@id":"https:\/\/www.hotelaultia.com\/nl\/#website"},"datePublished":"2020-03-24T09:33:17+00:00","dateModified":"2026-03-10T23:03:37+00:00","description":"Villa Aultia Hotel, Boutique Hotel, restaurant, lounge bar et spa situ\u00e9 entre la Normandie, Eu-Tr\u00e9port et la Baie de Somme. 80460 Ault Onival - Station baln\u00e9aire","breadcrumb":{"@id":"https:\/\/www.hotelaultia.com\/en\/villa-aultia\/#breadcrumb"},"inLanguage":"en-US","potentialAction":[{"@type":"ReadAction","target":["https:\/\/www.hotelaultia.com\/en\/villa-aultia\/"]}]},{"@type":"BreadcrumbList","@id":"https:\/\/www.hotelaultia.com\/en\/villa-aultia\/#breadcrumb","itemListElement":[{"@type":"ListItem","position":1,"name":"Accueil","item":"https:\/\/www.hotelaultia.com\/en\/"},{"@type":"ListItem","position":2,"name":"Hotel"}]},{"@type":"WebSite","@id":"https:\/\/www.hotelaultia.com\/nl\/#website","url":"https:\/\/www.hotelaultia.com\/nl\/","name":"Hotel Aultia","description":"Hotel &amp; Resort \u00e0 Ault- Boutique Hotel - Lounge Bar - Spa","publisher":{"@id":"https:\/\/www.hotelaultia.com\/nl\/#organization"},"potentialAction":[{"@type":"SearchAction","target":{"@type":"EntryPoint","urlTemplate":"https:\/\/www.hotelaultia.com\/nl\/?s={search_term_string}"},"query-input":{"@type":"PropertyValueSpecification","valueRequired":true,"valueName":"search_term_string"}}],"inLanguage":"en-US"},{"@type":"Organization","@id":"https:\/\/www.hotelaultia.com\/nl\/#organization","name":"Hotel Aultia","url":"https:\/\/www.hotelaultia.com\/nl\/","logo":{"@type":"ImageObject","inLanguage":"en-US","@id":"https:\/\/www.hotelaultia.com\/nl\/#\/schema\/logo\/image\/","url":"https:\/\/www.hotelaultia.com\/wp-content\/uploads\/2020\/03\/logo.png","contentUrl":"https:\/\/www.hotelaultia.com\/wp-content\/uploads\/2020\/03\/logo.png","width":149,"height":80,"caption":"Hotel Aultia"},"image":{"@id":"https:\/\/www.hotelaultia.com\/nl\/#\/schema\/logo\/image\/"}}]}},"_links":{"self":[{"href":"https:\/\/www.hotelaultia.com\/en\/wp-json\/wp\/v2\/pages\/498","targetHints":{"allow":["GET"]}}],"collection":[{"href":"https:\/\/www.hotelaultia.com\/en\/wp-json\/wp\/v2\/pages"}],"about":[{"href":"https:\/\/www.hotelaultia.com\/en\/wp-json\/wp\/v2\/types\/page"}],"author":[{"embeddable":true,"href":"https:\/\/www.hotelaultia.com\/en\/wp-json\/wp\/v2\/users\/1"}],"replies":[{"embeddable":true,"href":"https:\/\/www.hotelaultia.com\/en\/wp-json\/wp\/v2\/comments?post=498"}],"version-history":[{"count":11,"href":"https:\/\/www.hotelaultia.com\/en\/wp-json\/wp\/v2\/pages\/498\/revisions"}],"predecessor-version":[{"id":1107,"href":"https:\/\/www.hotelaultia.com\/en\/wp-json\/wp\/v2\/pages\/498\/revisions\/1107"}],"wp:attachment":[{"href":"https:\/\/www.hotelaultia.com\/en\/wp-json\/wp\/v2\/media?parent=498"}],"curies":[{"name":"wp","href":"https:\/\/api.w.org\/{rel}","templated":true}]}}