{"id":495,"date":"2020-03-20T10:23:03","date_gmt":"2020-03-20T09:23:03","guid":{"rendered":"https:\/\/www.hotelaultia.com\/new\/page-d-exemple\/"},"modified":"2026-03-11T00:04:05","modified_gmt":"2026-03-10T23:04:05","slug":"page-d-exemple","status":"publish","type":"page","link":"https:\/\/www.hotelaultia.com\/en\/","title":{"rendered":"home"},"content":{"rendered":"<div class=\"row\"  id=\"row-1744408333\">\n\n\t<div class=\"col small-12 large-12\"  >\n\t\t<div class=\"col-inner\"  >\n\t\t\t\n\t\t\t\n<div class=\"slider-wrapper relative slider-home\" id=\"slider-349467761\" style=\"background-color:rgb(255,255,255);\">\n    <div class=\"slider slider-type-fade slider-nav-circle slider-nav-large slider-nav-light slider-style-normal\"\n        data-flickity-options='{\n            \"cellAlign\": \"center\",\n            \"imagesLoaded\": true,\n            \"lazyLoad\": 1,\n            \"freeScroll\": false,\n            \"wrapAround\": true,\n            \"autoPlay\": 4000,\n            \"pauseAutoPlayOnHover\" : true,\n            \"prevNextButtons\": true,\n            \"contain\" : true,\n            \"adaptiveHeight\" : true,\n            \"dragThreshold\" : 10,\n            \"percentPosition\": true,\n            \"pageDots\": false,\n            \"rightToLeft\": false,\n            \"draggable\": true,\n            \"selectedAttraction\": 0.1,\n            \"parallax\" : 0,\n            \"friction\": 0.6        }'\n        >\n        \n\t<div class=\"img has-hover x md-x lg-x y md-y lg-y\" id=\"image_1377845559\">\n\t\t\t\t\t\t\t\t<div class=\"img-inner dark\" >\n\t\t\t<img loading=\"lazy\" decoding=\"async\" width=\"1004\" height=\"570\" src=\"https:\/\/www.hotelaultia.com\/wp-content\/uploads\/2020\/03\/AULT.jpg\" class=\"attachment-large size-large\" alt=\"Villa Aultia Hotel &amp; Restaurant - Ault - Baie de Somme\" srcset=\"https:\/\/www.hotelaultia.com\/wp-content\/uploads\/2020\/03\/AULT.jpg 1004w, https:\/\/www.hotelaultia.com\/wp-content\/uploads\/2020\/03\/AULT-300x170.jpg 300w, https:\/\/www.hotelaultia.com\/wp-content\/uploads\/2020\/03\/AULT-768x436.jpg 768w\" sizes=\"auto, (max-width: 1004px) 100vw, 1004px\" \/>\t\t\t\t\t\t\n\t\t\t\t\t<\/div>\n\t\t\t\t\t\t\t\t\n<style scope=\"scope\">\n\n#image_1377845559 {\n  width: 100%;\n}\n<\/style>\n\t<\/div>\n\t\n\t<div class=\"img has-hover x md-x lg-x y md-y lg-y\" id=\"image_267041089\">\n\t\t\t\t\t\t\t\t<div class=\"img-inner dark\" >\n\t\t\t<img loading=\"lazy\" decoding=\"async\" width=\"1004\" height=\"570\" src=\"https:\/\/www.hotelaultia.com\/wp-content\/uploads\/2020\/03\/AULT_Panoramique.jpg\" class=\"attachment-large size-large\" alt=\"Villa Aultia Hotel &amp; Restaurant - Ault - Baie de Somme\" srcset=\"https:\/\/www.hotelaultia.com\/wp-content\/uploads\/2020\/03\/AULT_Panoramique.jpg 1004w, https:\/\/www.hotelaultia.com\/wp-content\/uploads\/2020\/03\/AULT_Panoramique-300x170.jpg 300w, https:\/\/www.hotelaultia.com\/wp-content\/uploads\/2020\/03\/AULT_Panoramique-768x436.jpg 768w\" sizes=\"auto, (max-width: 1004px) 100vw, 1004px\" \/>\t\t\t\t\t\t\n\t\t\t\t\t<\/div>\n\t\t\t\t\t\t\t\t\n<style scope=\"scope\">\n\n#image_267041089 {\n  width: 100%;\n}\n<\/style>\n\t<\/div>\n\t\n\t<div class=\"img has-hover x md-x lg-x y md-y lg-y\" id=\"image_68688925\">\n\t\t\t\t\t\t\t\t<div class=\"img-inner dark\" >\n\t\t\t<img loading=\"lazy\" decoding=\"async\" width=\"1004\" height=\"570\" src=\"https:\/\/www.hotelaultia.com\/wp-content\/uploads\/2020\/03\/Falaise_Ault_1.jpg\" class=\"attachment-large size-large\" alt=\"Villa Aultia Hotel &amp; Restaurant - Ault - Baie de Somme\" srcset=\"https:\/\/www.hotelaultia.com\/wp-content\/uploads\/2020\/03\/Falaise_Ault_1.jpg 1004w, https:\/\/www.hotelaultia.com\/wp-content\/uploads\/2020\/03\/Falaise_Ault_1-300x170.jpg 300w, https:\/\/www.hotelaultia.com\/wp-content\/uploads\/2020\/03\/Falaise_Ault_1-768x436.jpg 768w\" sizes=\"auto, (max-width: 1004px) 100vw, 1004px\" \/>\t\t\t\t\t\t\n\t\t\t\t\t<\/div>\n\t\t\t\t\t\t\t\t\n<style scope=\"scope\">\n\n#image_68688925 {\n  width: 100%;\n}\n<\/style>\n\t<\/div>\n\t\n\t<div class=\"img has-hover x md-x lg-x y md-y lg-y\" id=\"image_813302270\">\n\t\t\t\t\t\t\t\t<div class=\"img-inner dark\" >\n\t\t\t<img loading=\"lazy\" decoding=\"async\" width=\"1004\" height=\"570\" src=\"https:\/\/www.hotelaultia.com\/wp-content\/uploads\/2020\/03\/Falaise_Ault_2.jpg\" class=\"attachment-large size-large\" alt=\"Villa Aultia Hotel &amp; Restaurant - Ault - Baie de Somme\" srcset=\"https:\/\/www.hotelaultia.com\/wp-content\/uploads\/2020\/03\/Falaise_Ault_2.jpg 1004w, https:\/\/www.hotelaultia.com\/wp-content\/uploads\/2020\/03\/Falaise_Ault_2-300x170.jpg 300w, https:\/\/www.hotelaultia.com\/wp-content\/uploads\/2020\/03\/Falaise_Ault_2-768x436.jpg 768w\" sizes=\"auto, (max-width: 1004px) 100vw, 1004px\" \/>\t\t\t\t\t\t\n\t\t\t\t\t<\/div>\n\t\t\t\t\t\t\t\t\n<style scope=\"scope\">\n\n#image_813302270 {\n  width: 100%;\n}\n<\/style>\n\t<\/div>\n\t\n\t<div class=\"img has-hover x md-x lg-x y md-y lg-y\" id=\"image_2002892884\">\n\t\t\t\t\t\t\t\t<div class=\"img-inner dark\" >\n\t\t\t<img loading=\"lazy\" decoding=\"async\" width=\"1004\" height=\"570\" src=\"https:\/\/www.hotelaultia.com\/wp-content\/uploads\/2020\/03\/Plage_Ault_2.jpg\" class=\"attachment-large size-large\" alt=\"Villa Aultia Hotel &amp; Restaurant - Ault - Baie de Somme\" srcset=\"https:\/\/www.hotelaultia.com\/wp-content\/uploads\/2020\/03\/Plage_Ault_2.jpg 1004w, https:\/\/www.hotelaultia.com\/wp-content\/uploads\/2020\/03\/Plage_Ault_2-300x170.jpg 300w, https:\/\/www.hotelaultia.com\/wp-content\/uploads\/2020\/03\/Plage_Ault_2-768x436.jpg 768w\" sizes=\"auto, (max-width: 1004px) 100vw, 1004px\" \/>\t\t\t\t\t\t\n\t\t\t\t\t<\/div>\n\t\t\t\t\t\t\t\t\n<style scope=\"scope\">\n\n#image_2002892884 {\n  width: 100%;\n}\n<\/style>\n\t<\/div>\n\t\n\t<div class=\"img has-hover x md-x lg-x y md-y lg-y\" id=\"image_2046061637\">\n\t\t\t\t\t\t\t\t<div class=\"img-inner dark\" >\n\t\t\t<img loading=\"lazy\" decoding=\"async\" width=\"1004\" height=\"570\" src=\"https:\/\/www.hotelaultia.com\/wp-content\/uploads\/2020\/03\/RECEPTION_01.jpg\" class=\"attachment-large size-large\" alt=\"Villa Aultia Hotel &amp; Restaurant - Ault - Baie de Somme\" srcset=\"https:\/\/www.hotelaultia.com\/wp-content\/uploads\/2020\/03\/RECEPTION_01.jpg 1004w, https:\/\/www.hotelaultia.com\/wp-content\/uploads\/2020\/03\/RECEPTION_01-300x170.jpg 300w, https:\/\/www.hotelaultia.com\/wp-content\/uploads\/2020\/03\/RECEPTION_01-768x436.jpg 768w\" sizes=\"auto, (max-width: 1004px) 100vw, 1004px\" \/>\t\t\t\t\t\t\n\t\t\t\t\t<\/div>\n\t\t\t\t\t\t\t\t\n<style scope=\"scope\">\n\n#image_2046061637 {\n  width: 100%;\n}\n<\/style>\n\t<\/div>\n\t\n\t<div class=\"img has-hover x md-x lg-x y md-y lg-y\" id=\"image_403485450\">\n\t\t\t\t\t\t\t\t<div class=\"img-inner dark\" >\n\t\t\t<img loading=\"lazy\" decoding=\"async\" width=\"1004\" height=\"570\" src=\"https:\/\/www.hotelaultia.com\/wp-content\/uploads\/2020\/03\/1837_1.jpg\" class=\"attachment-large size-large\" alt=\"Villa Aultia Hotel &amp; Restaurant - Ault - Baie de Somme\" srcset=\"https:\/\/www.hotelaultia.com\/wp-content\/uploads\/2020\/03\/1837_1.jpg 1004w, https:\/\/www.hotelaultia.com\/wp-content\/uploads\/2020\/03\/1837_1-300x170.jpg 300w, https:\/\/www.hotelaultia.com\/wp-content\/uploads\/2020\/03\/1837_1-768x436.jpg 768w\" sizes=\"auto, (max-width: 1004px) 100vw, 1004px\" \/>\t\t\t\t\t\t\n\t\t\t\t\t<\/div>\n\t\t\t\t\t\t\t\t\n<style scope=\"scope\">\n\n#image_403485450 {\n  width: 100%;\n}\n<\/style>\n\t<\/div>\n\t\n     <\/div>\n\n     <div class=\"loading-spin dark large centered\"><\/div>\n\n     <style scope=\"scope\">\n             <\/style>\n<\/div>\n\n\n\t\t<\/div>\n\t<\/div>\n\n\t\n<\/div>\n<div class=\"row\"  id=\"row-1202324508\">\n\n\t<div class=\"col medium-4 small-12 large-4\"  >\n\t\t<div class=\"col-inner\"  >\n\t\t\t\n\t\t\t\n<h2>\nLIVE THE SOMME BAY &amp; ITS CLIFFS<\/h2>\n\t<div class=\"img has-hover x md-x lg-x y md-y lg-y\" id=\"image_154965299\">\n\t\t<a class=\"\" href=\"https:\/\/www.hotelaultia.com\/en\/location-villa-aultia-baie-de-somme\/\"  >\t\t\t\t\t\t<div class=\"img-inner image-fade-out dark\" >\n\t\t\t<img loading=\"lazy\" decoding=\"async\" width=\"310\" height=\"180\" src=\"https:\/\/www.hotelaultia.com\/wp-content\/uploads\/2020\/03\/home_Ault.jpg\" class=\"attachment-large size-large\" alt=\"Villa Aultia Hotel &amp; Restaurant - Ault - Baie de Somme\" srcset=\"https:\/\/www.hotelaultia.com\/wp-content\/uploads\/2020\/03\/home_Ault.jpg 310w, https:\/\/www.hotelaultia.com\/wp-content\/uploads\/2020\/03\/home_Ault-300x174.jpg 300w\" sizes=\"auto, (max-width: 310px) 100vw, 310px\" \/>\t\t\t\t\t\t\n\t\t\t\t\t<\/div>\n\t\t\t\t\t\t<\/a>\t\t\n<style scope=\"scope\">\n\n#image_154965299 {\n  width: 100%;\n}\n<\/style>\n\t<\/div>\n\t\n<p>At short distance from several capitals (Paris &#8211; Brussels) &amp; regional cities (Rouen, Amiens, Lille, Bruges \u2026)<\/p>\n<p>This Boutique Hotel, fully renovated by Jean-Fran\u00e7ois-Emmanuel &amp; Nicolas &#8211; Salvatore Morgillo is located at the southern entrance to the label &#8220;Grands Sites de France \u2013 Somme Bay.&#8221;.<br \/>\nIn an authentic seaside village through centuries with a deep identity &#8220;Belle Epoque&#8221;, labeled European Blue Flag. As such, come to enrich you with this timeless tranquility &amp; a gigantic natural landscape, cradle of the Cliffs from the Alabaster Coast.<\/p>\n\t\t<\/div>\n\t<\/div>\n\n\t\n\n\t<div class=\"col medium-4 small-12 large-4\"  >\n\t\t<div class=\"col-inner\"  >\n\t\t\t\n\t\t\t\n<h2>LUXURY ROOMS<\/h2>\n\t<div class=\"img has-hover x md-x lg-x y md-y lg-y\" id=\"image_1525556349\">\n\t\t<a class=\"\" href=\"https:\/\/www.hotelaultia.com\/en\/rooms-hotel-villa-aultia\/\"  >\t\t\t\t\t\t<div class=\"img-inner image-fade-out dark\" >\n\t\t\t<img loading=\"lazy\" decoding=\"async\" width=\"310\" height=\"180\" src=\"https:\/\/www.hotelaultia.com\/wp-content\/uploads\/2020\/03\/home_room.jpg\" class=\"attachment-large size-large\" alt=\"Villa Aultia Hotel &amp; Restaurant - Ault - Baie de Somme\" srcset=\"https:\/\/www.hotelaultia.com\/wp-content\/uploads\/2020\/03\/home_room.jpg 310w, https:\/\/www.hotelaultia.com\/wp-content\/uploads\/2020\/03\/home_room-300x174.jpg 300w\" sizes=\"auto, (max-width: 310px) 100vw, 310px\" \/>\t\t\t\t\t\t\n\t\t\t\t\t<\/div>\n\t\t\t\t\t\t<\/a>\t\t\n<style scope=\"scope\">\n\n#image_1525556349 {\n  width: 100%;\n}\n<\/style>\n\t<\/div>\n\t\n<p>With many views on sea &#8220;Villa Aultia&#8221; enhance your stay &#8220;Passion&#8221; in this boutique hotel.<\/p>\n<p>All our rooms are equipped with flat-screen TVs 32&#8221; LED lighting, sound Dolby Digital Plus, furniture carefully selected or made \u200b\u200bfor each &amp; spacious bathrooms with teak floors &amp; mosaic decorations with the famous brand Grandform balneotherapy (Whirlpool).<\/p>\n\t\t<\/div>\n\t<\/div>\n\n\t\n\n\t<div class=\"col medium-4 small-12 large-4\"  >\n\t\t<div class=\"col-inner\"  >\n\t\t\t\n\t\t\t\n<h2>THE HOTEL<\/h2>\n\t<div class=\"img has-hover x md-x lg-x y md-y lg-y\" id=\"image_1833245000\">\n\t\t<a class=\"\" href=\"https:\/\/www.hotelaultia.com\/en\/villa-aultia\/\"  >\t\t\t\t\t\t<div class=\"img-inner image-fade-out dark\" >\n\t\t\t<img loading=\"lazy\" decoding=\"async\" width=\"310\" height=\"180\" src=\"https:\/\/www.hotelaultia.com\/wp-content\/uploads\/2020\/03\/home_sdb.jpg\" class=\"attachment-large size-large\" alt=\"Villa Aultia Hotel &amp; Restaurant - Ault - Baie de Somme\" srcset=\"https:\/\/www.hotelaultia.com\/wp-content\/uploads\/2020\/03\/home_sdb.jpg 310w, https:\/\/www.hotelaultia.com\/wp-content\/uploads\/2020\/03\/home_sdb-300x174.jpg 300w\" sizes=\"auto, (max-width: 310px) 100vw, 310px\" \/>\t\t\t\t\t\t\n\t\t\t\t\t<\/div>\n\t\t\t\t\t\t<\/a>\t\t\n<style scope=\"scope\">\n\n#image_1833245000 {\n  width: 100%;\n}\n<\/style>\n\t<\/div>\n\t\n<p><strong>Internet<\/strong><br \/>\nFree wifi at the reception.<\/p>\n<p><strong>Services<\/strong><br \/>\nIndividual safe in the rooms, photocopy and fax service, luggage storage, patio and terraces.<\/p>\n<p><strong>Pets<\/strong><br \/>\nPets are not allowed in our establishment.<\/p>\n<p><strong>Other<\/strong><br \/>\nArrival from 4:00 pm \/ departure until 11:00 am.<br \/>\nThe credit card used for the reservation will be required upon arrival.<br \/>\nHotel not air-conditioned.<\/p>\n<p><a href=\"https:\/\/www.hotelaultia.com\/en\/villa-aultia\/\" style=\"color:#c9a96e;\">\u2192 See all practical information<\/a><\/p>\n\t\t<\/div>\n\t<\/div>\n\n\t\n<\/div>\n","protected":false},"excerpt":{"rendered":"","protected":false},"author":1,"featured_media":0,"parent":0,"menu_order":0,"comment_status":"closed","ping_status":"open","template":"","meta":{"footnotes":""},"class_list":["post-495","page","type-page","status-publish","hentry"],"yoast_head":"<!-- This site is optimized with the Yoast SEO plugin v27.1.1 - https:\/\/yoast.com\/product\/yoast-seo-wordpress\/ -->\n<title>Villa Aultia Hotel &amp; Resort **** - hotel baie de somme - Boutique Hotel - Restaurant - Lounge Bar - Spa - Site Officiel<\/title>\n<meta name=\"description\" content=\"A AULT ( Villages pr\u00e9f\u00e9r\u00e9s des Francais) Villa Aultia H\u00f4tel , h\u00f4tel de charme logis d&#039;exception 4 \u00e9toiles (labellis\u00e9 clef verte, qualit\u00e9 tourisme), qui est situ\u00e9 en baie de somme entre St-Valery sur somme &amp; le Tr\u00e9port, entre c\u00f4te d&#039;Opale et c\u00f4te d&#039;Alb\u00e2tre.\" \/>\n<meta name=\"robots\" content=\"index, follow, max-snippet:-1, max-image-preview:large, max-video-preview:-1\" \/>\n<link rel=\"canonical\" href=\"https:\/\/www.hotelaultia.com\/en\/\" \/>\n<meta property=\"og:locale\" content=\"en_US\" \/>\n<meta property=\"og:type\" content=\"article\" \/>\n<meta property=\"og:title\" content=\"Villa Aultia Hotel &amp; Resort **** - hotel baie de somme - Boutique Hotel - Restaurant - Lounge Bar - Spa - Site Officiel\" \/>\n<meta property=\"og:description\" content=\"A AULT ( Villages pr\u00e9f\u00e9r\u00e9s des Francais) Villa Aultia H\u00f4tel , h\u00f4tel de charme logis d&#039;exception 4 \u00e9toiles (labellis\u00e9 clef verte, qualit\u00e9 tourisme), qui est situ\u00e9 en baie de somme entre St-Valery sur somme &amp; le Tr\u00e9port, entre c\u00f4te d&#039;Opale et c\u00f4te d&#039;Alb\u00e2tre.\" \/>\n<meta property=\"og:url\" content=\"https:\/\/www.hotelaultia.com\/en\/\" \/>\n<meta property=\"og:site_name\" content=\"Villa Aultia\" \/>\n<meta property=\"article:modified_time\" content=\"2026-03-10T23:04:05+00:00\" \/>\n<meta name=\"twitter:card\" content=\"summary_large_image\" \/>\n<meta name=\"twitter:label1\" content=\"Est. reading time\" \/>\n\t<meta name=\"twitter:data1\" content=\"2 minutes\" \/>\n<script type=\"application\/ld+json\" class=\"yoast-schema-graph\">{\"@context\":\"https:\/\/schema.org\",\"@graph\":[{\"@type\":\"WebPage\",\"@id\":\"https:\/\/www.hotelaultia.com\/en\/\",\"url\":\"https:\/\/www.hotelaultia.com\/en\/\",\"name\":\"Villa Aultia Hotel & Resort **** - hotel baie de somme - Boutique Hotel - Restaurant - Lounge Bar - Spa - Site Officiel\",\"isPartOf\":{\"@id\":\"https:\/\/www.hotelaultia.com\/nl\/#website\"},\"datePublished\":\"2020-03-20T09:23:03+00:00\",\"dateModified\":\"2026-03-10T23:04:05+00:00\",\"description\":\"A AULT ( Villages pr\u00e9f\u00e9r\u00e9s des Francais) Villa Aultia H\u00f4tel , h\u00f4tel de charme logis d'exception 4 \u00e9toiles (labellis\u00e9 clef verte, qualit\u00e9 tourisme), qui est situ\u00e9 en baie de somme entre St-Valery sur somme & le Tr\u00e9port, entre c\u00f4te d'Opale et c\u00f4te d'Alb\u00e2tre.\",\"breadcrumb\":{\"@id\":\"https:\/\/www.hotelaultia.com\/en\/#breadcrumb\"},\"inLanguage\":\"en-US\",\"potentialAction\":[{\"@type\":\"ReadAction\",\"target\":[\"https:\/\/www.hotelaultia.com\/en\/\"]}]},{\"@type\":\"BreadcrumbList\",\"@id\":\"https:\/\/www.hotelaultia.com\/en\/#breadcrumb\",\"itemListElement\":[{\"@type\":\"ListItem\",\"position\":1,\"name\":\"Accueil\",\"item\":\"https:\/\/www.hotelaultia.com\/en\/\"},{\"@type\":\"ListItem\",\"position\":2,\"name\":\"home\"}]},{\"@type\":\"WebSite\",\"@id\":\"https:\/\/www.hotelaultia.com\/nl\/#website\",\"url\":\"https:\/\/www.hotelaultia.com\/nl\/\",\"name\":\"Hotel Aultia\",\"description\":\"Hotel &amp; Resort \u00e0 Ault- Boutique Hotel - Lounge Bar - Spa\",\"publisher\":{\"@id\":\"https:\/\/www.hotelaultia.com\/nl\/#organization\"},\"potentialAction\":[{\"@type\":\"SearchAction\",\"target\":{\"@type\":\"EntryPoint\",\"urlTemplate\":\"https:\/\/www.hotelaultia.com\/nl\/?s={search_term_string}\"},\"query-input\":{\"@type\":\"PropertyValueSpecification\",\"valueRequired\":true,\"valueName\":\"search_term_string\"}}],\"inLanguage\":\"en-US\"},{\"@type\":\"Organization\",\"@id\":\"https:\/\/www.hotelaultia.com\/nl\/#organization\",\"name\":\"Hotel Aultia\",\"url\":\"https:\/\/www.hotelaultia.com\/nl\/\",\"logo\":{\"@type\":\"ImageObject\",\"inLanguage\":\"en-US\",\"@id\":\"https:\/\/www.hotelaultia.com\/nl\/#\/schema\/logo\/image\/\",\"url\":\"https:\/\/www.hotelaultia.com\/wp-content\/uploads\/2020\/03\/logo.png\",\"contentUrl\":\"https:\/\/www.hotelaultia.com\/wp-content\/uploads\/2020\/03\/logo.png\",\"width\":149,\"height\":80,\"caption\":\"Hotel Aultia\"},\"image\":{\"@id\":\"https:\/\/www.hotelaultia.com\/nl\/#\/schema\/logo\/image\/\"}}]}<\/script>\n<!-- \/ Yoast SEO plugin. -->","yoast_head_json":{"title":"Villa Aultia Hotel & Resort **** - hotel baie de somme - Boutique Hotel - Restaurant - Lounge Bar - Spa - Site Officiel","description":"A AULT ( Villages pr\u00e9f\u00e9r\u00e9s des Francais) Villa Aultia H\u00f4tel , h\u00f4tel de charme logis d'exception 4 \u00e9toiles (labellis\u00e9 clef verte, qualit\u00e9 tourisme), qui est situ\u00e9 en baie de somme entre St-Valery sur somme & le Tr\u00e9port, entre c\u00f4te d'Opale et c\u00f4te d'Alb\u00e2tre.","robots":{"index":"index","follow":"follow","max-snippet":"max-snippet:-1","max-image-preview":"max-image-preview:large","max-video-preview":"max-video-preview:-1"},"canonical":"https:\/\/www.hotelaultia.com\/en\/","og_locale":"en_US","og_type":"article","og_title":"Villa Aultia Hotel & Resort **** - hotel baie de somme - Boutique Hotel - Restaurant - Lounge Bar - Spa - Site Officiel","og_description":"A AULT ( Villages pr\u00e9f\u00e9r\u00e9s des Francais) Villa Aultia H\u00f4tel , h\u00f4tel de charme logis d'exception 4 \u00e9toiles (labellis\u00e9 clef verte, qualit\u00e9 tourisme), qui est situ\u00e9 en baie de somme entre St-Valery sur somme & le Tr\u00e9port, entre c\u00f4te d'Opale et c\u00f4te d'Alb\u00e2tre.","og_url":"https:\/\/www.hotelaultia.com\/en\/","og_site_name":"Villa Aultia","article_modified_time":"2026-03-10T23:04:05+00:00","twitter_card":"summary_large_image","twitter_misc":{"Est. reading time":"2 minutes"},"schema":{"@context":"https:\/\/schema.org","@graph":[{"@type":"WebPage","@id":"https:\/\/www.hotelaultia.com\/en\/","url":"https:\/\/www.hotelaultia.com\/en\/","name":"Villa Aultia Hotel & Resort **** - hotel baie de somme - Boutique Hotel - Restaurant - Lounge Bar - Spa - Site Officiel","isPartOf":{"@id":"https:\/\/www.hotelaultia.com\/nl\/#website"},"datePublished":"2020-03-20T09:23:03+00:00","dateModified":"2026-03-10T23:04:05+00:00","description":"A AULT ( Villages pr\u00e9f\u00e9r\u00e9s des Francais) Villa Aultia H\u00f4tel , h\u00f4tel de charme logis d'exception 4 \u00e9toiles (labellis\u00e9 clef verte, qualit\u00e9 tourisme), qui est situ\u00e9 en baie de somme entre St-Valery sur somme & le Tr\u00e9port, entre c\u00f4te d'Opale et c\u00f4te d'Alb\u00e2tre.","breadcrumb":{"@id":"https:\/\/www.hotelaultia.com\/en\/#breadcrumb"},"inLanguage":"en-US","potentialAction":[{"@type":"ReadAction","target":["https:\/\/www.hotelaultia.com\/en\/"]}]},{"@type":"BreadcrumbList","@id":"https:\/\/www.hotelaultia.com\/en\/#breadcrumb","itemListElement":[{"@type":"ListItem","position":1,"name":"Accueil","item":"https:\/\/www.hotelaultia.com\/en\/"},{"@type":"ListItem","position":2,"name":"home"}]},{"@type":"WebSite","@id":"https:\/\/www.hotelaultia.com\/nl\/#website","url":"https:\/\/www.hotelaultia.com\/nl\/","name":"Hotel Aultia","description":"Hotel &amp; Resort \u00e0 Ault- Boutique Hotel - Lounge Bar - Spa","publisher":{"@id":"https:\/\/www.hotelaultia.com\/nl\/#organization"},"potentialAction":[{"@type":"SearchAction","target":{"@type":"EntryPoint","urlTemplate":"https:\/\/www.hotelaultia.com\/nl\/?s={search_term_string}"},"query-input":{"@type":"PropertyValueSpecification","valueRequired":true,"valueName":"search_term_string"}}],"inLanguage":"en-US"},{"@type":"Organization","@id":"https:\/\/www.hotelaultia.com\/nl\/#organization","name":"Hotel Aultia","url":"https:\/\/www.hotelaultia.com\/nl\/","logo":{"@type":"ImageObject","inLanguage":"en-US","@id":"https:\/\/www.hotelaultia.com\/nl\/#\/schema\/logo\/image\/","url":"https:\/\/www.hotelaultia.com\/wp-content\/uploads\/2020\/03\/logo.png","contentUrl":"https:\/\/www.hotelaultia.com\/wp-content\/uploads\/2020\/03\/logo.png","width":149,"height":80,"caption":"Hotel Aultia"},"image":{"@id":"https:\/\/www.hotelaultia.com\/nl\/#\/schema\/logo\/image\/"}}]}},"_links":{"self":[{"href":"https:\/\/www.hotelaultia.com\/en\/wp-json\/wp\/v2\/pages\/495","targetHints":{"allow":["GET"]}}],"collection":[{"href":"https:\/\/www.hotelaultia.com\/en\/wp-json\/wp\/v2\/pages"}],"about":[{"href":"https:\/\/www.hotelaultia.com\/en\/wp-json\/wp\/v2\/types\/page"}],"author":[{"embeddable":true,"href":"https:\/\/www.hotelaultia.com\/en\/wp-json\/wp\/v2\/users\/1"}],"replies":[{"embeddable":true,"href":"https:\/\/www.hotelaultia.com\/en\/wp-json\/wp\/v2\/comments?post=495"}],"version-history":[{"count":14,"href":"https:\/\/www.hotelaultia.com\/en\/wp-json\/wp\/v2\/pages\/495\/revisions"}],"predecessor-version":[{"id":1108,"href":"https:\/\/www.hotelaultia.com\/en\/wp-json\/wp\/v2\/pages\/495\/revisions\/1108"}],"wp:attachment":[{"href":"https:\/\/www.hotelaultia.com\/en\/wp-json\/wp\/v2\/media?parent=495"}],"curies":[{"name":"wp","href":"https:\/\/api.w.org\/{rel}","templated":true}]}}