{"id":489,"date":"2020-03-24T14:11:22","date_gmt":"2020-03-24T13:11:22","guid":{"rendered":"https:\/\/www.hotelaultia.com\/new\/chambres-villa-aultia\/"},"modified":"2023-02-10T10:08:30","modified_gmt":"2023-02-10T09:08:30","slug":"rooms-hotel-villa-aultia","status":"publish","type":"page","link":"https:\/\/www.hotelaultia.com\/en\/rooms-hotel-villa-aultia\/","title":{"rendered":"Rooms"},"content":{"rendered":"\n<div class=\"row\"  id=\"row-1012793003\">\n\n\n\t<div class=\"col medium-6 small-12 large-6\"  >\n\t\t<div class=\"col-inner\"  >\n\t\t\t\n\t\t\t\n\n<h2>&#8220;CONFORT&#8221; ROOM<\/h2>\n\t<div class=\"img has-hover x md-x lg-x y md-y lg-y\" id=\"image_2033945460\">\n\t\t<a class=\"\" href=\"https:\/\/www.hotelaultia.com\/en\/comfort-room-villa-aultia\/\"  >\t\t\t\t\t\t<div class=\"img-inner image-fade-out dark\" >\n\t\t\t<img loading=\"lazy\" decoding=\"async\" width=\"1004\" height=\"570\" src=\"https:\/\/www.hotelaultia.com\/wp-content\/uploads\/2020\/03\/confort_Frantisek_TAVIK_SIMON.jpg\" class=\"attachment-large size-large\" alt=\"Chambre confort villa aultia\" srcset=\"https:\/\/www.hotelaultia.com\/wp-content\/uploads\/2020\/03\/confort_Frantisek_TAVIK_SIMON.jpg 1004w, https:\/\/www.hotelaultia.com\/wp-content\/uploads\/2020\/03\/confort_Frantisek_TAVIK_SIMON-300x170.jpg 300w, https:\/\/www.hotelaultia.com\/wp-content\/uploads\/2020\/03\/confort_Frantisek_TAVIK_SIMON-768x436.jpg 768w\" sizes=\"auto, (max-width: 1004px) 100vw, 1004px\" \/>\t\t\t\t\t\t\n\t\t\t\t\t<\/div>\n\t\t\t\t\t\t<\/a>\t\t\n<style scope=\"scope\">\n\n#image_2033945460 {\n  width: 100%;\n}\n<\/style>\n\t<\/div>\n\t\n\n\n\t\t<\/div>\n\t<\/div>\n\n\t\n\n\t<div class=\"col medium-6 small-12 large-6\"  >\n\t\t<div class=\"col-inner\"  >\n\t\t\t\n\t\t\t\n\n<h2>&#8220;EXCELLENCE&#8221; ROOM<\/h2>\n\t<div class=\"img has-hover x md-x lg-x y md-y lg-y\" id=\"image_417358992\">\n\t\t<a class=\"\" href=\"https:\/\/www.hotelaultia.com\/en\/excellence-room-villa-aultia\/\"  >\t\t\t\t\t\t<div class=\"img-inner image-fade-out dark\" >\n\t\t\t<img loading=\"lazy\" decoding=\"async\" width=\"1004\" height=\"570\" src=\"https:\/\/www.hotelaultia.com\/wp-content\/uploads\/2020\/03\/Excellence_Leon_COGNIET.jpg\" class=\"attachment-large size-large\" alt=\"Chambre excellence villa aultia\" srcset=\"https:\/\/www.hotelaultia.com\/wp-content\/uploads\/2020\/03\/Excellence_Leon_COGNIET.jpg 1004w, https:\/\/www.hotelaultia.com\/wp-content\/uploads\/2020\/03\/Excellence_Leon_COGNIET-300x170.jpg 300w, https:\/\/www.hotelaultia.com\/wp-content\/uploads\/2020\/03\/Excellence_Leon_COGNIET-768x436.jpg 768w\" sizes=\"auto, (max-width: 1004px) 100vw, 1004px\" \/>\t\t\t\t\t\t\n\t\t\t\t\t<\/div>\n\t\t\t\t\t\t<\/a>\t\t\n<style scope=\"scope\">\n\n#image_417358992 {\n  width: 100%;\n}\n<\/style>\n\t<\/div>\n\t\n\n\n\t\t<\/div>\n\t<\/div>\n\n\t\n\n\n<style scope=\"scope\">\n\n#row-1012793003 > .col > .col-inner {\n  padding: 30px 0px 0px 0px;\n}\n<\/style>\n<\/div>\n<div class=\"row\"  id=\"row-897002656\">\n\n\n\t<div class=\"col medium-6 small-12 large-6\"  >\n\t\t<div class=\"col-inner\"  >\n\t\t\t\n\t\t\t\n\n<h2>JUNIOR SUITE<\/h2>\n\t<div class=\"img has-hover x md-x lg-x y md-y lg-y\" id=\"image_682286110\">\n\t\t<a class=\"\" href=\"https:\/\/www.hotelaultia.com\/en\/junior-suite-villa-aultia\/\"  >\t\t\t\t\t\t<div class=\"img-inner image-fade-out dark\" >\n\t\t\t<img loading=\"lazy\" decoding=\"async\" width=\"1004\" height=\"570\" src=\"https:\/\/www.hotelaultia.com\/wp-content\/uploads\/2020\/03\/Suite_Junior_Jane_ATCHE.jpg\" class=\"attachment-large size-large\" alt=\"Junior suite villa aultia\" srcset=\"https:\/\/www.hotelaultia.com\/wp-content\/uploads\/2020\/03\/Suite_Junior_Jane_ATCHE.jpg 1004w, https:\/\/www.hotelaultia.com\/wp-content\/uploads\/2020\/03\/Suite_Junior_Jane_ATCHE-300x170.jpg 300w, https:\/\/www.hotelaultia.com\/wp-content\/uploads\/2020\/03\/Suite_Junior_Jane_ATCHE-768x436.jpg 768w\" sizes=\"auto, (max-width: 1004px) 100vw, 1004px\" \/>\t\t\t\t\t\t\n\t\t\t\t\t<\/div>\n\t\t\t\t\t\t<\/a>\t\t\n<style scope=\"scope\">\n\n#image_682286110 {\n  width: 100%;\n}\n<\/style>\n\t<\/div>\n\t\n\n\n\t\t<\/div>\n\t<\/div>\n\n\t\n\n\t<div class=\"col medium-6 small-12 large-6\"  >\n\t\t<div class=\"col-inner\"  >\n\t\t\t\n\t\t\t\n\n<h2>SUITE LOUIS PHILIPPE<\/h2>\n\t<div class=\"img has-hover x md-x lg-x y md-y lg-y\" id=\"image_1274051200\">\n\t\t<a class=\"\" href=\"https:\/\/www.hotelaultia.com\/en\/suite-villa-aultia\/\"  >\t\t\t\t\t\t<div class=\"img-inner image-fade-out dark\" >\n\t\t\t<img loading=\"lazy\" decoding=\"async\" width=\"1004\" height=\"570\" src=\"https:\/\/www.hotelaultia.com\/wp-content\/uploads\/2020\/03\/suite_Royale_Louis_Philippe.jpg\" class=\"attachment-large size-large\" alt=\"Suite Villa Aultia\" srcset=\"https:\/\/www.hotelaultia.com\/wp-content\/uploads\/2020\/03\/suite_Royale_Louis_Philippe.jpg 1004w, https:\/\/www.hotelaultia.com\/wp-content\/uploads\/2020\/03\/suite_Royale_Louis_Philippe-300x170.jpg 300w, https:\/\/www.hotelaultia.com\/wp-content\/uploads\/2020\/03\/suite_Royale_Louis_Philippe-768x436.jpg 768w\" sizes=\"auto, (max-width: 1004px) 100vw, 1004px\" \/>\t\t\t\t\t\t\n\t\t\t\t\t<\/div>\n\t\t\t\t\t\t<\/a>\t\t\n<style scope=\"scope\">\n\n#image_1274051200 {\n  width: 100%;\n}\n<\/style>\n\t<\/div>\n\t\n\n\n\t\t<\/div>\n\t<\/div>\n\n\t\n\n\n<style scope=\"scope\">\n\n#row-897002656 > .col > .col-inner {\n  padding: 30px 0px 0px 0px;\n}\n<\/style>\n<\/div>\n<div class=\"row align-center\"  id=\"row-2145288421\">\n\n\n\t<div class=\"col medium-6 small-12 large-6\"  >\n\t\t<div class=\"col-inner\"  >\n\t\t\t\n\t\t\t\n\n<h2>SUITE 2ND FLOOR<\/h2>\n\t<div class=\"img has-hover x md-x lg-x y md-y lg-y\" id=\"image_1142809\">\n\t\t<a class=\"\" href=\"https:\/\/www.hotelaultia.com\/en\/suite-2nd-floor\/\"  >\t\t\t\t\t\t<div class=\"img-inner image-fade-out dark\" >\n\t\t\t<img loading=\"lazy\" decoding=\"async\" width=\"1004\" height=\"570\" src=\"https:\/\/www.hotelaultia.com\/wp-content\/uploads\/2023\/02\/suite-art-nouveau.jpg\" class=\"attachment-large size-large\" alt=\"Suite Art nouveau 2 \u00e8me \u00e9tage\" srcset=\"https:\/\/www.hotelaultia.com\/wp-content\/uploads\/2023\/02\/suite-art-nouveau.jpg 1004w, https:\/\/www.hotelaultia.com\/wp-content\/uploads\/2023\/02\/suite-art-nouveau-300x170.jpg 300w, https:\/\/www.hotelaultia.com\/wp-content\/uploads\/2023\/02\/suite-art-nouveau-768x436.jpg 768w\" sizes=\"auto, (max-width: 1004px) 100vw, 1004px\" \/>\t\t\t\t\t\t\n\t\t\t\t\t<\/div>\n\t\t\t\t\t\t<\/a>\t\t\n<style scope=\"scope\">\n\n#image_1142809 {\n  width: 100%;\n}\n<\/style>\n\t<\/div>\n\t\n\n\n\t\t<\/div>\n\t<\/div>\n\n\t\n\n\n<style scope=\"scope\">\n\n#row-2145288421 > .col > .col-inner {\n  padding: 30px 0px 0px 0px;\n}\n<\/style>\n<\/div>\n<div class=\"row\"  id=\"row-564277866\">\n\n\n\t<div class=\"col small-12 large-12\"  >\n\t\t<div class=\"col-inner\"  >\n\t\t\t\n\t\t\t\n\n<h2>LUXURY ROOMS<\/h2>\n<p>With many views on sea &#8220;Villa Aultia&#8221; enhance your stay &#8220;Passion&#8221; in this boutique hotel. All our rooms are equipped with flat-screen TVs 32&#8221; LED lighting, sound Dolby Digital Plus, furniture carefully selected or made \u200b\u200bfor each &#038; beautiful bathrooms with the famous brand Grandform balneotherapy (Whirlpool).<\/p>\n\n\t\t<\/div>\n\t<\/div>\n\n\t\n\n<\/div>\n\n","protected":false},"excerpt":{"rendered":"","protected":false},"author":1,"featured_media":0,"parent":0,"menu_order":0,"comment_status":"closed","ping_status":"open","template":"","meta":{"footnotes":""},"class_list":["post-489","page","type-page","status-publish","hentry"],"yoast_head":"<!-- This site is optimized with the Yoast SEO plugin v27.1.1 - https:\/\/yoast.com\/product\/yoast-seo-wordpress\/ -->\n<title>Villa Aultia Hotel &amp; Resort - Boutique Hotel - Restaurant - Lounge Bar - Spa<\/title>\n<meta name=\"description\" content=\"Villa Aultia Hotel, Boutique Hotel, restaurant, lounge bar et spa situ\u00e9 entre la Normandie, Eu-Tr\u00e9port et la Baie de Somme. 80460 Ault Onival - Station baln\u00e9aire\" \/>\n<meta name=\"robots\" content=\"index, follow, max-snippet:-1, max-image-preview:large, max-video-preview:-1\" \/>\n<link rel=\"canonical\" href=\"https:\/\/www.hotelaultia.com\/en\/rooms-hotel-villa-aultia\/\" \/>\n<meta property=\"og:locale\" content=\"en_US\" \/>\n<meta property=\"og:type\" content=\"article\" \/>\n<meta property=\"og:title\" content=\"Villa Aultia Hotel &amp; Resort - Boutique Hotel - Restaurant - Lounge Bar - Spa\" \/>\n<meta property=\"og:description\" content=\"Villa Aultia Hotel, Boutique Hotel, restaurant, lounge bar et spa situ\u00e9 entre la Normandie, Eu-Tr\u00e9port et la Baie de Somme. 80460 Ault Onival - Station baln\u00e9aire\" \/>\n<meta property=\"og:url\" content=\"https:\/\/www.hotelaultia.com\/en\/rooms-hotel-villa-aultia\/\" \/>\n<meta property=\"og:site_name\" content=\"Villa Aultia\" \/>\n<meta property=\"article:modified_time\" content=\"2023-02-10T09:08:30+00:00\" \/>\n<meta name=\"twitter:card\" content=\"summary_large_image\" \/>\n<meta name=\"twitter:label1\" content=\"Est. reading time\" \/>\n\t<meta name=\"twitter:data1\" content=\"1 minute\" \/>\n<script type=\"application\/ld+json\" class=\"yoast-schema-graph\">{\"@context\":\"https:\/\/schema.org\",\"@graph\":[{\"@type\":\"WebPage\",\"@id\":\"https:\/\/www.hotelaultia.com\/en\/rooms-hotel-villa-aultia\/\",\"url\":\"https:\/\/www.hotelaultia.com\/en\/rooms-hotel-villa-aultia\/\",\"name\":\"Villa Aultia Hotel & Resort - Boutique Hotel - Restaurant - Lounge Bar - Spa\",\"isPartOf\":{\"@id\":\"https:\/\/www.hotelaultia.com\/nl\/#website\"},\"datePublished\":\"2020-03-24T13:11:22+00:00\",\"dateModified\":\"2023-02-10T09:08:30+00:00\",\"description\":\"Villa Aultia Hotel, Boutique Hotel, restaurant, lounge bar et spa situ\u00e9 entre la Normandie, Eu-Tr\u00e9port et la Baie de Somme. 80460 Ault Onival - Station baln\u00e9aire\",\"breadcrumb\":{\"@id\":\"https:\/\/www.hotelaultia.com\/en\/rooms-hotel-villa-aultia\/#breadcrumb\"},\"inLanguage\":\"en-US\",\"potentialAction\":[{\"@type\":\"ReadAction\",\"target\":[\"https:\/\/www.hotelaultia.com\/en\/rooms-hotel-villa-aultia\/\"]}]},{\"@type\":\"BreadcrumbList\",\"@id\":\"https:\/\/www.hotelaultia.com\/en\/rooms-hotel-villa-aultia\/#breadcrumb\",\"itemListElement\":[{\"@type\":\"ListItem\",\"position\":1,\"name\":\"Accueil\",\"item\":\"https:\/\/www.hotelaultia.com\/en\/\"},{\"@type\":\"ListItem\",\"position\":2,\"name\":\"Rooms\"}]},{\"@type\":\"WebSite\",\"@id\":\"https:\/\/www.hotelaultia.com\/nl\/#website\",\"url\":\"https:\/\/www.hotelaultia.com\/nl\/\",\"name\":\"Hotel Aultia\",\"description\":\"Hotel &amp; Resort \u00e0 Ault- Boutique Hotel - Lounge Bar - Spa\",\"publisher\":{\"@id\":\"https:\/\/www.hotelaultia.com\/nl\/#organization\"},\"potentialAction\":[{\"@type\":\"SearchAction\",\"target\":{\"@type\":\"EntryPoint\",\"urlTemplate\":\"https:\/\/www.hotelaultia.com\/nl\/?s={search_term_string}\"},\"query-input\":{\"@type\":\"PropertyValueSpecification\",\"valueRequired\":true,\"valueName\":\"search_term_string\"}}],\"inLanguage\":\"en-US\"},{\"@type\":\"Organization\",\"@id\":\"https:\/\/www.hotelaultia.com\/nl\/#organization\",\"name\":\"Hotel Aultia\",\"url\":\"https:\/\/www.hotelaultia.com\/nl\/\",\"logo\":{\"@type\":\"ImageObject\",\"inLanguage\":\"en-US\",\"@id\":\"https:\/\/www.hotelaultia.com\/nl\/#\/schema\/logo\/image\/\",\"url\":\"https:\/\/www.hotelaultia.com\/wp-content\/uploads\/2020\/03\/logo.png\",\"contentUrl\":\"https:\/\/www.hotelaultia.com\/wp-content\/uploads\/2020\/03\/logo.png\",\"width\":149,\"height\":80,\"caption\":\"Hotel Aultia\"},\"image\":{\"@id\":\"https:\/\/www.hotelaultia.com\/nl\/#\/schema\/logo\/image\/\"}}]}<\/script>\n<!-- \/ Yoast SEO plugin. -->","yoast_head_json":{"title":"Villa Aultia Hotel & Resort - Boutique Hotel - Restaurant - Lounge Bar - Spa","description":"Villa Aultia Hotel, Boutique Hotel, restaurant, lounge bar et spa situ\u00e9 entre la Normandie, Eu-Tr\u00e9port et la Baie de Somme. 80460 Ault Onival - Station baln\u00e9aire","robots":{"index":"index","follow":"follow","max-snippet":"max-snippet:-1","max-image-preview":"max-image-preview:large","max-video-preview":"max-video-preview:-1"},"canonical":"https:\/\/www.hotelaultia.com\/en\/rooms-hotel-villa-aultia\/","og_locale":"en_US","og_type":"article","og_title":"Villa Aultia Hotel & Resort - Boutique Hotel - Restaurant - Lounge Bar - Spa","og_description":"Villa Aultia Hotel, Boutique Hotel, restaurant, lounge bar et spa situ\u00e9 entre la Normandie, Eu-Tr\u00e9port et la Baie de Somme. 80460 Ault Onival - Station baln\u00e9aire","og_url":"https:\/\/www.hotelaultia.com\/en\/rooms-hotel-villa-aultia\/","og_site_name":"Villa Aultia","article_modified_time":"2023-02-10T09:08:30+00:00","twitter_card":"summary_large_image","twitter_misc":{"Est. reading time":"1 minute"},"schema":{"@context":"https:\/\/schema.org","@graph":[{"@type":"WebPage","@id":"https:\/\/www.hotelaultia.com\/en\/rooms-hotel-villa-aultia\/","url":"https:\/\/www.hotelaultia.com\/en\/rooms-hotel-villa-aultia\/","name":"Villa Aultia Hotel & Resort - Boutique Hotel - Restaurant - Lounge Bar - Spa","isPartOf":{"@id":"https:\/\/www.hotelaultia.com\/nl\/#website"},"datePublished":"2020-03-24T13:11:22+00:00","dateModified":"2023-02-10T09:08:30+00:00","description":"Villa Aultia Hotel, Boutique Hotel, restaurant, lounge bar et spa situ\u00e9 entre la Normandie, Eu-Tr\u00e9port et la Baie de Somme. 80460 Ault Onival - Station baln\u00e9aire","breadcrumb":{"@id":"https:\/\/www.hotelaultia.com\/en\/rooms-hotel-villa-aultia\/#breadcrumb"},"inLanguage":"en-US","potentialAction":[{"@type":"ReadAction","target":["https:\/\/www.hotelaultia.com\/en\/rooms-hotel-villa-aultia\/"]}]},{"@type":"BreadcrumbList","@id":"https:\/\/www.hotelaultia.com\/en\/rooms-hotel-villa-aultia\/#breadcrumb","itemListElement":[{"@type":"ListItem","position":1,"name":"Accueil","item":"https:\/\/www.hotelaultia.com\/en\/"},{"@type":"ListItem","position":2,"name":"Rooms"}]},{"@type":"WebSite","@id":"https:\/\/www.hotelaultia.com\/nl\/#website","url":"https:\/\/www.hotelaultia.com\/nl\/","name":"Hotel Aultia","description":"Hotel &amp; Resort \u00e0 Ault- Boutique Hotel - Lounge Bar - Spa","publisher":{"@id":"https:\/\/www.hotelaultia.com\/nl\/#organization"},"potentialAction":[{"@type":"SearchAction","target":{"@type":"EntryPoint","urlTemplate":"https:\/\/www.hotelaultia.com\/nl\/?s={search_term_string}"},"query-input":{"@type":"PropertyValueSpecification","valueRequired":true,"valueName":"search_term_string"}}],"inLanguage":"en-US"},{"@type":"Organization","@id":"https:\/\/www.hotelaultia.com\/nl\/#organization","name":"Hotel Aultia","url":"https:\/\/www.hotelaultia.com\/nl\/","logo":{"@type":"ImageObject","inLanguage":"en-US","@id":"https:\/\/www.hotelaultia.com\/nl\/#\/schema\/logo\/image\/","url":"https:\/\/www.hotelaultia.com\/wp-content\/uploads\/2020\/03\/logo.png","contentUrl":"https:\/\/www.hotelaultia.com\/wp-content\/uploads\/2020\/03\/logo.png","width":149,"height":80,"caption":"Hotel Aultia"},"image":{"@id":"https:\/\/www.hotelaultia.com\/nl\/#\/schema\/logo\/image\/"}}]}},"_links":{"self":[{"href":"https:\/\/www.hotelaultia.com\/en\/wp-json\/wp\/v2\/pages\/489","targetHints":{"allow":["GET"]}}],"collection":[{"href":"https:\/\/www.hotelaultia.com\/en\/wp-json\/wp\/v2\/pages"}],"about":[{"href":"https:\/\/www.hotelaultia.com\/en\/wp-json\/wp\/v2\/types\/page"}],"author":[{"embeddable":true,"href":"https:\/\/www.hotelaultia.com\/en\/wp-json\/wp\/v2\/users\/1"}],"replies":[{"embeddable":true,"href":"https:\/\/www.hotelaultia.com\/en\/wp-json\/wp\/v2\/comments?post=489"}],"version-history":[{"count":5,"href":"https:\/\/www.hotelaultia.com\/en\/wp-json\/wp\/v2\/pages\/489\/revisions"}],"predecessor-version":[{"id":976,"href":"https:\/\/www.hotelaultia.com\/en\/wp-json\/wp\/v2\/pages\/489\/revisions\/976"}],"wp:attachment":[{"href":"https:\/\/www.hotelaultia.com\/en\/wp-json\/wp\/v2\/media?parent=489"}],"curies":[{"name":"wp","href":"https:\/\/api.w.org\/{rel}","templated":true}]}}