{"id":511,"date":"2020-03-24T12:01:43","date_gmt":"2020-03-24T11:01:43","guid":{"rendered":"https:\/\/www.hotelaultia.com\/new\/situation-villa-aultia-baie-de-somme\/"},"modified":"2020-04-09T15:15:56","modified_gmt":"2020-04-09T13:15:56","slug":"situation-villa-aultia-baie-de-somme","status":"publish","type":"page","link":"https:\/\/www.hotelaultia.com\/de\/situation-villa-aultia-baie-de-somme\/","title":{"rendered":"Plan"},"content":{"rendered":"\n<div class=\"row\"  id=\"row-1883964996\">\n\n\n\t<div class=\"col small-12 large-12\"  >\n\t\t<div class=\"col-inner\"  >\n\t\t\t\n\t<div class=\"is-border\"\n\t\tstyle=\"border-width:10px 10px 10px 10px;\">\n\t<\/div>\n\t\t\t\n\n<p><iframe loading=\"lazy\" width=\"100%\" height=\"570\" frameborder=\"0\" scrolling=\"no\" marginheight=\"0\" marginwidth=\"0\" src=\"https:\/\/maps.google.fr\/maps?f=q&amp;source=s_q&amp;hl=fr&amp;geocode=&amp;q=Villa+Aultia+Hotel+25+rue+de+la+P%C3%AAche+80460+Ault+Onival&amp;aq=&amp;sll=50.113093,1.60675&amp;sspn=0.185819,0.445976&amp;ie=UTF8&amp;hq=Villa+Aultia+Hotel+25+rue+de+la+P%C3%AAche+80460+Ault+Onival&amp;hnear=&amp;radius=15000&amp;t=m&amp;ll=50.116175,1.45483&amp;spn=0.064944,0.17561&amp;z=13&amp;iwloc=A&amp;output=embed\"><\/iframe><\/p>\n\n\t\t<\/div>\n\t<\/div>\n\n\t\n\n<\/div>\n<div class=\"row\"  id=\"row-1089487185\">\n\n\n\t<div class=\"col medium-8 small-12 large-8\"  >\n\t\t<div class=\"col-inner\"  >\n\t\t\t\n\t\t\t\n\n<h2>ERLEBEN SIE DIE SOMME-BUCHT UND IHRE FELSEN HAUTNAH<\/h2>\n<p>&#8211; Anreise zum Hotel:<br \/><a class=\"mot_important\" href=\"http:\/\/fr.mappy.com\/\" target=\"_blank\" rel=\"noopener noreferrer\">mappy<\/a><br \/><a class=\"mot_important\" href=\"https:\/\/www.viamichelin.fr\/web\/Itineraires?departure=Lieu%20actuel&amp;departureGps=true&amp;arrival=25%20rue%20de%20la%20P%C3%AAche%20%2B%2080460%20Ault%20Onival&amp;index=0&amp;vehicle=0&amp;type=0&amp;distance=km&amp;currency=EUR\" target=\"_blank\" rel=\"noopener noreferrer\">ViaMichelin<\/a><\/p>\n<h3>Sehensw\u00fcrdigkeiten<\/h3>\n<ul>\n<li>Herausragende St\u00e4tte Frankreichs &#8211; Somme-Bucht<\/li>\n<li>Umweltzeichen \u201eBlaue Flagge\u201fEurop\u00e4ische<\/li>\n<li>Route Victor Hugo<\/li>\n<li>\u00c4ltester eklesiastischer Belfried in Frankreich &amp; einzigartig in der Picardie<\/li>\n<li>Naturreservat und Vogelschutzgebiet H\u00e2ble d\u2019Ault<\/li>\n<li>Der einzige nat\u00fcrliche Eichen- und Buchenwald an der K\u00fcste des \u00c4rmelkanals<\/li>\n<li>Schwimmen &#8211; Wandern &#8211; Radfahren &#8211; MTB &#8211; Tennis<\/li>\n<li>Flugtaufen und UL (in 4 km)<\/li>\n<li>3 Casinos (in 5, 7 und 12 km)<\/li>\n<li>Die Landzunge Hourdel &amp; ihre Robbenkolonie (in 15 km)<\/li>\n<li>Le Tr\u00e9port &amp; die h\u00f6chsten Kreidefelsen in Europa (mit Seilbahn in 7 km)<\/li>\n<li>Schloss Eu (in 6 km)<\/li>\n<li>Cayeux sur Mer &amp; und die l\u00e4ngste Aneinanderreihung an Strandkabinen in Europa (in 12 km)<\/li>\n<\/ul>\n\n\t\t<\/div>\n\t<\/div>\n\n\t\n\n\t<div class=\"col medium-4 small-12 large-4\"  >\n\t\t<div class=\"col-inner dark\" style=\"background-color:#9f8461;padding:10px 10px 10px 10px;\" >\n\t\t\t\n\t\t\t\n\n<p><img loading=\"lazy\" decoding=\"async\" class=\"header_logo header-logo aligncenter\" src=\"https:\/\/www.hotelaultia.com\/new\/wp-content\/uploads\/2020\/03\/logo.png\" alt=\"Villa Aultia\" width=\"176\" height=\"90\"><\/p>\n<p style=\"text-align: center;\">25 rue de la P\u00eache<br \/>80460 Ault Onival<br \/>Tel : +33 3 22 30 04 04<br \/>Fax : +33 3 22 30 97 30<br \/>Email : info@villaaultiahotel.com<\/p>\n\n\t\t<\/div>\n\t<\/div>\n\n\t\n\n<\/div>\n\n","protected":false},"excerpt":{"rendered":"","protected":false},"author":1,"featured_media":0,"parent":0,"menu_order":0,"comment_status":"closed","ping_status":"open","template":"","meta":{"footnotes":""},"class_list":["post-511","page","type-page","status-publish","hentry"],"yoast_head":"<!-- This site is optimized with the Yoast SEO plugin v27.1.1 - https:\/\/yoast.com\/product\/yoast-seo-wordpress\/ -->\n<title>Lage - Villa Aultia Hotel - Die Somme-Bucht und ihre felsen<\/title>\n<meta name=\"description\" content=\"In AULT, Villa Aultia Hotel, ein 4 Sterne-Hotel mit Charme, das sich in der Somme-Bucht zwischen Saint-Valery sur Somme &amp; Le Tr\u00e9port befindet, zwischen der Opalk\u00fcste und der Alabasterk\u00fcste.\" \/>\n<meta name=\"robots\" content=\"index, follow, max-snippet:-1, max-image-preview:large, max-video-preview:-1\" \/>\n<link rel=\"canonical\" href=\"https:\/\/www.hotelaultia.com\/de\/situation-villa-aultia-baie-de-somme\/\" \/>\n<meta property=\"og:locale\" content=\"de_DE\" \/>\n<meta property=\"og:type\" content=\"article\" \/>\n<meta property=\"og:title\" content=\"Lage - Villa Aultia Hotel - Die Somme-Bucht und ihre felsen\" \/>\n<meta property=\"og:description\" content=\"In AULT, Villa Aultia Hotel, ein 4 Sterne-Hotel mit Charme, das sich in der Somme-Bucht zwischen Saint-Valery sur Somme &amp; Le Tr\u00e9port befindet, zwischen der Opalk\u00fcste und der Alabasterk\u00fcste.\" \/>\n<meta property=\"og:url\" content=\"https:\/\/www.hotelaultia.com\/de\/situation-villa-aultia-baie-de-somme\/\" \/>\n<meta property=\"og:site_name\" content=\"Villa Aultia\" \/>\n<meta property=\"article:modified_time\" content=\"2020-04-09T13:15:56+00:00\" \/>\n<meta property=\"og:image\" content=\"https:\/\/www.hotelaultia.com\/new\/wp-content\/uploads\/2020\/03\/logo.png\" \/>\n<meta name=\"twitter:card\" content=\"summary_large_image\" \/>\n<meta name=\"twitter:label1\" content=\"Gesch\u00e4tzte Lesezeit\" \/>\n\t<meta name=\"twitter:data1\" content=\"1\u00a0Minute\" \/>\n<script type=\"application\/ld+json\" class=\"yoast-schema-graph\">{\"@context\":\"https:\/\/schema.org\",\"@graph\":[{\"@type\":\"WebPage\",\"@id\":\"https:\/\/www.hotelaultia.com\/de\/situation-villa-aultia-baie-de-somme\/\",\"url\":\"https:\/\/www.hotelaultia.com\/de\/situation-villa-aultia-baie-de-somme\/\",\"name\":\"Lage - Villa Aultia Hotel - Die Somme-Bucht und ihre felsen\",\"isPartOf\":{\"@id\":\"https:\/\/www.hotelaultia.com\/nl\/#website\"},\"primaryImageOfPage\":{\"@id\":\"https:\/\/www.hotelaultia.com\/de\/situation-villa-aultia-baie-de-somme\/#primaryimage\"},\"image\":{\"@id\":\"https:\/\/www.hotelaultia.com\/de\/situation-villa-aultia-baie-de-somme\/#primaryimage\"},\"thumbnailUrl\":\"https:\/\/www.hotelaultia.com\/new\/wp-content\/uploads\/2020\/03\/logo.png\",\"datePublished\":\"2020-03-24T11:01:43+00:00\",\"dateModified\":\"2020-04-09T13:15:56+00:00\",\"description\":\"In AULT, Villa Aultia Hotel, ein 4 Sterne-Hotel mit Charme, das sich in der Somme-Bucht zwischen Saint-Valery sur Somme & Le Tr\u00e9port befindet, zwischen der Opalk\u00fcste und der Alabasterk\u00fcste.\",\"breadcrumb\":{\"@id\":\"https:\/\/www.hotelaultia.com\/de\/situation-villa-aultia-baie-de-somme\/#breadcrumb\"},\"inLanguage\":\"de\",\"potentialAction\":[{\"@type\":\"ReadAction\",\"target\":[\"https:\/\/www.hotelaultia.com\/de\/situation-villa-aultia-baie-de-somme\/\"]}]},{\"@type\":\"ImageObject\",\"inLanguage\":\"de\",\"@id\":\"https:\/\/www.hotelaultia.com\/de\/situation-villa-aultia-baie-de-somme\/#primaryimage\",\"url\":\"https:\/\/www.hotelaultia.com\/new\/wp-content\/uploads\/2020\/03\/logo.png\",\"contentUrl\":\"https:\/\/www.hotelaultia.com\/new\/wp-content\/uploads\/2020\/03\/logo.png\"},{\"@type\":\"BreadcrumbList\",\"@id\":\"https:\/\/www.hotelaultia.com\/de\/situation-villa-aultia-baie-de-somme\/#breadcrumb\",\"itemListElement\":[{\"@type\":\"ListItem\",\"position\":1,\"name\":\"Accueil\",\"item\":\"https:\/\/www.hotelaultia.com\/de\/\"},{\"@type\":\"ListItem\",\"position\":2,\"name\":\"Plan\"}]},{\"@type\":\"WebSite\",\"@id\":\"https:\/\/www.hotelaultia.com\/nl\/#website\",\"url\":\"https:\/\/www.hotelaultia.com\/nl\/\",\"name\":\"Hotel Aultia\",\"description\":\"Hotel &amp; Resort \u00e0 Ault- Boutique Hotel - Lounge Bar - Spa\",\"publisher\":{\"@id\":\"https:\/\/www.hotelaultia.com\/nl\/#organization\"},\"potentialAction\":[{\"@type\":\"SearchAction\",\"target\":{\"@type\":\"EntryPoint\",\"urlTemplate\":\"https:\/\/www.hotelaultia.com\/nl\/?s={search_term_string}\"},\"query-input\":{\"@type\":\"PropertyValueSpecification\",\"valueRequired\":true,\"valueName\":\"search_term_string\"}}],\"inLanguage\":\"de\"},{\"@type\":\"Organization\",\"@id\":\"https:\/\/www.hotelaultia.com\/nl\/#organization\",\"name\":\"Hotel Aultia\",\"url\":\"https:\/\/www.hotelaultia.com\/nl\/\",\"logo\":{\"@type\":\"ImageObject\",\"inLanguage\":\"de\",\"@id\":\"https:\/\/www.hotelaultia.com\/nl\/#\/schema\/logo\/image\/\",\"url\":\"https:\/\/www.hotelaultia.com\/wp-content\/uploads\/2020\/03\/logo.png\",\"contentUrl\":\"https:\/\/www.hotelaultia.com\/wp-content\/uploads\/2020\/03\/logo.png\",\"width\":149,\"height\":80,\"caption\":\"Hotel Aultia\"},\"image\":{\"@id\":\"https:\/\/www.hotelaultia.com\/nl\/#\/schema\/logo\/image\/\"}}]}<\/script>\n<!-- \/ Yoast SEO plugin. -->","yoast_head_json":{"title":"Lage - Villa Aultia Hotel - Die Somme-Bucht und ihre felsen","description":"In AULT, Villa Aultia Hotel, ein 4 Sterne-Hotel mit Charme, das sich in der Somme-Bucht zwischen Saint-Valery sur Somme & Le Tr\u00e9port befindet, zwischen der Opalk\u00fcste und der Alabasterk\u00fcste.","robots":{"index":"index","follow":"follow","max-snippet":"max-snippet:-1","max-image-preview":"max-image-preview:large","max-video-preview":"max-video-preview:-1"},"canonical":"https:\/\/www.hotelaultia.com\/de\/situation-villa-aultia-baie-de-somme\/","og_locale":"de_DE","og_type":"article","og_title":"Lage - Villa Aultia Hotel - Die Somme-Bucht und ihre felsen","og_description":"In AULT, Villa Aultia Hotel, ein 4 Sterne-Hotel mit Charme, das sich in der Somme-Bucht zwischen Saint-Valery sur Somme & Le Tr\u00e9port befindet, zwischen der Opalk\u00fcste und der Alabasterk\u00fcste.","og_url":"https:\/\/www.hotelaultia.com\/de\/situation-villa-aultia-baie-de-somme\/","og_site_name":"Villa Aultia","article_modified_time":"2020-04-09T13:15:56+00:00","og_image":[{"url":"https:\/\/www.hotelaultia.com\/new\/wp-content\/uploads\/2020\/03\/logo.png","type":"","width":"","height":""}],"twitter_card":"summary_large_image","twitter_misc":{"Gesch\u00e4tzte Lesezeit":"1\u00a0Minute"},"schema":{"@context":"https:\/\/schema.org","@graph":[{"@type":"WebPage","@id":"https:\/\/www.hotelaultia.com\/de\/situation-villa-aultia-baie-de-somme\/","url":"https:\/\/www.hotelaultia.com\/de\/situation-villa-aultia-baie-de-somme\/","name":"Lage - Villa Aultia Hotel - Die Somme-Bucht und ihre felsen","isPartOf":{"@id":"https:\/\/www.hotelaultia.com\/nl\/#website"},"primaryImageOfPage":{"@id":"https:\/\/www.hotelaultia.com\/de\/situation-villa-aultia-baie-de-somme\/#primaryimage"},"image":{"@id":"https:\/\/www.hotelaultia.com\/de\/situation-villa-aultia-baie-de-somme\/#primaryimage"},"thumbnailUrl":"https:\/\/www.hotelaultia.com\/new\/wp-content\/uploads\/2020\/03\/logo.png","datePublished":"2020-03-24T11:01:43+00:00","dateModified":"2020-04-09T13:15:56+00:00","description":"In AULT, Villa Aultia Hotel, ein 4 Sterne-Hotel mit Charme, das sich in der Somme-Bucht zwischen Saint-Valery sur Somme & Le Tr\u00e9port befindet, zwischen der Opalk\u00fcste und der Alabasterk\u00fcste.","breadcrumb":{"@id":"https:\/\/www.hotelaultia.com\/de\/situation-villa-aultia-baie-de-somme\/#breadcrumb"},"inLanguage":"de","potentialAction":[{"@type":"ReadAction","target":["https:\/\/www.hotelaultia.com\/de\/situation-villa-aultia-baie-de-somme\/"]}]},{"@type":"ImageObject","inLanguage":"de","@id":"https:\/\/www.hotelaultia.com\/de\/situation-villa-aultia-baie-de-somme\/#primaryimage","url":"https:\/\/www.hotelaultia.com\/new\/wp-content\/uploads\/2020\/03\/logo.png","contentUrl":"https:\/\/www.hotelaultia.com\/new\/wp-content\/uploads\/2020\/03\/logo.png"},{"@type":"BreadcrumbList","@id":"https:\/\/www.hotelaultia.com\/de\/situation-villa-aultia-baie-de-somme\/#breadcrumb","itemListElement":[{"@type":"ListItem","position":1,"name":"Accueil","item":"https:\/\/www.hotelaultia.com\/de\/"},{"@type":"ListItem","position":2,"name":"Plan"}]},{"@type":"WebSite","@id":"https:\/\/www.hotelaultia.com\/nl\/#website","url":"https:\/\/www.hotelaultia.com\/nl\/","name":"Hotel Aultia","description":"Hotel &amp; Resort \u00e0 Ault- Boutique Hotel - Lounge Bar - Spa","publisher":{"@id":"https:\/\/www.hotelaultia.com\/nl\/#organization"},"potentialAction":[{"@type":"SearchAction","target":{"@type":"EntryPoint","urlTemplate":"https:\/\/www.hotelaultia.com\/nl\/?s={search_term_string}"},"query-input":{"@type":"PropertyValueSpecification","valueRequired":true,"valueName":"search_term_string"}}],"inLanguage":"de"},{"@type":"Organization","@id":"https:\/\/www.hotelaultia.com\/nl\/#organization","name":"Hotel Aultia","url":"https:\/\/www.hotelaultia.com\/nl\/","logo":{"@type":"ImageObject","inLanguage":"de","@id":"https:\/\/www.hotelaultia.com\/nl\/#\/schema\/logo\/image\/","url":"https:\/\/www.hotelaultia.com\/wp-content\/uploads\/2020\/03\/logo.png","contentUrl":"https:\/\/www.hotelaultia.com\/wp-content\/uploads\/2020\/03\/logo.png","width":149,"height":80,"caption":"Hotel Aultia"},"image":{"@id":"https:\/\/www.hotelaultia.com\/nl\/#\/schema\/logo\/image\/"}}]}},"_links":{"self":[{"href":"https:\/\/www.hotelaultia.com\/de\/wp-json\/wp\/v2\/pages\/511","targetHints":{"allow":["GET"]}}],"collection":[{"href":"https:\/\/www.hotelaultia.com\/de\/wp-json\/wp\/v2\/pages"}],"about":[{"href":"https:\/\/www.hotelaultia.com\/de\/wp-json\/wp\/v2\/types\/page"}],"author":[{"embeddable":true,"href":"https:\/\/www.hotelaultia.com\/de\/wp-json\/wp\/v2\/users\/1"}],"replies":[{"embeddable":true,"href":"https:\/\/www.hotelaultia.com\/de\/wp-json\/wp\/v2\/comments?post=511"}],"version-history":[{"count":2,"href":"https:\/\/www.hotelaultia.com\/de\/wp-json\/wp\/v2\/pages\/511\/revisions"}],"predecessor-version":[{"id":613,"href":"https:\/\/www.hotelaultia.com\/de\/wp-json\/wp\/v2\/pages\/511\/revisions\/613"}],"wp:attachment":[{"href":"https:\/\/www.hotelaultia.com\/de\/wp-json\/wp\/v2\/media?parent=511"}],"curies":[{"name":"wp","href":"https:\/\/api.w.org\/{rel}","templated":true}]}}