{"id":508,"date":"2020-03-24T11:28:47","date_gmt":"2020-03-24T10:28:47","guid":{"rendered":"https:\/\/www.hotelaultia.com\/new\/offres\/"},"modified":"2020-04-09T14:57:48","modified_gmt":"2020-04-09T12:57:48","slug":"angebote","status":"publish","type":"page","link":"https:\/\/www.hotelaultia.com\/de\/angebote\/","title":{"rendered":"Offres"},"content":{"rendered":"\n<div class=\"row\"  id=\"row-1614005326\">\n\n\n\t<div class=\"col small-12 large-12\"  >\n\t\t<div class=\"col-inner\"  >\n\t\t\t\n\t\t\t\n\n<h2>G\u00f6nnen Sie Ihren Lieben einen ganz besonderen Moment&#8230;<\/h2>\n<p><strong>Sie m\u00f6chten den Menschen, die Sie gerne haben, ein unvergessliches Geschenk bereiten? Ihren Freunden und Ihrer Familie ein L\u00e4cheln ins Gesicht zaubern?<\/strong><\/p>\n<p><strong>Mit unseren personalisierbaren Geschenkgutscheinen k\u00f6nnen Sie sicher sein, einen wunderbaren und pers\u00f6nlichen Moment zu verschenken!<\/strong><\/p>\n<p>So geht&#8217;s:<\/p>\n<p>So geht&#8217;s:<br>&#8211; W\u00e4hlen Sie den Gutschein aus, den Sie verschenken m\u00f6chten<br>&#8211; F\u00fcgen Sie nach Belieben Leistungen und\/oder Optionen hinzu<br> &#8211; Geben Sie Ihre Adressdaten sowie die des Beschenkten an<br>\n&#8211; Sie erhalten Ihren Geschenkgutschein sofort per E-Mail\n<\/p>\n<p><strong>Eine Einladung in letzter Minute oder ein vergessener Geburtstag?<\/strong><\/p>\n<p><strong>Sie erhalten Ihren Geschenkgutschein unverz\u00fcglich zugesendet und k\u00f6nnen ihn sofort per E-Mail an die Person Ihrer Wahl weiterleiten!<\/strong><\/p>\n <iframe style=\"width: 100%; border: 0\" src=\"https:\/\/villaaultia.bonkdo.com\/#\/?embed=true&origin=Mon%20site%20web\"><\/iframe>\r\n<script src=\"https:\/\/villaaultia.bonkdo.com\/static\/js\/iframeResizer.min.js\"><\/script><script>iFrameResize()<\/script>\n\n\n\t\t<\/div>\n\t<\/div>\n\n\t\n\n\n<style scope=\"scope\">\n\n#row-1614005326 > .col > .col-inner {\n  padding: 30px 0px 0px 0px;\n}\n<\/style>\n<\/div>\n","protected":false},"excerpt":{"rendered":"","protected":false},"author":1,"featured_media":0,"parent":0,"menu_order":0,"comment_status":"closed","ping_status":"open","template":"","meta":{"footnotes":""},"class_list":["post-508","page","type-page","status-publish","hentry"],"yoast_head":"<!-- This site is optimized with the Yoast SEO plugin v27.1.1 - https:\/\/yoast.com\/product\/yoast-seo-wordpress\/ -->\n<title>Angebote - Villa Aultia Hotel - Die Somme-Bucht und ihre felsen<\/title>\n<meta name=\"description\" content=\"In AULT, Villa Aultia Hotel, ein 4 Sterne-Hotel mit Charme, das sich in der Somme-Bucht zwischen Saint-Valery sur Somme &amp; Le Tr\u00e9port befindet, zwischen der Opalk\u00fcste und der Alabasterk\u00fcste.\" \/>\n<meta name=\"robots\" content=\"index, follow, max-snippet:-1, max-image-preview:large, max-video-preview:-1\" \/>\n<link rel=\"canonical\" href=\"https:\/\/www.hotelaultia.com\/de\/angebote\/\" \/>\n<meta property=\"og:locale\" content=\"de_DE\" \/>\n<meta property=\"og:type\" content=\"article\" \/>\n<meta property=\"og:title\" content=\"Angebote - Villa Aultia Hotel - Die Somme-Bucht und ihre felsen\" \/>\n<meta property=\"og:description\" content=\"In AULT, Villa Aultia Hotel, ein 4 Sterne-Hotel mit Charme, das sich in der Somme-Bucht zwischen Saint-Valery sur Somme &amp; Le Tr\u00e9port befindet, zwischen der Opalk\u00fcste und der Alabasterk\u00fcste.\" \/>\n<meta property=\"og:url\" content=\"https:\/\/www.hotelaultia.com\/de\/angebote\/\" \/>\n<meta property=\"og:site_name\" content=\"Villa Aultia\" \/>\n<meta property=\"article:modified_time\" content=\"2020-04-09T12:57:48+00:00\" \/>\n<meta name=\"twitter:card\" content=\"summary_large_image\" \/>\n<meta name=\"twitter:label1\" content=\"Gesch\u00e4tzte Lesezeit\" \/>\n\t<meta name=\"twitter:data1\" content=\"1\u00a0Minute\" \/>\n<script type=\"application\/ld+json\" class=\"yoast-schema-graph\">{\"@context\":\"https:\/\/schema.org\",\"@graph\":[{\"@type\":\"WebPage\",\"@id\":\"https:\/\/www.hotelaultia.com\/de\/angebote\/\",\"url\":\"https:\/\/www.hotelaultia.com\/de\/angebote\/\",\"name\":\"Angebote - Villa Aultia Hotel - Die Somme-Bucht und ihre felsen\",\"isPartOf\":{\"@id\":\"https:\/\/www.hotelaultia.com\/nl\/#website\"},\"datePublished\":\"2020-03-24T10:28:47+00:00\",\"dateModified\":\"2020-04-09T12:57:48+00:00\",\"description\":\"In AULT, Villa Aultia Hotel, ein 4 Sterne-Hotel mit Charme, das sich in der Somme-Bucht zwischen Saint-Valery sur Somme & Le Tr\u00e9port befindet, zwischen der Opalk\u00fcste und der Alabasterk\u00fcste.\",\"breadcrumb\":{\"@id\":\"https:\/\/www.hotelaultia.com\/de\/angebote\/#breadcrumb\"},\"inLanguage\":\"de\",\"potentialAction\":[{\"@type\":\"ReadAction\",\"target\":[\"https:\/\/www.hotelaultia.com\/de\/angebote\/\"]}]},{\"@type\":\"BreadcrumbList\",\"@id\":\"https:\/\/www.hotelaultia.com\/de\/angebote\/#breadcrumb\",\"itemListElement\":[{\"@type\":\"ListItem\",\"position\":1,\"name\":\"Accueil\",\"item\":\"https:\/\/www.hotelaultia.com\/de\/\"},{\"@type\":\"ListItem\",\"position\":2,\"name\":\"Offres\"}]},{\"@type\":\"WebSite\",\"@id\":\"https:\/\/www.hotelaultia.com\/nl\/#website\",\"url\":\"https:\/\/www.hotelaultia.com\/nl\/\",\"name\":\"Hotel Aultia\",\"description\":\"Hotel &amp; Resort \u00e0 Ault- Boutique Hotel - Lounge Bar - Spa\",\"publisher\":{\"@id\":\"https:\/\/www.hotelaultia.com\/nl\/#organization\"},\"potentialAction\":[{\"@type\":\"SearchAction\",\"target\":{\"@type\":\"EntryPoint\",\"urlTemplate\":\"https:\/\/www.hotelaultia.com\/nl\/?s={search_term_string}\"},\"query-input\":{\"@type\":\"PropertyValueSpecification\",\"valueRequired\":true,\"valueName\":\"search_term_string\"}}],\"inLanguage\":\"de\"},{\"@type\":\"Organization\",\"@id\":\"https:\/\/www.hotelaultia.com\/nl\/#organization\",\"name\":\"Hotel Aultia\",\"url\":\"https:\/\/www.hotelaultia.com\/nl\/\",\"logo\":{\"@type\":\"ImageObject\",\"inLanguage\":\"de\",\"@id\":\"https:\/\/www.hotelaultia.com\/nl\/#\/schema\/logo\/image\/\",\"url\":\"https:\/\/www.hotelaultia.com\/wp-content\/uploads\/2020\/03\/logo.png\",\"contentUrl\":\"https:\/\/www.hotelaultia.com\/wp-content\/uploads\/2020\/03\/logo.png\",\"width\":149,\"height\":80,\"caption\":\"Hotel Aultia\"},\"image\":{\"@id\":\"https:\/\/www.hotelaultia.com\/nl\/#\/schema\/logo\/image\/\"}}]}<\/script>\n<!-- \/ Yoast SEO plugin. -->","yoast_head_json":{"title":"Angebote - Villa Aultia Hotel - Die Somme-Bucht und ihre felsen","description":"In AULT, Villa Aultia Hotel, ein 4 Sterne-Hotel mit Charme, das sich in der Somme-Bucht zwischen Saint-Valery sur Somme & Le Tr\u00e9port befindet, zwischen der Opalk\u00fcste und der Alabasterk\u00fcste.","robots":{"index":"index","follow":"follow","max-snippet":"max-snippet:-1","max-image-preview":"max-image-preview:large","max-video-preview":"max-video-preview:-1"},"canonical":"https:\/\/www.hotelaultia.com\/de\/angebote\/","og_locale":"de_DE","og_type":"article","og_title":"Angebote - Villa Aultia Hotel - Die Somme-Bucht und ihre felsen","og_description":"In AULT, Villa Aultia Hotel, ein 4 Sterne-Hotel mit Charme, das sich in der Somme-Bucht zwischen Saint-Valery sur Somme & Le Tr\u00e9port befindet, zwischen der Opalk\u00fcste und der Alabasterk\u00fcste.","og_url":"https:\/\/www.hotelaultia.com\/de\/angebote\/","og_site_name":"Villa Aultia","article_modified_time":"2020-04-09T12:57:48+00:00","twitter_card":"summary_large_image","twitter_misc":{"Gesch\u00e4tzte Lesezeit":"1\u00a0Minute"},"schema":{"@context":"https:\/\/schema.org","@graph":[{"@type":"WebPage","@id":"https:\/\/www.hotelaultia.com\/de\/angebote\/","url":"https:\/\/www.hotelaultia.com\/de\/angebote\/","name":"Angebote - Villa Aultia Hotel - Die Somme-Bucht und ihre felsen","isPartOf":{"@id":"https:\/\/www.hotelaultia.com\/nl\/#website"},"datePublished":"2020-03-24T10:28:47+00:00","dateModified":"2020-04-09T12:57:48+00:00","description":"In AULT, Villa Aultia Hotel, ein 4 Sterne-Hotel mit Charme, das sich in der Somme-Bucht zwischen Saint-Valery sur Somme & Le Tr\u00e9port befindet, zwischen der Opalk\u00fcste und der Alabasterk\u00fcste.","breadcrumb":{"@id":"https:\/\/www.hotelaultia.com\/de\/angebote\/#breadcrumb"},"inLanguage":"de","potentialAction":[{"@type":"ReadAction","target":["https:\/\/www.hotelaultia.com\/de\/angebote\/"]}]},{"@type":"BreadcrumbList","@id":"https:\/\/www.hotelaultia.com\/de\/angebote\/#breadcrumb","itemListElement":[{"@type":"ListItem","position":1,"name":"Accueil","item":"https:\/\/www.hotelaultia.com\/de\/"},{"@type":"ListItem","position":2,"name":"Offres"}]},{"@type":"WebSite","@id":"https:\/\/www.hotelaultia.com\/nl\/#website","url":"https:\/\/www.hotelaultia.com\/nl\/","name":"Hotel Aultia","description":"Hotel &amp; Resort \u00e0 Ault- Boutique Hotel - Lounge Bar - Spa","publisher":{"@id":"https:\/\/www.hotelaultia.com\/nl\/#organization"},"potentialAction":[{"@type":"SearchAction","target":{"@type":"EntryPoint","urlTemplate":"https:\/\/www.hotelaultia.com\/nl\/?s={search_term_string}"},"query-input":{"@type":"PropertyValueSpecification","valueRequired":true,"valueName":"search_term_string"}}],"inLanguage":"de"},{"@type":"Organization","@id":"https:\/\/www.hotelaultia.com\/nl\/#organization","name":"Hotel Aultia","url":"https:\/\/www.hotelaultia.com\/nl\/","logo":{"@type":"ImageObject","inLanguage":"de","@id":"https:\/\/www.hotelaultia.com\/nl\/#\/schema\/logo\/image\/","url":"https:\/\/www.hotelaultia.com\/wp-content\/uploads\/2020\/03\/logo.png","contentUrl":"https:\/\/www.hotelaultia.com\/wp-content\/uploads\/2020\/03\/logo.png","width":149,"height":80,"caption":"Hotel Aultia"},"image":{"@id":"https:\/\/www.hotelaultia.com\/nl\/#\/schema\/logo\/image\/"}}]}},"_links":{"self":[{"href":"https:\/\/www.hotelaultia.com\/de\/wp-json\/wp\/v2\/pages\/508","targetHints":{"allow":["GET"]}}],"collection":[{"href":"https:\/\/www.hotelaultia.com\/de\/wp-json\/wp\/v2\/pages"}],"about":[{"href":"https:\/\/www.hotelaultia.com\/de\/wp-json\/wp\/v2\/types\/page"}],"author":[{"embeddable":true,"href":"https:\/\/www.hotelaultia.com\/de\/wp-json\/wp\/v2\/users\/1"}],"replies":[{"embeddable":true,"href":"https:\/\/www.hotelaultia.com\/de\/wp-json\/wp\/v2\/comments?post=508"}],"version-history":[{"count":3,"href":"https:\/\/www.hotelaultia.com\/de\/wp-json\/wp\/v2\/pages\/508\/revisions"}],"predecessor-version":[{"id":611,"href":"https:\/\/www.hotelaultia.com\/de\/wp-json\/wp\/v2\/pages\/508\/revisions\/611"}],"wp:attachment":[{"href":"https:\/\/www.hotelaultia.com\/de\/wp-json\/wp\/v2\/media?parent=508"}],"curies":[{"name":"wp","href":"https:\/\/api.w.org\/{rel}","templated":true}]}}