{"id":502,"date":"2020-03-24T14:48:49","date_gmt":"2020-03-24T13:48:49","guid":{"rendered":"https:\/\/www.hotelaultia.com\/new\/junior-suite-villa-aultia\/"},"modified":"2020-05-15T10:16:40","modified_gmt":"2020-05-15T08:16:40","slug":"junior-suite-villa-aultia","status":"publish","type":"page","link":"https:\/\/www.hotelaultia.com\/de\/junior-suite-villa-aultia\/","title":{"rendered":"Junior suite"},"content":{"rendered":"\n<div class=\"row\"  id=\"row-315623899\">\n\n\n\t<div class=\"col small-12 large-12\"  >\n\t\t<div class=\"col-inner\"  >\n\t\t\t\n\t\t\t\n\n<div class=\"slider-wrapper relative slider-home\" id=\"slider-1002809027\" style=\"background-color:rgb(255,255,255);\">\n    <div class=\"slider slider-type-fade slider-nav-circle slider-nav-large slider-nav-light slider-style-normal\"\n        data-flickity-options='{\n            \"cellAlign\": \"center\",\n            \"imagesLoaded\": true,\n            \"lazyLoad\": 1,\n            \"freeScroll\": false,\n            \"wrapAround\": true,\n            \"autoPlay\": 4000,\n            \"pauseAutoPlayOnHover\" : true,\n            \"prevNextButtons\": true,\n            \"contain\" : true,\n            \"adaptiveHeight\" : true,\n            \"dragThreshold\" : 10,\n            \"percentPosition\": true,\n            \"pageDots\": false,\n            \"rightToLeft\": false,\n            \"draggable\": true,\n            \"selectedAttraction\": 0.1,\n            \"parallax\" : 0,\n            \"friction\": 0.6        }'\n        >\n        \n\n\t<div class=\"img has-hover x md-x lg-x y md-y lg-y\" id=\"image_384524063\">\n\t\t\t\t\t\t\t\t<div class=\"img-inner dark\" >\n\t\t\t<img loading=\"lazy\" decoding=\"async\" width=\"1004\" height=\"570\" src=\"https:\/\/www.hotelaultia.com\/wp-content\/uploads\/2020\/03\/Suite_Junior_Jane_ATCHE.jpg\" class=\"attachment-large size-large\" alt=\"Junior suite villa aultia\" srcset=\"https:\/\/www.hotelaultia.com\/wp-content\/uploads\/2020\/03\/Suite_Junior_Jane_ATCHE.jpg 1004w, https:\/\/www.hotelaultia.com\/wp-content\/uploads\/2020\/03\/Suite_Junior_Jane_ATCHE-300x170.jpg 300w, https:\/\/www.hotelaultia.com\/wp-content\/uploads\/2020\/03\/Suite_Junior_Jane_ATCHE-768x436.jpg 768w\" sizes=\"auto, (max-width: 1004px) 100vw, 1004px\" \/>\t\t\t\t\t\t\n\t\t\t\t\t<\/div>\n\t\t\t\t\t\t\t\t\n<style scope=\"scope\">\n\n#image_384524063 {\n  width: 100%;\n}\n<\/style>\n\t<\/div>\n\t\n\n\t<div class=\"img has-hover x md-x lg-x y md-y lg-y\" id=\"image_2097799382\">\n\t\t\t\t\t\t\t\t<div class=\"img-inner dark\" >\n\t\t\t<img loading=\"lazy\" decoding=\"async\" width=\"1004\" height=\"570\" src=\"https:\/\/www.hotelaultia.com\/wp-content\/uploads\/2020\/03\/Suite_Junior_Jane_ATCHE_2.jpg\" class=\"attachment-large size-large\" alt=\"Junior suite villa aultia\" srcset=\"https:\/\/www.hotelaultia.com\/wp-content\/uploads\/2020\/03\/Suite_Junior_Jane_ATCHE_2.jpg 1004w, https:\/\/www.hotelaultia.com\/wp-content\/uploads\/2020\/03\/Suite_Junior_Jane_ATCHE_2-300x170.jpg 300w, https:\/\/www.hotelaultia.com\/wp-content\/uploads\/2020\/03\/Suite_Junior_Jane_ATCHE_2-768x436.jpg 768w\" sizes=\"auto, (max-width: 1004px) 100vw, 1004px\" \/>\t\t\t\t\t\t\n\t\t\t\t\t<\/div>\n\t\t\t\t\t\t\t\t\n<style scope=\"scope\">\n\n#image_2097799382 {\n  width: 100%;\n}\n<\/style>\n\t<\/div>\n\t\n\n\t<div class=\"img has-hover x md-x lg-x y md-y lg-y\" id=\"image_1961283625\">\n\t\t\t\t\t\t\t\t<div class=\"img-inner dark\" >\n\t\t\t<img loading=\"lazy\" decoding=\"async\" width=\"1004\" height=\"570\" src=\"https:\/\/www.hotelaultia.com\/wp-content\/uploads\/2020\/03\/sdb_Suite_Junior_Jane_ATCHE.jpg\" class=\"attachment-large size-large\" alt=\"Junior suite villa aultia\" srcset=\"https:\/\/www.hotelaultia.com\/wp-content\/uploads\/2020\/03\/sdb_Suite_Junior_Jane_ATCHE.jpg 1004w, https:\/\/www.hotelaultia.com\/wp-content\/uploads\/2020\/03\/sdb_Suite_Junior_Jane_ATCHE-300x170.jpg 300w, https:\/\/www.hotelaultia.com\/wp-content\/uploads\/2020\/03\/sdb_Suite_Junior_Jane_ATCHE-768x436.jpg 768w\" sizes=\"auto, (max-width: 1004px) 100vw, 1004px\" \/>\t\t\t\t\t\t\n\t\t\t\t\t<\/div>\n\t\t\t\t\t\t\t\t\n<style scope=\"scope\">\n\n#image_1961283625 {\n  width: 100%;\n}\n<\/style>\n\t<\/div>\n\t\n\n\t<div class=\"img has-hover x md-x lg-x y md-y lg-y\" id=\"image_758274910\">\n\t\t\t\t\t\t\t\t<div class=\"img-inner dark\" >\n\t\t\t<img loading=\"lazy\" decoding=\"async\" width=\"1004\" height=\"570\" src=\"https:\/\/www.hotelaultia.com\/wp-content\/uploads\/2020\/05\/suite-junior-medievale.jpg\" class=\"attachment-large size-large\" alt=\"Junior suite M\u00e9di\u00e9val villa aultia\" srcset=\"https:\/\/www.hotelaultia.com\/wp-content\/uploads\/2020\/05\/suite-junior-medievale.jpg 1004w, https:\/\/www.hotelaultia.com\/wp-content\/uploads\/2020\/05\/suite-junior-medievale-300x170.jpg 300w, https:\/\/www.hotelaultia.com\/wp-content\/uploads\/2020\/05\/suite-junior-medievale-768x436.jpg 768w\" sizes=\"auto, (max-width: 1004px) 100vw, 1004px\" \/>\t\t\t\t\t\t\n\t\t\t\t\t<\/div>\n\t\t\t\t\t\t\t\t\n<style scope=\"scope\">\n\n#image_758274910 {\n  width: 100%;\n}\n<\/style>\n\t<\/div>\n\t\n\n     <\/div>\n\n     <div class=\"loading-spin dark large centered\"><\/div>\n\n     <style scope=\"scope\">\n             <\/style>\n<\/div>\n\n\n<a rel=\"noopener noreferrer\" href=\"https:\/\/hotel-aultia.amenitiz.io\/de\/booking\/room\" target=\"_blank\" class=\"button primary expand\"  >\n    <span>F\u00fcr ein oder zwei Personen<\/span>\n  <\/a>\n\n\n\n\t\t<\/div>\n\t<\/div>\n\n\t\n\n<\/div>\n<div class=\"row\"  id=\"row-1306258409\">\n\n\n\t<div class=\"col small-12 large-12\"  >\n\t\t<div class=\"col-inner\"  >\n\t\t\t\n\t\t\t\n\n<h2>JUNIOR SUITE\u00bb<\/h2>\n<p>Alle Zimmer verf\u00fcgen \u00fcber einen 32\u201c-Flachbild-TV mit Led-Beleuchtung und Dolby Digital Plus, sorgf\u00e4ltig ausgew\u00e4hlte oder speziell angefertigte M\u00f6bel &amp; sch\u00f6ne B\u00e4der mit Balenotherapieinstallationen der ber\u00fchmten Marke GrandForm.<\/p>\n\n\t\t<\/div>\n\t<\/div>\n\n\t\n\n<\/div>\n","protected":false},"excerpt":{"rendered":"","protected":false},"author":1,"featured_media":0,"parent":0,"menu_order":0,"comment_status":"closed","ping_status":"open","template":"","meta":{"footnotes":""},"class_list":["post-502","page","type-page","status-publish","hentry"],"yoast_head":"<!-- This site is optimized with the Yoast SEO plugin v27.1.1 - https:\/\/yoast.com\/product\/yoast-seo-wordpress\/ -->\n<title>Junior suite - Villa Aultia Hotel - Die Somme-Bucht und ihre felsen<\/title>\n<meta name=\"description\" content=\"In AULT, Villa Aultia Hotel, ein 4 Sterne-Hotel mit Charme, das sich in der Somme-Bucht zwischen Saint-Valery sur Somme &amp; Le Tr\u00e9port befindet, zwischen der Opalk\u00fcste und der Alabasterk\u00fcste.\" \/>\n<meta name=\"robots\" content=\"index, follow, max-snippet:-1, max-image-preview:large, max-video-preview:-1\" \/>\n<link rel=\"canonical\" href=\"https:\/\/www.hotelaultia.com\/de\/junior-suite-villa-aultia\/\" \/>\n<meta property=\"og:locale\" content=\"de_DE\" \/>\n<meta property=\"og:type\" content=\"article\" \/>\n<meta property=\"og:title\" content=\"Junior suite - Villa Aultia Hotel - Die Somme-Bucht und ihre felsen\" \/>\n<meta property=\"og:description\" content=\"In AULT, Villa Aultia Hotel, ein 4 Sterne-Hotel mit Charme, das sich in der Somme-Bucht zwischen Saint-Valery sur Somme &amp; Le Tr\u00e9port befindet, zwischen der Opalk\u00fcste und der Alabasterk\u00fcste.\" \/>\n<meta property=\"og:url\" content=\"https:\/\/www.hotelaultia.com\/de\/junior-suite-villa-aultia\/\" \/>\n<meta property=\"og:site_name\" content=\"Villa Aultia\" \/>\n<meta property=\"article:modified_time\" content=\"2020-05-15T08:16:40+00:00\" \/>\n<meta name=\"twitter:card\" content=\"summary_large_image\" \/>\n<script type=\"application\/ld+json\" class=\"yoast-schema-graph\">{\"@context\":\"https:\/\/schema.org\",\"@graph\":[{\"@type\":\"WebPage\",\"@id\":\"https:\/\/www.hotelaultia.com\/de\/junior-suite-villa-aultia\/\",\"url\":\"https:\/\/www.hotelaultia.com\/de\/junior-suite-villa-aultia\/\",\"name\":\"Junior suite - Villa Aultia Hotel - Die Somme-Bucht und ihre felsen\",\"isPartOf\":{\"@id\":\"https:\/\/www.hotelaultia.com\/nl\/#website\"},\"datePublished\":\"2020-03-24T13:48:49+00:00\",\"dateModified\":\"2020-05-15T08:16:40+00:00\",\"description\":\"In AULT, Villa Aultia Hotel, ein 4 Sterne-Hotel mit Charme, das sich in der Somme-Bucht zwischen Saint-Valery sur Somme & Le Tr\u00e9port befindet, zwischen der Opalk\u00fcste und der Alabasterk\u00fcste.\",\"breadcrumb\":{\"@id\":\"https:\/\/www.hotelaultia.com\/de\/junior-suite-villa-aultia\/#breadcrumb\"},\"inLanguage\":\"de\",\"potentialAction\":[{\"@type\":\"ReadAction\",\"target\":[\"https:\/\/www.hotelaultia.com\/de\/junior-suite-villa-aultia\/\"]}]},{\"@type\":\"BreadcrumbList\",\"@id\":\"https:\/\/www.hotelaultia.com\/de\/junior-suite-villa-aultia\/#breadcrumb\",\"itemListElement\":[{\"@type\":\"ListItem\",\"position\":1,\"name\":\"Accueil\",\"item\":\"https:\/\/www.hotelaultia.com\/de\/\"},{\"@type\":\"ListItem\",\"position\":2,\"name\":\"Junior suite\"}]},{\"@type\":\"WebSite\",\"@id\":\"https:\/\/www.hotelaultia.com\/nl\/#website\",\"url\":\"https:\/\/www.hotelaultia.com\/nl\/\",\"name\":\"Hotel Aultia\",\"description\":\"Hotel &amp; Resort \u00e0 Ault- Boutique Hotel - Lounge Bar - Spa\",\"publisher\":{\"@id\":\"https:\/\/www.hotelaultia.com\/nl\/#organization\"},\"potentialAction\":[{\"@type\":\"SearchAction\",\"target\":{\"@type\":\"EntryPoint\",\"urlTemplate\":\"https:\/\/www.hotelaultia.com\/nl\/?s={search_term_string}\"},\"query-input\":{\"@type\":\"PropertyValueSpecification\",\"valueRequired\":true,\"valueName\":\"search_term_string\"}}],\"inLanguage\":\"de\"},{\"@type\":\"Organization\",\"@id\":\"https:\/\/www.hotelaultia.com\/nl\/#organization\",\"name\":\"Hotel Aultia\",\"url\":\"https:\/\/www.hotelaultia.com\/nl\/\",\"logo\":{\"@type\":\"ImageObject\",\"inLanguage\":\"de\",\"@id\":\"https:\/\/www.hotelaultia.com\/nl\/#\/schema\/logo\/image\/\",\"url\":\"https:\/\/www.hotelaultia.com\/wp-content\/uploads\/2020\/03\/logo.png\",\"contentUrl\":\"https:\/\/www.hotelaultia.com\/wp-content\/uploads\/2020\/03\/logo.png\",\"width\":149,\"height\":80,\"caption\":\"Hotel Aultia\"},\"image\":{\"@id\":\"https:\/\/www.hotelaultia.com\/nl\/#\/schema\/logo\/image\/\"}}]}<\/script>\n<!-- \/ Yoast SEO plugin. -->","yoast_head_json":{"title":"Junior suite - Villa Aultia Hotel - Die Somme-Bucht und ihre felsen","description":"In AULT, Villa Aultia Hotel, ein 4 Sterne-Hotel mit Charme, das sich in der Somme-Bucht zwischen Saint-Valery sur Somme & Le Tr\u00e9port befindet, zwischen der Opalk\u00fcste und der Alabasterk\u00fcste.","robots":{"index":"index","follow":"follow","max-snippet":"max-snippet:-1","max-image-preview":"max-image-preview:large","max-video-preview":"max-video-preview:-1"},"canonical":"https:\/\/www.hotelaultia.com\/de\/junior-suite-villa-aultia\/","og_locale":"de_DE","og_type":"article","og_title":"Junior suite - Villa Aultia Hotel - Die Somme-Bucht und ihre felsen","og_description":"In AULT, Villa Aultia Hotel, ein 4 Sterne-Hotel mit Charme, das sich in der Somme-Bucht zwischen Saint-Valery sur Somme & Le Tr\u00e9port befindet, zwischen der Opalk\u00fcste und der Alabasterk\u00fcste.","og_url":"https:\/\/www.hotelaultia.com\/de\/junior-suite-villa-aultia\/","og_site_name":"Villa Aultia","article_modified_time":"2020-05-15T08:16:40+00:00","twitter_card":"summary_large_image","schema":{"@context":"https:\/\/schema.org","@graph":[{"@type":"WebPage","@id":"https:\/\/www.hotelaultia.com\/de\/junior-suite-villa-aultia\/","url":"https:\/\/www.hotelaultia.com\/de\/junior-suite-villa-aultia\/","name":"Junior suite - Villa Aultia Hotel - Die Somme-Bucht und ihre felsen","isPartOf":{"@id":"https:\/\/www.hotelaultia.com\/nl\/#website"},"datePublished":"2020-03-24T13:48:49+00:00","dateModified":"2020-05-15T08:16:40+00:00","description":"In AULT, Villa Aultia Hotel, ein 4 Sterne-Hotel mit Charme, das sich in der Somme-Bucht zwischen Saint-Valery sur Somme & Le Tr\u00e9port befindet, zwischen der Opalk\u00fcste und der Alabasterk\u00fcste.","breadcrumb":{"@id":"https:\/\/www.hotelaultia.com\/de\/junior-suite-villa-aultia\/#breadcrumb"},"inLanguage":"de","potentialAction":[{"@type":"ReadAction","target":["https:\/\/www.hotelaultia.com\/de\/junior-suite-villa-aultia\/"]}]},{"@type":"BreadcrumbList","@id":"https:\/\/www.hotelaultia.com\/de\/junior-suite-villa-aultia\/#breadcrumb","itemListElement":[{"@type":"ListItem","position":1,"name":"Accueil","item":"https:\/\/www.hotelaultia.com\/de\/"},{"@type":"ListItem","position":2,"name":"Junior suite"}]},{"@type":"WebSite","@id":"https:\/\/www.hotelaultia.com\/nl\/#website","url":"https:\/\/www.hotelaultia.com\/nl\/","name":"Hotel Aultia","description":"Hotel &amp; Resort \u00e0 Ault- Boutique Hotel - Lounge Bar - Spa","publisher":{"@id":"https:\/\/www.hotelaultia.com\/nl\/#organization"},"potentialAction":[{"@type":"SearchAction","target":{"@type":"EntryPoint","urlTemplate":"https:\/\/www.hotelaultia.com\/nl\/?s={search_term_string}"},"query-input":{"@type":"PropertyValueSpecification","valueRequired":true,"valueName":"search_term_string"}}],"inLanguage":"de"},{"@type":"Organization","@id":"https:\/\/www.hotelaultia.com\/nl\/#organization","name":"Hotel Aultia","url":"https:\/\/www.hotelaultia.com\/nl\/","logo":{"@type":"ImageObject","inLanguage":"de","@id":"https:\/\/www.hotelaultia.com\/nl\/#\/schema\/logo\/image\/","url":"https:\/\/www.hotelaultia.com\/wp-content\/uploads\/2020\/03\/logo.png","contentUrl":"https:\/\/www.hotelaultia.com\/wp-content\/uploads\/2020\/03\/logo.png","width":149,"height":80,"caption":"Hotel Aultia"},"image":{"@id":"https:\/\/www.hotelaultia.com\/nl\/#\/schema\/logo\/image\/"}}]}},"_links":{"self":[{"href":"https:\/\/www.hotelaultia.com\/de\/wp-json\/wp\/v2\/pages\/502","targetHints":{"allow":["GET"]}}],"collection":[{"href":"https:\/\/www.hotelaultia.com\/de\/wp-json\/wp\/v2\/pages"}],"about":[{"href":"https:\/\/www.hotelaultia.com\/de\/wp-json\/wp\/v2\/types\/page"}],"author":[{"embeddable":true,"href":"https:\/\/www.hotelaultia.com\/de\/wp-json\/wp\/v2\/users\/1"}],"replies":[{"embeddable":true,"href":"https:\/\/www.hotelaultia.com\/de\/wp-json\/wp\/v2\/comments?post=502"}],"version-history":[{"count":4,"href":"https:\/\/www.hotelaultia.com\/de\/wp-json\/wp\/v2\/pages\/502\/revisions"}],"predecessor-version":[{"id":754,"href":"https:\/\/www.hotelaultia.com\/de\/wp-json\/wp\/v2\/pages\/502\/revisions\/754"}],"wp:attachment":[{"href":"https:\/\/www.hotelaultia.com\/de\/wp-json\/wp\/v2\/media?parent=502"}],"curies":[{"name":"wp","href":"https:\/\/api.w.org\/{rel}","templated":true}]}}