{"id":499,"date":"2020-03-24T10:33:17","date_gmt":"2020-03-24T09:33:17","guid":{"rendered":"https:\/\/www.hotelaultia.com\/new\/villa-aultia\/"},"modified":"2026-03-11T00:32:24","modified_gmt":"2026-03-10T23:32:24","slug":"villa-aultia","status":"publish","type":"page","link":"https:\/\/www.hotelaultia.com\/de\/villa-aultia\/","title":{"rendered":"Hotel"},"content":{"rendered":"<div class=\"row\"  id=\"row-318733199\">\n\n\t<div class=\"col small-12 large-12\"  >\n\t\t<div class=\"col-inner\"  >\n\t\t\t\n\t\t\t\n<div class=\"slider-wrapper relative slider-home\" id=\"slider-27138188\" style=\"background-color:rgb(255,255,255);\">\n    <div class=\"slider slider-type-fade slider-nav-circle slider-nav-large slider-nav-light slider-style-normal\"\n        data-flickity-options='{\n            \"cellAlign\": \"center\",\n            \"imagesLoaded\": true,\n            \"lazyLoad\": 1,\n            \"freeScroll\": false,\n            \"wrapAround\": true,\n            \"autoPlay\": 4000,\n            \"pauseAutoPlayOnHover\" : true,\n            \"prevNextButtons\": true,\n            \"contain\" : true,\n            \"adaptiveHeight\" : true,\n            \"dragThreshold\" : 10,\n            \"percentPosition\": true,\n            \"pageDots\": false,\n            \"rightToLeft\": false,\n            \"draggable\": true,\n            \"selectedAttraction\": 0.1,\n            \"parallax\" : 0,\n            \"friction\": 0.6        }'\n        >\n        \n\t<div class=\"img has-hover x md-x lg-x y md-y lg-y\" id=\"image_1841512417\">\n\t\t\t\t\t\t\t\t<div class=\"img-inner dark\" >\n\t\t\t<img loading=\"lazy\" decoding=\"async\" width=\"1004\" height=\"570\" src=\"https:\/\/www.hotelaultia.com\/wp-content\/uploads\/2020\/03\/RECEPTION_01.jpg\" class=\"attachment-large size-large\" alt=\"Villa Aultia Hotel &amp; Restaurant - Ault - Baie de Somme\" srcset=\"https:\/\/www.hotelaultia.com\/wp-content\/uploads\/2020\/03\/RECEPTION_01.jpg 1004w, https:\/\/www.hotelaultia.com\/wp-content\/uploads\/2020\/03\/RECEPTION_01-300x170.jpg 300w, https:\/\/www.hotelaultia.com\/wp-content\/uploads\/2020\/03\/RECEPTION_01-768x436.jpg 768w\" sizes=\"auto, (max-width: 1004px) 100vw, 1004px\" \/>\t\t\t\t\t\t\n\t\t\t\t\t<\/div>\n\t\t\t\t\t\t\t\t\n<style scope=\"scope\">\n\n#image_1841512417 {\n  width: 100%;\n}\n<\/style>\n\t<\/div>\n\t\n\t<div class=\"img has-hover x md-x lg-x y md-y lg-y\" id=\"image_613977291\">\n\t\t\t\t\t\t\t\t<div class=\"img-inner dark\" >\n\t\t\t<img loading=\"lazy\" decoding=\"async\" width=\"1004\" height=\"570\" src=\"https:\/\/www.hotelaultia.com\/wp-content\/uploads\/2020\/03\/PATIO_1.jpg\" class=\"attachment-large size-large\" alt=\"Villa Aultia Hotel &amp; Restaurant - Ault - Baie de Somme\" srcset=\"https:\/\/www.hotelaultia.com\/wp-content\/uploads\/2020\/03\/PATIO_1.jpg 1004w, https:\/\/www.hotelaultia.com\/wp-content\/uploads\/2020\/03\/PATIO_1-300x170.jpg 300w, https:\/\/www.hotelaultia.com\/wp-content\/uploads\/2020\/03\/PATIO_1-768x436.jpg 768w\" sizes=\"auto, (max-width: 1004px) 100vw, 1004px\" \/>\t\t\t\t\t\t\n\t\t\t\t\t<\/div>\n\t\t\t\t\t\t\t\t\n<style scope=\"scope\">\n\n#image_613977291 {\n  width: 100%;\n}\n<\/style>\n\t<\/div>\n\t\n\t<div class=\"img has-hover x md-x lg-x y md-y lg-y\" id=\"image_960546787\">\n\t\t\t\t\t\t\t\t<div class=\"img-inner dark\" >\n\t\t\t<img loading=\"lazy\" decoding=\"async\" width=\"1004\" height=\"570\" src=\"https:\/\/www.hotelaultia.com\/wp-content\/uploads\/2020\/03\/Patio_3.jpg\" class=\"attachment-large size-large\" alt=\"Villa Aultia Hotel &amp; Restaurant - Ault - Baie de Somme\" srcset=\"https:\/\/www.hotelaultia.com\/wp-content\/uploads\/2020\/03\/Patio_3.jpg 1004w, https:\/\/www.hotelaultia.com\/wp-content\/uploads\/2020\/03\/Patio_3-300x170.jpg 300w, https:\/\/www.hotelaultia.com\/wp-content\/uploads\/2020\/03\/Patio_3-768x436.jpg 768w\" sizes=\"auto, (max-width: 1004px) 100vw, 1004px\" \/>\t\t\t\t\t\t\n\t\t\t\t\t<\/div>\n\t\t\t\t\t\t\t\t\n<style scope=\"scope\">\n\n#image_960546787 {\n  width: 100%;\n}\n<\/style>\n\t<\/div>\n\t\n\t<div class=\"img has-hover x md-x lg-x y md-y lg-y\" id=\"image_1666216894\">\n\t\t\t\t\t\t\t\t<div class=\"img-inner dark\" >\n\t\t\t<img loading=\"lazy\" decoding=\"async\" width=\"1004\" height=\"570\" src=\"https:\/\/www.hotelaultia.com\/wp-content\/uploads\/2020\/03\/bienvenue.jpg\" class=\"attachment-large size-large\" alt=\"Villa Aultia Hotel &amp; Restaurant - Ault - Baie de Somme\" srcset=\"https:\/\/www.hotelaultia.com\/wp-content\/uploads\/2020\/03\/bienvenue.jpg 1004w, https:\/\/www.hotelaultia.com\/wp-content\/uploads\/2020\/03\/bienvenue-300x170.jpg 300w, https:\/\/www.hotelaultia.com\/wp-content\/uploads\/2020\/03\/bienvenue-768x436.jpg 768w\" sizes=\"auto, (max-width: 1004px) 100vw, 1004px\" \/>\t\t\t\t\t\t\n\t\t\t\t\t<\/div>\n\t\t\t\t\t\t\t\t\n<style scope=\"scope\">\n\n#image_1666216894 {\n  width: 100%;\n}\n<\/style>\n\t<\/div>\n\t\n\t<div class=\"img has-hover x md-x lg-x y md-y lg-y\" id=\"image_1720445545\">\n\t\t\t\t\t\t\t\t<div class=\"img-inner dark\" >\n\t\t\t<img loading=\"lazy\" decoding=\"async\" width=\"1004\" height=\"570\" src=\"https:\/\/www.hotelaultia.com\/wp-content\/uploads\/2020\/03\/PETIT_DEJEUNER.jpg\" class=\"attachment-large size-large\" alt=\"Villa Aultia Hotel &amp; Restaurant - Ault - Baie de Somme\" srcset=\"https:\/\/www.hotelaultia.com\/wp-content\/uploads\/2020\/03\/PETIT_DEJEUNER.jpg 1004w, https:\/\/www.hotelaultia.com\/wp-content\/uploads\/2020\/03\/PETIT_DEJEUNER-300x170.jpg 300w, https:\/\/www.hotelaultia.com\/wp-content\/uploads\/2020\/03\/PETIT_DEJEUNER-768x436.jpg 768w\" sizes=\"auto, (max-width: 1004px) 100vw, 1004px\" \/>\t\t\t\t\t\t\n\t\t\t\t\t<\/div>\n\t\t\t\t\t\t\t\t\n<style scope=\"scope\">\n\n#image_1720445545 {\n  width: 100%;\n}\n<\/style>\n\t<\/div>\n\t\n\t<div class=\"img has-hover x md-x lg-x y md-y lg-y\" id=\"image_1814560145\">\n\t\t\t\t\t\t\t\t<div class=\"img-inner dark\" >\n\t\t\t<img loading=\"lazy\" decoding=\"async\" width=\"1004\" height=\"570\" src=\"https:\/\/www.hotelaultia.com\/wp-content\/uploads\/2020\/03\/pdj.jpg\" class=\"attachment-large size-large\" alt=\"Villa Aultia Hotel &amp; Restaurant - Ault - Baie de Somme\" srcset=\"https:\/\/www.hotelaultia.com\/wp-content\/uploads\/2020\/03\/pdj.jpg 1004w, https:\/\/www.hotelaultia.com\/wp-content\/uploads\/2020\/03\/pdj-300x170.jpg 300w, https:\/\/www.hotelaultia.com\/wp-content\/uploads\/2020\/03\/pdj-768x436.jpg 768w\" sizes=\"auto, (max-width: 1004px) 100vw, 1004px\" \/>\t\t\t\t\t\t\n\t\t\t\t\t<\/div>\n\t\t\t\t\t\t\t\t\n<style scope=\"scope\">\n\n#image_1814560145 {\n  width: 100%;\n}\n<\/style>\n\t<\/div>\n\t\n     <\/div>\n\n     <div class=\"loading-spin dark large centered\"><\/div>\n\n     <style scope=\"scope\">\n             <\/style>\n<\/div>\n\n\n\t\t<\/div>\n\t<\/div>\n\n\t\n<\/div>\n<div class=\"row\"  id=\"row-108173745\">\n\n\t<div class=\"col small-12 large-12\"  >\n\t\t<div class=\"col-inner\"  >\n\t\t\t\n\t\t\t\n<h2>DAS HOTEL VILLA AULTIA<\/h2>\n<p>Das komplett renovierte 3-Sterne-Boutique-Hotel von Jean-Fran\u00e7ois-Emmanuel und Nicolas-Salvatore MORGILLO befindet sich am s\u00fcdlichen Eingang zum Gebiet mit dem Label &#8220;Grands Sites de France &#8211; Baie de Somme&#8221;. Im Herzen eines authentischen Badeortes mit einer starken Belle-Epoque-Identit\u00e4t, ausgezeichnet mit der Blauen Flagge Europas, erholen Sie sich in einem aussergew\u00f6hnlichen Rahmen mit Blick auf die Felsen der Alabasterk\u00fcste.<\/p>\n<p>Geniessen Sie <a href=\"https:\/\/www.hotelaultia.com\/de\/zimmer-villa-aultia\/\" style=\"color:#c9a96e;\">14 Zimmer und Suiten<\/a>, sorgf\u00e4ltig eingerichtet im Stil des Goldenen Zeitalters und der Belle Epoque, alle ausgestattet mit Balneotherapie-B\u00e4dern f\u00fcr einen Aufenthalt im Zeichen des Wohlbefindens. Jedes Zimmer huldigt einer ber\u00fchmten Pers\u00f6nlichkeit, die die Geschichte dieses historischen Badeortes gepr\u00e4gt hat.<\/p>\n<div style=\"display:flex; flex-wrap:wrap; gap:40px; margin-top:20px;\">\n<div style=\"flex:1; min-width:220px;\">\n<h3>INTERNET<\/h3>\n<p>Kostenloses WLAN an der Rezeption<\/p>\n<h3>SERVICES<\/h3>\n<p>Individueller Safe in den Zimmern, Kopier- und Faxservice, Gep\u00e4ckaufbewahrung, Patio und Terrassen.<\/p>\n<h3>HAUSTIERE<\/h3>\n<p>Haustiere sind in unserem Haus nicht gestattet.<\/p>\n<\/p>\n<\/div>\n<div style=\"flex:1; min-width:220px; background-color:rgba(255,255,255,0.06); padding:20px;\">\n<h3>PRAKTISCHE INFORMATIONEN<\/h3>\n<ul>\n<li>Ankunft ab 16:00 Uhr &#8211; Abreise bis 11:00 Uhr<\/li>\n<li>Rezeption geschlossen von 13:00 bis 16:00 Uhr<\/li>\n<li>Geschlossen am Sonntagabend und Montag (ausser Feiertagen und Hochsaison)<\/li>\n<li>Die f\u00fcr die Reservierung verwendete Bankkarte wird bei der Ankunft verlangt<\/li>\n<li>Hotel nicht klimatisiert<\/li>\n<li>Hotel ohne Aufzug<\/li>\n<li>Hotel nicht f\u00fcr PRM geeignet<\/li>\n<li>Kostenloser, unbewachter Parkplatz<\/li>\n<li>Kein Fahrradkeller<\/li>\n<\/ul>\n<\/div>\n<\/div>\n\t\t<\/div>\n\t<\/div>\n\n\t\n<\/div>\n","protected":false},"excerpt":{"rendered":"","protected":false},"author":1,"featured_media":0,"parent":0,"menu_order":0,"comment_status":"closed","ping_status":"open","template":"","meta":{"footnotes":""},"class_list":["post-499","page","type-page","status-publish","hentry"],"yoast_head":"<!-- This site is optimized with the Yoast SEO plugin v27.1.1 - https:\/\/yoast.com\/product\/yoast-seo-wordpress\/ -->\n<title>Villa Aultia Hotel &amp; Resort - Boutique Hotel - Restaurant - Lounge Bar - Spa<\/title>\n<meta name=\"description\" content=\"In AULT, Villa Aultia Hotel, ein 4 Sterne-Hotel mit Charme, das sich in der Somme-Bucht zwischen Saint-Valery sur Somme &amp; Le Tr\u00e9port befindet, zwischen der Opalk\u00fcste und der Alabasterk\u00fcste.\" \/>\n<meta name=\"robots\" content=\"index, follow, max-snippet:-1, max-image-preview:large, max-video-preview:-1\" \/>\n<link rel=\"canonical\" href=\"https:\/\/www.hotelaultia.com\/de\/villa-aultia\/\" \/>\n<meta property=\"og:locale\" content=\"de_DE\" \/>\n<meta property=\"og:type\" content=\"article\" \/>\n<meta property=\"og:title\" content=\"Villa Aultia Hotel &amp; Resort - Boutique Hotel - Restaurant - Lounge Bar - Spa\" \/>\n<meta property=\"og:description\" content=\"In AULT, Villa Aultia Hotel, ein 4 Sterne-Hotel mit Charme, das sich in der Somme-Bucht zwischen Saint-Valery sur Somme &amp; Le Tr\u00e9port befindet, zwischen der Opalk\u00fcste und der Alabasterk\u00fcste.\" \/>\n<meta property=\"og:url\" content=\"https:\/\/www.hotelaultia.com\/de\/villa-aultia\/\" \/>\n<meta property=\"og:site_name\" content=\"Villa Aultia\" \/>\n<meta property=\"article:modified_time\" content=\"2026-03-10T23:32:24+00:00\" \/>\n<meta name=\"twitter:card\" content=\"summary_large_image\" \/>\n<meta name=\"twitter:label1\" content=\"Gesch\u00e4tzte Lesezeit\" \/>\n\t<meta name=\"twitter:data1\" content=\"1\u00a0Minute\" \/>\n<script type=\"application\/ld+json\" class=\"yoast-schema-graph\">{\"@context\":\"https:\/\/schema.org\",\"@graph\":[{\"@type\":\"WebPage\",\"@id\":\"https:\/\/www.hotelaultia.com\/de\/villa-aultia\/\",\"url\":\"https:\/\/www.hotelaultia.com\/de\/villa-aultia\/\",\"name\":\"Villa Aultia Hotel & Resort - Boutique Hotel - Restaurant - Lounge Bar - Spa\",\"isPartOf\":{\"@id\":\"https:\/\/www.hotelaultia.com\/nl\/#website\"},\"datePublished\":\"2020-03-24T09:33:17+00:00\",\"dateModified\":\"2026-03-10T23:32:24+00:00\",\"description\":\"In AULT, Villa Aultia Hotel, ein 4 Sterne-Hotel mit Charme, das sich in der Somme-Bucht zwischen Saint-Valery sur Somme & Le Tr\u00e9port befindet, zwischen der Opalk\u00fcste und der Alabasterk\u00fcste.\",\"breadcrumb\":{\"@id\":\"https:\/\/www.hotelaultia.com\/de\/villa-aultia\/#breadcrumb\"},\"inLanguage\":\"de\",\"potentialAction\":[{\"@type\":\"ReadAction\",\"target\":[\"https:\/\/www.hotelaultia.com\/de\/villa-aultia\/\"]}]},{\"@type\":\"BreadcrumbList\",\"@id\":\"https:\/\/www.hotelaultia.com\/de\/villa-aultia\/#breadcrumb\",\"itemListElement\":[{\"@type\":\"ListItem\",\"position\":1,\"name\":\"Accueil\",\"item\":\"https:\/\/www.hotelaultia.com\/de\/\"},{\"@type\":\"ListItem\",\"position\":2,\"name\":\"Hotel\"}]},{\"@type\":\"WebSite\",\"@id\":\"https:\/\/www.hotelaultia.com\/nl\/#website\",\"url\":\"https:\/\/www.hotelaultia.com\/nl\/\",\"name\":\"Hotel Aultia\",\"description\":\"Hotel &amp; Resort \u00e0 Ault- Boutique Hotel - Lounge Bar - Spa\",\"publisher\":{\"@id\":\"https:\/\/www.hotelaultia.com\/nl\/#organization\"},\"potentialAction\":[{\"@type\":\"SearchAction\",\"target\":{\"@type\":\"EntryPoint\",\"urlTemplate\":\"https:\/\/www.hotelaultia.com\/nl\/?s={search_term_string}\"},\"query-input\":{\"@type\":\"PropertyValueSpecification\",\"valueRequired\":true,\"valueName\":\"search_term_string\"}}],\"inLanguage\":\"de\"},{\"@type\":\"Organization\",\"@id\":\"https:\/\/www.hotelaultia.com\/nl\/#organization\",\"name\":\"Hotel Aultia\",\"url\":\"https:\/\/www.hotelaultia.com\/nl\/\",\"logo\":{\"@type\":\"ImageObject\",\"inLanguage\":\"de\",\"@id\":\"https:\/\/www.hotelaultia.com\/nl\/#\/schema\/logo\/image\/\",\"url\":\"https:\/\/www.hotelaultia.com\/wp-content\/uploads\/2020\/03\/logo.png\",\"contentUrl\":\"https:\/\/www.hotelaultia.com\/wp-content\/uploads\/2020\/03\/logo.png\",\"width\":149,\"height\":80,\"caption\":\"Hotel Aultia\"},\"image\":{\"@id\":\"https:\/\/www.hotelaultia.com\/nl\/#\/schema\/logo\/image\/\"}}]}<\/script>\n<!-- \/ Yoast SEO plugin. -->","yoast_head_json":{"title":"Villa Aultia Hotel & Resort - Boutique Hotel - Restaurant - Lounge Bar - Spa","description":"In AULT, Villa Aultia Hotel, ein 4 Sterne-Hotel mit Charme, das sich in der Somme-Bucht zwischen Saint-Valery sur Somme & Le Tr\u00e9port befindet, zwischen der Opalk\u00fcste und der Alabasterk\u00fcste.","robots":{"index":"index","follow":"follow","max-snippet":"max-snippet:-1","max-image-preview":"max-image-preview:large","max-video-preview":"max-video-preview:-1"},"canonical":"https:\/\/www.hotelaultia.com\/de\/villa-aultia\/","og_locale":"de_DE","og_type":"article","og_title":"Villa Aultia Hotel & Resort - Boutique Hotel - Restaurant - Lounge Bar - Spa","og_description":"In AULT, Villa Aultia Hotel, ein 4 Sterne-Hotel mit Charme, das sich in der Somme-Bucht zwischen Saint-Valery sur Somme & Le Tr\u00e9port befindet, zwischen der Opalk\u00fcste und der Alabasterk\u00fcste.","og_url":"https:\/\/www.hotelaultia.com\/de\/villa-aultia\/","og_site_name":"Villa Aultia","article_modified_time":"2026-03-10T23:32:24+00:00","twitter_card":"summary_large_image","twitter_misc":{"Gesch\u00e4tzte Lesezeit":"1\u00a0Minute"},"schema":{"@context":"https:\/\/schema.org","@graph":[{"@type":"WebPage","@id":"https:\/\/www.hotelaultia.com\/de\/villa-aultia\/","url":"https:\/\/www.hotelaultia.com\/de\/villa-aultia\/","name":"Villa Aultia Hotel & Resort - Boutique Hotel - Restaurant - Lounge Bar - Spa","isPartOf":{"@id":"https:\/\/www.hotelaultia.com\/nl\/#website"},"datePublished":"2020-03-24T09:33:17+00:00","dateModified":"2026-03-10T23:32:24+00:00","description":"In AULT, Villa Aultia Hotel, ein 4 Sterne-Hotel mit Charme, das sich in der Somme-Bucht zwischen Saint-Valery sur Somme & Le Tr\u00e9port befindet, zwischen der Opalk\u00fcste und der Alabasterk\u00fcste.","breadcrumb":{"@id":"https:\/\/www.hotelaultia.com\/de\/villa-aultia\/#breadcrumb"},"inLanguage":"de","potentialAction":[{"@type":"ReadAction","target":["https:\/\/www.hotelaultia.com\/de\/villa-aultia\/"]}]},{"@type":"BreadcrumbList","@id":"https:\/\/www.hotelaultia.com\/de\/villa-aultia\/#breadcrumb","itemListElement":[{"@type":"ListItem","position":1,"name":"Accueil","item":"https:\/\/www.hotelaultia.com\/de\/"},{"@type":"ListItem","position":2,"name":"Hotel"}]},{"@type":"WebSite","@id":"https:\/\/www.hotelaultia.com\/nl\/#website","url":"https:\/\/www.hotelaultia.com\/nl\/","name":"Hotel Aultia","description":"Hotel &amp; Resort \u00e0 Ault- Boutique Hotel - Lounge Bar - Spa","publisher":{"@id":"https:\/\/www.hotelaultia.com\/nl\/#organization"},"potentialAction":[{"@type":"SearchAction","target":{"@type":"EntryPoint","urlTemplate":"https:\/\/www.hotelaultia.com\/nl\/?s={search_term_string}"},"query-input":{"@type":"PropertyValueSpecification","valueRequired":true,"valueName":"search_term_string"}}],"inLanguage":"de"},{"@type":"Organization","@id":"https:\/\/www.hotelaultia.com\/nl\/#organization","name":"Hotel Aultia","url":"https:\/\/www.hotelaultia.com\/nl\/","logo":{"@type":"ImageObject","inLanguage":"de","@id":"https:\/\/www.hotelaultia.com\/nl\/#\/schema\/logo\/image\/","url":"https:\/\/www.hotelaultia.com\/wp-content\/uploads\/2020\/03\/logo.png","contentUrl":"https:\/\/www.hotelaultia.com\/wp-content\/uploads\/2020\/03\/logo.png","width":149,"height":80,"caption":"Hotel Aultia"},"image":{"@id":"https:\/\/www.hotelaultia.com\/nl\/#\/schema\/logo\/image\/"}}]}},"_links":{"self":[{"href":"https:\/\/www.hotelaultia.com\/de\/wp-json\/wp\/v2\/pages\/499","targetHints":{"allow":["GET"]}}],"collection":[{"href":"https:\/\/www.hotelaultia.com\/de\/wp-json\/wp\/v2\/pages"}],"about":[{"href":"https:\/\/www.hotelaultia.com\/de\/wp-json\/wp\/v2\/types\/page"}],"author":[{"embeddable":true,"href":"https:\/\/www.hotelaultia.com\/de\/wp-json\/wp\/v2\/users\/1"}],"replies":[{"embeddable":true,"href":"https:\/\/www.hotelaultia.com\/de\/wp-json\/wp\/v2\/comments?post=499"}],"version-history":[{"count":10,"href":"https:\/\/www.hotelaultia.com\/de\/wp-json\/wp\/v2\/pages\/499\/revisions"}],"predecessor-version":[{"id":1111,"href":"https:\/\/www.hotelaultia.com\/de\/wp-json\/wp\/v2\/pages\/499\/revisions\/1111"}],"wp:attachment":[{"href":"https:\/\/www.hotelaultia.com\/de\/wp-json\/wp\/v2\/media?parent=499"}],"curies":[{"name":"wp","href":"https:\/\/api.w.org\/{rel}","templated":true}]}}