{"id":496,"date":"2020-03-20T10:23:03","date_gmt":"2020-03-20T09:23:03","guid":{"rendered":"https:\/\/www.hotelaultia.com\/new\/page-d-exemple\/"},"modified":"2026-03-11T00:01:51","modified_gmt":"2026-03-10T23:01:51","slug":"page-d-exemple","status":"publish","type":"page","link":"https:\/\/www.hotelaultia.com\/de\/","title":{"rendered":"home"},"content":{"rendered":"<div class=\"row\"  id=\"row-723461187\">\n\n\t<div class=\"col small-12 large-12\"  >\n\t\t<div class=\"col-inner\"  >\n\t\t\t\n\t\t\t\n<div class=\"slider-wrapper relative slider-home\" id=\"slider-1195423325\" style=\"background-color:rgb(255,255,255);\">\n    <div class=\"slider slider-type-fade slider-nav-circle slider-nav-large slider-nav-light slider-style-normal\"\n        data-flickity-options='{\n            \"cellAlign\": \"center\",\n            \"imagesLoaded\": true,\n            \"lazyLoad\": 1,\n            \"freeScroll\": false,\n            \"wrapAround\": true,\n            \"autoPlay\": 4000,\n            \"pauseAutoPlayOnHover\" : true,\n            \"prevNextButtons\": true,\n            \"contain\" : true,\n            \"adaptiveHeight\" : true,\n            \"dragThreshold\" : 10,\n            \"percentPosition\": true,\n            \"pageDots\": false,\n            \"rightToLeft\": false,\n            \"draggable\": true,\n            \"selectedAttraction\": 0.1,\n            \"parallax\" : 0,\n            \"friction\": 0.6        }'\n        >\n        \n\t<div class=\"img has-hover x md-x lg-x y md-y lg-y\" id=\"image_1539327247\">\n\t\t\t\t\t\t\t\t<div class=\"img-inner dark\" >\n\t\t\t<img loading=\"lazy\" decoding=\"async\" width=\"1004\" height=\"570\" src=\"https:\/\/www.hotelaultia.com\/wp-content\/uploads\/2020\/03\/AULT.jpg\" class=\"attachment-large size-large\" alt=\"Villa Aultia Hotel &amp; Restaurant - Ault - Baie de Somme\" srcset=\"https:\/\/www.hotelaultia.com\/wp-content\/uploads\/2020\/03\/AULT.jpg 1004w, https:\/\/www.hotelaultia.com\/wp-content\/uploads\/2020\/03\/AULT-300x170.jpg 300w, https:\/\/www.hotelaultia.com\/wp-content\/uploads\/2020\/03\/AULT-768x436.jpg 768w\" sizes=\"auto, (max-width: 1004px) 100vw, 1004px\" \/>\t\t\t\t\t\t\n\t\t\t\t\t<\/div>\n\t\t\t\t\t\t\t\t\n<style scope=\"scope\">\n\n#image_1539327247 {\n  width: 100%;\n}\n<\/style>\n\t<\/div>\n\t\n\t<div class=\"img has-hover x md-x lg-x y md-y lg-y\" id=\"image_1091637153\">\n\t\t\t\t\t\t\t\t<div class=\"img-inner dark\" >\n\t\t\t<img loading=\"lazy\" decoding=\"async\" width=\"1004\" height=\"570\" src=\"https:\/\/www.hotelaultia.com\/wp-content\/uploads\/2020\/03\/AULT_Panoramique.jpg\" class=\"attachment-large size-large\" alt=\"Villa Aultia Hotel &amp; Restaurant - Ault - Baie de Somme\" srcset=\"https:\/\/www.hotelaultia.com\/wp-content\/uploads\/2020\/03\/AULT_Panoramique.jpg 1004w, https:\/\/www.hotelaultia.com\/wp-content\/uploads\/2020\/03\/AULT_Panoramique-300x170.jpg 300w, https:\/\/www.hotelaultia.com\/wp-content\/uploads\/2020\/03\/AULT_Panoramique-768x436.jpg 768w\" sizes=\"auto, (max-width: 1004px) 100vw, 1004px\" \/>\t\t\t\t\t\t\n\t\t\t\t\t<\/div>\n\t\t\t\t\t\t\t\t\n<style scope=\"scope\">\n\n#image_1091637153 {\n  width: 100%;\n}\n<\/style>\n\t<\/div>\n\t\n\t<div class=\"img has-hover x md-x lg-x y md-y lg-y\" id=\"image_2090471904\">\n\t\t\t\t\t\t\t\t<div class=\"img-inner dark\" >\n\t\t\t<img loading=\"lazy\" decoding=\"async\" width=\"1004\" height=\"570\" src=\"https:\/\/www.hotelaultia.com\/wp-content\/uploads\/2020\/03\/Falaise_Ault_1.jpg\" class=\"attachment-large size-large\" alt=\"Villa Aultia Hotel &amp; Restaurant - Ault - Baie de Somme\" srcset=\"https:\/\/www.hotelaultia.com\/wp-content\/uploads\/2020\/03\/Falaise_Ault_1.jpg 1004w, https:\/\/www.hotelaultia.com\/wp-content\/uploads\/2020\/03\/Falaise_Ault_1-300x170.jpg 300w, https:\/\/www.hotelaultia.com\/wp-content\/uploads\/2020\/03\/Falaise_Ault_1-768x436.jpg 768w\" sizes=\"auto, (max-width: 1004px) 100vw, 1004px\" \/>\t\t\t\t\t\t\n\t\t\t\t\t<\/div>\n\t\t\t\t\t\t\t\t\n<style scope=\"scope\">\n\n#image_2090471904 {\n  width: 100%;\n}\n<\/style>\n\t<\/div>\n\t\n\t<div class=\"img has-hover x md-x lg-x y md-y lg-y\" id=\"image_182008550\">\n\t\t\t\t\t\t\t\t<div class=\"img-inner dark\" >\n\t\t\t<img loading=\"lazy\" decoding=\"async\" width=\"1004\" height=\"570\" src=\"https:\/\/www.hotelaultia.com\/wp-content\/uploads\/2020\/03\/Falaise_Ault_2.jpg\" class=\"attachment-large size-large\" alt=\"Villa Aultia Hotel &amp; Restaurant - Ault - Baie de Somme\" srcset=\"https:\/\/www.hotelaultia.com\/wp-content\/uploads\/2020\/03\/Falaise_Ault_2.jpg 1004w, https:\/\/www.hotelaultia.com\/wp-content\/uploads\/2020\/03\/Falaise_Ault_2-300x170.jpg 300w, https:\/\/www.hotelaultia.com\/wp-content\/uploads\/2020\/03\/Falaise_Ault_2-768x436.jpg 768w\" sizes=\"auto, (max-width: 1004px) 100vw, 1004px\" \/>\t\t\t\t\t\t\n\t\t\t\t\t<\/div>\n\t\t\t\t\t\t\t\t\n<style scope=\"scope\">\n\n#image_182008550 {\n  width: 100%;\n}\n<\/style>\n\t<\/div>\n\t\n\t<div class=\"img has-hover x md-x lg-x y md-y lg-y\" id=\"image_889416457\">\n\t\t\t\t\t\t\t\t<div class=\"img-inner dark\" >\n\t\t\t<img loading=\"lazy\" decoding=\"async\" width=\"1004\" height=\"570\" src=\"https:\/\/www.hotelaultia.com\/wp-content\/uploads\/2020\/03\/Plage_Ault_2.jpg\" class=\"attachment-large size-large\" alt=\"Villa Aultia Hotel &amp; Restaurant - Ault - Baie de Somme\" srcset=\"https:\/\/www.hotelaultia.com\/wp-content\/uploads\/2020\/03\/Plage_Ault_2.jpg 1004w, https:\/\/www.hotelaultia.com\/wp-content\/uploads\/2020\/03\/Plage_Ault_2-300x170.jpg 300w, https:\/\/www.hotelaultia.com\/wp-content\/uploads\/2020\/03\/Plage_Ault_2-768x436.jpg 768w\" sizes=\"auto, (max-width: 1004px) 100vw, 1004px\" \/>\t\t\t\t\t\t\n\t\t\t\t\t<\/div>\n\t\t\t\t\t\t\t\t\n<style scope=\"scope\">\n\n#image_889416457 {\n  width: 100%;\n}\n<\/style>\n\t<\/div>\n\t\n\t<div class=\"img has-hover x md-x lg-x y md-y lg-y\" id=\"image_252153396\">\n\t\t\t\t\t\t\t\t<div class=\"img-inner dark\" >\n\t\t\t<img loading=\"lazy\" decoding=\"async\" width=\"1004\" height=\"570\" src=\"https:\/\/www.hotelaultia.com\/wp-content\/uploads\/2020\/03\/RECEPTION_01.jpg\" class=\"attachment-large size-large\" alt=\"Villa Aultia Hotel &amp; Restaurant - Ault - Baie de Somme\" srcset=\"https:\/\/www.hotelaultia.com\/wp-content\/uploads\/2020\/03\/RECEPTION_01.jpg 1004w, https:\/\/www.hotelaultia.com\/wp-content\/uploads\/2020\/03\/RECEPTION_01-300x170.jpg 300w, https:\/\/www.hotelaultia.com\/wp-content\/uploads\/2020\/03\/RECEPTION_01-768x436.jpg 768w\" sizes=\"auto, (max-width: 1004px) 100vw, 1004px\" \/>\t\t\t\t\t\t\n\t\t\t\t\t<\/div>\n\t\t\t\t\t\t\t\t\n<style scope=\"scope\">\n\n#image_252153396 {\n  width: 100%;\n}\n<\/style>\n\t<\/div>\n\t\n\t<div class=\"img has-hover x md-x lg-x y md-y lg-y\" id=\"image_687157789\">\n\t\t\t\t\t\t\t\t<div class=\"img-inner dark\" >\n\t\t\t<img loading=\"lazy\" decoding=\"async\" width=\"1004\" height=\"570\" src=\"https:\/\/www.hotelaultia.com\/wp-content\/uploads\/2020\/03\/1837_1.jpg\" class=\"attachment-large size-large\" alt=\"Villa Aultia Hotel &amp; Restaurant - Ault - Baie de Somme\" srcset=\"https:\/\/www.hotelaultia.com\/wp-content\/uploads\/2020\/03\/1837_1.jpg 1004w, https:\/\/www.hotelaultia.com\/wp-content\/uploads\/2020\/03\/1837_1-300x170.jpg 300w, https:\/\/www.hotelaultia.com\/wp-content\/uploads\/2020\/03\/1837_1-768x436.jpg 768w\" sizes=\"auto, (max-width: 1004px) 100vw, 1004px\" \/>\t\t\t\t\t\t\n\t\t\t\t\t<\/div>\n\t\t\t\t\t\t\t\t\n<style scope=\"scope\">\n\n#image_687157789 {\n  width: 100%;\n}\n<\/style>\n\t<\/div>\n\t\n     <\/div>\n\n     <div class=\"loading-spin dark large centered\"><\/div>\n\n     <style scope=\"scope\">\n             <\/style>\n<\/div>\n\n\n\t\t<\/div>\n\t<\/div>\n\n\t\n<\/div>\n<div class=\"row\"  id=\"row-1746386852\">\n\n\t<div class=\"col medium-4 small-12 large-4\"  >\n\t\t<div class=\"col-inner\"  >\n\t\t\t\n\t\t\t\n<h2>DIE SOMME-BUCHT UND IHRE FELSEN<\/h2>\n\t<div class=\"img has-hover x md-x lg-x y md-y lg-y\" id=\"image_724001361\">\n\t\t<a class=\"\" href=\"https:\/\/www.hotelaultia.com\/de\/lage-villa-aultia-baie-de-somme\/\"  >\t\t\t\t\t\t<div class=\"img-inner image-fade-out dark\" >\n\t\t\t<img loading=\"lazy\" decoding=\"async\" width=\"310\" height=\"180\" src=\"https:\/\/www.hotelaultia.com\/wp-content\/uploads\/2020\/03\/home_Ault.jpg\" class=\"attachment-large size-large\" alt=\"Villa Aultia Hotel &amp; Restaurant - Ault - Baie de Somme\" srcset=\"https:\/\/www.hotelaultia.com\/wp-content\/uploads\/2020\/03\/home_Ault.jpg 310w, https:\/\/www.hotelaultia.com\/wp-content\/uploads\/2020\/03\/home_Ault-300x174.jpg 300w\" sizes=\"auto, (max-width: 310px) 100vw, 310px\" \/>\t\t\t\t\t\t\n\t\t\t\t\t<\/div>\n\t\t\t\t\t\t<\/a>\t\t\n<style scope=\"scope\">\n\n#image_724001361 {\n  width: 100%;\n}\n<\/style>\n\t<\/div>\n\t\n<p>In AULT (Lieblingsd\u00f6rfer der Franzosen) liegt das Villa Aultia Hotel, ein 3-Sterne-Charmehotel in der Somme-Bucht zwischen Saint-Valery-sur-Somme und Le Tr\u00e9port, zwischen der Opalk\u00fcste und der Alabasterk\u00fcste.<\/p>\n<p>Am Meer, nur zwei Stunden von Paris entfernt.<\/p>\n<p>In nicht allzu weiter Entfernung zu verschiedenen Hauptst\u00e4dten (Paris, Br\u00fcssel) und regionalen Metropolen (Rouen, Amiens, Lille, Br\u00fcgge&#8230;) gelegen, befindet sich das komplett renovierte Boutique-Hotel von Jean-Fran\u00e7ois-Emmanuel und Nicolas-Salvatore MORGILLO an der s\u00fcdlichen Eingangspforte zu dem Gebiet mit dem Label &#8220;Herausragende St\u00e4tte Frankreichs &#8211; Somme-Bucht&#8221;.<\/p>\n<p>Es liegt im Herzen eines Jahrhunderte alten und authentischen Badeortes mit einer starken Belle-Epoque-Identit\u00e4t, ausgezeichnet mit der Blauen Flagge Europas.<br \/>\nHier kommen Sie in den Genuss einer zeitlosen, entspannten Atmosph\u00e4re und einer gigantischen Naturlandschaft, die Wiege der Felsen der Alabasterk\u00fcste.<\/p>\n\t\t<\/div>\n\t<\/div>\n\n\t\n\n\t<div class=\"col medium-4 small-12 large-4\"  >\n\t\t<div class=\"col-inner\"  >\n\t\t\t\n\t\t\t\n<h2>LUXURI\u00d6SE ZIMMER<\/h2>\n\t<div class=\"img has-hover x md-x lg-x y md-y lg-y\" id=\"image_2128546326\">\n\t\t<a class=\"\" href=\"https:\/\/www.hotelaultia.com\/de\/zimmer-villa-aultia\/\"  >\t\t\t\t\t\t<div class=\"img-inner image-fade-out dark\" >\n\t\t\t<img loading=\"lazy\" decoding=\"async\" width=\"310\" height=\"180\" src=\"https:\/\/www.hotelaultia.com\/wp-content\/uploads\/2020\/03\/home_room.jpg\" class=\"attachment-large size-large\" alt=\"Villa Aultia Hotel &amp; Restaurant - Ault - Baie de Somme\" srcset=\"https:\/\/www.hotelaultia.com\/wp-content\/uploads\/2020\/03\/home_room.jpg 310w, https:\/\/www.hotelaultia.com\/wp-content\/uploads\/2020\/03\/home_room-300x174.jpg 300w\" sizes=\"auto, (max-width: 310px) 100vw, 310px\" \/>\t\t\t\t\t\t\n\t\t\t\t\t<\/div>\n\t\t\t\t\t\t<\/a>\t\t\n<style scope=\"scope\">\n\n#image_2128546326 {\n  width: 100%;\n}\n<\/style>\n\t<\/div>\n\t\n<p>Die vielen Ausblicke auf das Meer der Villa Aultia werden Ihren faszinierenden Aufenthalt im Boutique-Hotel bereichern.<\/p>\n<p>Alle unsere Zimmer verf\u00fcgen \u00fcber einen 32&#8221;-Flachbild-TV mit Led-Beleuchtung und Dolby Digital Plus, sorgf\u00e4ltig ausgew\u00e4hlte oder speziell angefertigte M\u00f6bel &amp; ger\u00e4umige B\u00e4der mit Teakholzparkett &amp; Mosaikdekoren sowieBalenotherapieinstallationen der ber\u00fchmten Marke GrandForm.<\/p>\n\t\t<\/div>\n\t<\/div>\n\n\t\n\n\t<div class=\"col medium-4 small-12 large-4\"  >\n\t\t<div class=\"col-inner\"  >\n\t\t\t\n\t\t\t\n<h2>DAS HOTEL<br \/>\n<\/h2>\n\t<div class=\"img has-hover x md-x lg-x y md-y lg-y\" id=\"image_278076674\">\n\t\t<a class=\"\" href=\"https:\/\/www.hotelaultia.com\/de\/villa-aultia\/\"  >\t\t\t\t\t\t<div class=\"img-inner image-fade-out dark\" >\n\t\t\t<img loading=\"lazy\" decoding=\"async\" width=\"310\" height=\"180\" src=\"https:\/\/www.hotelaultia.com\/wp-content\/uploads\/2020\/03\/home_sdb.jpg\" class=\"attachment-large size-large\" alt=\"Villa Aultia Hotel &amp; Restaurant - Ault - Baie de Somme\" srcset=\"https:\/\/www.hotelaultia.com\/wp-content\/uploads\/2020\/03\/home_sdb.jpg 310w, https:\/\/www.hotelaultia.com\/wp-content\/uploads\/2020\/03\/home_sdb-300x174.jpg 300w\" sizes=\"auto, (max-width: 310px) 100vw, 310px\" \/>\t\t\t\t\t\t\n\t\t\t\t\t<\/div>\n\t\t\t\t\t\t<\/a>\t\t\n<style scope=\"scope\">\n\n#image_278076674 {\n  width: 100%;\n}\n<\/style>\n\t<\/div>\n\t\n<p><strong>Internet<\/strong><br \/>\nKostenloses WLAN an der Rezeption.<\/p>\n<p><strong>Services<\/strong><br \/>\nIndividueller Safe in den Zimmern, Kopier- und Faxservice, Gep\u00e4ckaufbewahrung, Patio und Terrassen.<\/p>\n<p><strong>Haustiere<\/strong><br \/>\nHaustiere sind in unserem Haus nicht gestattet.<\/p>\n<p><strong>Sonstiges<\/strong><br \/>\nAnkunft ab 16:00 Uhr \/ Abreise bis 11:00 Uhr.<br \/>\nDie f\u00fcr die Reservierung verwendete Bankkarte wird bei der Ankunft verlangt.<br \/>\nHotel nicht klimatisiert.<\/p>\n<p><a href=\"https:\/\/www.hotelaultia.com\/de\/villa-aultia\/\" style=\"color:#c9a96e;\">\u2192 Alle praktischen Informationen<\/a><\/p>\n\t\t<\/div>\n\t<\/div>\n\n\t\n<\/div>\n","protected":false},"excerpt":{"rendered":"","protected":false},"author":1,"featured_media":0,"parent":0,"menu_order":0,"comment_status":"closed","ping_status":"open","template":"","meta":{"footnotes":""},"class_list":["post-496","page","type-page","status-publish","hentry"],"yoast_head":"<!-- This site is optimized with the Yoast SEO plugin v27.1.1 - https:\/\/yoast.com\/product\/yoast-seo-wordpress\/ -->\n<title>Villa Aultia Hotel &amp; Resort **** - Hotel Baie de Somme - Boutique Hotel - Restaurant - Lounge Bar - Spa - Offizielle Seite<\/title>\n<meta name=\"description\" content=\"In AULT, Villa Aultia Hotel, ein 4 Sterne-Hotel mit Charme, das sich in der Somme-Bucht zwischen Saint-Valery sur Somme &amp; Le Tr\u00e9port befindet, zwischen der Opalk\u00fcste und der Alabasterk\u00fcste.\" \/>\n<meta name=\"robots\" content=\"index, follow, max-snippet:-1, max-image-preview:large, max-video-preview:-1\" \/>\n<link rel=\"canonical\" href=\"https:\/\/www.hotelaultia.com\/de\/\" \/>\n<meta property=\"og:locale\" content=\"de_DE\" \/>\n<meta property=\"og:type\" content=\"article\" \/>\n<meta property=\"og:title\" content=\"Villa Aultia Hotel &amp; Resort **** - Hotel Baie de Somme - Boutique Hotel - Restaurant - Lounge Bar - Spa - Offizielle Seite\" \/>\n<meta property=\"og:description\" content=\"In AULT, Villa Aultia Hotel, ein 4 Sterne-Hotel mit Charme, das sich in der Somme-Bucht zwischen Saint-Valery sur Somme &amp; Le Tr\u00e9port befindet, zwischen der Opalk\u00fcste und der Alabasterk\u00fcste.\" \/>\n<meta property=\"og:url\" content=\"https:\/\/www.hotelaultia.com\/de\/\" \/>\n<meta property=\"og:site_name\" content=\"Villa Aultia\" \/>\n<meta property=\"article:modified_time\" content=\"2026-03-10T23:01:51+00:00\" \/>\n<meta name=\"twitter:card\" content=\"summary_large_image\" \/>\n<meta name=\"twitter:label1\" content=\"Gesch\u00e4tzte Lesezeit\" \/>\n\t<meta name=\"twitter:data1\" content=\"2\u00a0Minuten\" \/>\n<script type=\"application\/ld+json\" class=\"yoast-schema-graph\">{\"@context\":\"https:\/\/schema.org\",\"@graph\":[{\"@type\":\"WebPage\",\"@id\":\"https:\/\/www.hotelaultia.com\/de\/\",\"url\":\"https:\/\/www.hotelaultia.com\/de\/\",\"name\":\"Villa Aultia Hotel & Resort **** - Hotel Baie de Somme - Boutique Hotel - Restaurant - Lounge Bar - Spa - Offizielle Seite\",\"isPartOf\":{\"@id\":\"https:\/\/www.hotelaultia.com\/nl\/#website\"},\"datePublished\":\"2020-03-20T09:23:03+00:00\",\"dateModified\":\"2026-03-10T23:01:51+00:00\",\"description\":\"In AULT, Villa Aultia Hotel, ein 4 Sterne-Hotel mit Charme, das sich in der Somme-Bucht zwischen Saint-Valery sur Somme & Le Tr\u00e9port befindet, zwischen der Opalk\u00fcste und der Alabasterk\u00fcste.\",\"breadcrumb\":{\"@id\":\"https:\/\/www.hotelaultia.com\/de\/#breadcrumb\"},\"inLanguage\":\"de\",\"potentialAction\":[{\"@type\":\"ReadAction\",\"target\":[\"https:\/\/www.hotelaultia.com\/de\/\"]}]},{\"@type\":\"BreadcrumbList\",\"@id\":\"https:\/\/www.hotelaultia.com\/de\/#breadcrumb\",\"itemListElement\":[{\"@type\":\"ListItem\",\"position\":1,\"name\":\"Accueil\",\"item\":\"https:\/\/www.hotelaultia.com\/de\/\"},{\"@type\":\"ListItem\",\"position\":2,\"name\":\"home\"}]},{\"@type\":\"WebSite\",\"@id\":\"https:\/\/www.hotelaultia.com\/nl\/#website\",\"url\":\"https:\/\/www.hotelaultia.com\/nl\/\",\"name\":\"Hotel Aultia\",\"description\":\"Hotel &amp; Resort \u00e0 Ault- Boutique Hotel - Lounge Bar - Spa\",\"publisher\":{\"@id\":\"https:\/\/www.hotelaultia.com\/nl\/#organization\"},\"potentialAction\":[{\"@type\":\"SearchAction\",\"target\":{\"@type\":\"EntryPoint\",\"urlTemplate\":\"https:\/\/www.hotelaultia.com\/nl\/?s={search_term_string}\"},\"query-input\":{\"@type\":\"PropertyValueSpecification\",\"valueRequired\":true,\"valueName\":\"search_term_string\"}}],\"inLanguage\":\"de\"},{\"@type\":\"Organization\",\"@id\":\"https:\/\/www.hotelaultia.com\/nl\/#organization\",\"name\":\"Hotel Aultia\",\"url\":\"https:\/\/www.hotelaultia.com\/nl\/\",\"logo\":{\"@type\":\"ImageObject\",\"inLanguage\":\"de\",\"@id\":\"https:\/\/www.hotelaultia.com\/nl\/#\/schema\/logo\/image\/\",\"url\":\"https:\/\/www.hotelaultia.com\/wp-content\/uploads\/2020\/03\/logo.png\",\"contentUrl\":\"https:\/\/www.hotelaultia.com\/wp-content\/uploads\/2020\/03\/logo.png\",\"width\":149,\"height\":80,\"caption\":\"Hotel Aultia\"},\"image\":{\"@id\":\"https:\/\/www.hotelaultia.com\/nl\/#\/schema\/logo\/image\/\"}}]}<\/script>\n<!-- \/ Yoast SEO plugin. -->","yoast_head_json":{"title":"Villa Aultia Hotel & Resort **** - Hotel Baie de Somme - Boutique Hotel - Restaurant - Lounge Bar - Spa - Offizielle Seite","description":"In AULT, Villa Aultia Hotel, ein 4 Sterne-Hotel mit Charme, das sich in der Somme-Bucht zwischen Saint-Valery sur Somme & Le Tr\u00e9port befindet, zwischen der Opalk\u00fcste und der Alabasterk\u00fcste.","robots":{"index":"index","follow":"follow","max-snippet":"max-snippet:-1","max-image-preview":"max-image-preview:large","max-video-preview":"max-video-preview:-1"},"canonical":"https:\/\/www.hotelaultia.com\/de\/","og_locale":"de_DE","og_type":"article","og_title":"Villa Aultia Hotel & Resort **** - Hotel Baie de Somme - Boutique Hotel - Restaurant - Lounge Bar - Spa - Offizielle Seite","og_description":"In AULT, Villa Aultia Hotel, ein 4 Sterne-Hotel mit Charme, das sich in der Somme-Bucht zwischen Saint-Valery sur Somme & Le Tr\u00e9port befindet, zwischen der Opalk\u00fcste und der Alabasterk\u00fcste.","og_url":"https:\/\/www.hotelaultia.com\/de\/","og_site_name":"Villa Aultia","article_modified_time":"2026-03-10T23:01:51+00:00","twitter_card":"summary_large_image","twitter_misc":{"Gesch\u00e4tzte Lesezeit":"2\u00a0Minuten"},"schema":{"@context":"https:\/\/schema.org","@graph":[{"@type":"WebPage","@id":"https:\/\/www.hotelaultia.com\/de\/","url":"https:\/\/www.hotelaultia.com\/de\/","name":"Villa Aultia Hotel & Resort **** - Hotel Baie de Somme - Boutique Hotel - Restaurant - Lounge Bar - Spa - Offizielle Seite","isPartOf":{"@id":"https:\/\/www.hotelaultia.com\/nl\/#website"},"datePublished":"2020-03-20T09:23:03+00:00","dateModified":"2026-03-10T23:01:51+00:00","description":"In AULT, Villa Aultia Hotel, ein 4 Sterne-Hotel mit Charme, das sich in der Somme-Bucht zwischen Saint-Valery sur Somme & Le Tr\u00e9port befindet, zwischen der Opalk\u00fcste und der Alabasterk\u00fcste.","breadcrumb":{"@id":"https:\/\/www.hotelaultia.com\/de\/#breadcrumb"},"inLanguage":"de","potentialAction":[{"@type":"ReadAction","target":["https:\/\/www.hotelaultia.com\/de\/"]}]},{"@type":"BreadcrumbList","@id":"https:\/\/www.hotelaultia.com\/de\/#breadcrumb","itemListElement":[{"@type":"ListItem","position":1,"name":"Accueil","item":"https:\/\/www.hotelaultia.com\/de\/"},{"@type":"ListItem","position":2,"name":"home"}]},{"@type":"WebSite","@id":"https:\/\/www.hotelaultia.com\/nl\/#website","url":"https:\/\/www.hotelaultia.com\/nl\/","name":"Hotel Aultia","description":"Hotel &amp; Resort \u00e0 Ault- Boutique Hotel - Lounge Bar - Spa","publisher":{"@id":"https:\/\/www.hotelaultia.com\/nl\/#organization"},"potentialAction":[{"@type":"SearchAction","target":{"@type":"EntryPoint","urlTemplate":"https:\/\/www.hotelaultia.com\/nl\/?s={search_term_string}"},"query-input":{"@type":"PropertyValueSpecification","valueRequired":true,"valueName":"search_term_string"}}],"inLanguage":"de"},{"@type":"Organization","@id":"https:\/\/www.hotelaultia.com\/nl\/#organization","name":"Hotel Aultia","url":"https:\/\/www.hotelaultia.com\/nl\/","logo":{"@type":"ImageObject","inLanguage":"de","@id":"https:\/\/www.hotelaultia.com\/nl\/#\/schema\/logo\/image\/","url":"https:\/\/www.hotelaultia.com\/wp-content\/uploads\/2020\/03\/logo.png","contentUrl":"https:\/\/www.hotelaultia.com\/wp-content\/uploads\/2020\/03\/logo.png","width":149,"height":80,"caption":"Hotel Aultia"},"image":{"@id":"https:\/\/www.hotelaultia.com\/nl\/#\/schema\/logo\/image\/"}}]}},"_links":{"self":[{"href":"https:\/\/www.hotelaultia.com\/de\/wp-json\/wp\/v2\/pages\/496","targetHints":{"allow":["GET"]}}],"collection":[{"href":"https:\/\/www.hotelaultia.com\/de\/wp-json\/wp\/v2\/pages"}],"about":[{"href":"https:\/\/www.hotelaultia.com\/de\/wp-json\/wp\/v2\/types\/page"}],"author":[{"embeddable":true,"href":"https:\/\/www.hotelaultia.com\/de\/wp-json\/wp\/v2\/users\/1"}],"replies":[{"embeddable":true,"href":"https:\/\/www.hotelaultia.com\/de\/wp-json\/wp\/v2\/comments?post=496"}],"version-history":[{"count":12,"href":"https:\/\/www.hotelaultia.com\/de\/wp-json\/wp\/v2\/pages\/496\/revisions"}],"predecessor-version":[{"id":1110,"href":"https:\/\/www.hotelaultia.com\/de\/wp-json\/wp\/v2\/pages\/496\/revisions\/1110"}],"wp:attachment":[{"href":"https:\/\/www.hotelaultia.com\/de\/wp-json\/wp\/v2\/media?parent=496"}],"curies":[{"name":"wp","href":"https:\/\/api.w.org\/{rel}","templated":true}]}}