{"id":481,"date":"2020-03-24T10:54:31","date_gmt":"2020-03-24T09:54:31","guid":{"rendered":"https:\/\/www.hotelaultia.com\/new\/activites-visites\/"},"modified":"2026-03-11T00:50:50","modified_gmt":"2026-03-10T23:50:50","slug":"aktivitaten-besichtigungen","status":"publish","type":"page","link":"https:\/\/www.hotelaultia.com\/de\/aktivitaten-besichtigungen\/","title":{"rendered":"Activit\u00e9s visites"},"content":{"rendered":"<div class=\"row\"  id=\"row-771105878\">\n\n\t<div class=\"col small-12 large-12\"  >\n\t\t<div class=\"col-inner\"  >\n\t\t\t\n\t\t\t\n<div class=\"slider-wrapper relative slider-home\" id=\"slider-416234317\" style=\"background-color:rgb(255,255,255);\">\n    <div class=\"slider slider-type-fade slider-nav-circle slider-nav-large slider-nav-light slider-style-normal\"\n        data-flickity-options='{\n            \"cellAlign\": \"center\",\n            \"imagesLoaded\": true,\n            \"lazyLoad\": 1,\n            \"freeScroll\": false,\n            \"wrapAround\": true,\n            \"autoPlay\": 4000,\n            \"pauseAutoPlayOnHover\" : true,\n            \"prevNextButtons\": true,\n            \"contain\" : true,\n            \"adaptiveHeight\" : true,\n            \"dragThreshold\" : 10,\n            \"percentPosition\": true,\n            \"pageDots\": false,\n            \"rightToLeft\": false,\n            \"draggable\": true,\n            \"selectedAttraction\": 0.1,\n            \"parallax\" : 0,\n            \"friction\": 0.6        }'\n        >\n        \n\t<div class=\"img has-hover x md-x lg-x y md-y lg-y\" id=\"image_2117521265\">\n\t\t\t\t\t\t\t\t<div class=\"img-inner dark\" >\n\t\t\t<img loading=\"lazy\" decoding=\"async\" width=\"1004\" height=\"570\" src=\"https:\/\/www.hotelaultia.com\/wp-content\/uploads\/2020\/03\/AULT.jpg\" class=\"attachment-large size-large\" alt=\"Villa Aultia Hotel &amp; Restaurant - Ault - Baie de Somme\" srcset=\"https:\/\/www.hotelaultia.com\/wp-content\/uploads\/2020\/03\/AULT.jpg 1004w, https:\/\/www.hotelaultia.com\/wp-content\/uploads\/2020\/03\/AULT-300x170.jpg 300w, https:\/\/www.hotelaultia.com\/wp-content\/uploads\/2020\/03\/AULT-768x436.jpg 768w\" sizes=\"auto, (max-width: 1004px) 100vw, 1004px\" \/>\t\t\t\t\t\t\n\t\t\t\t\t<\/div>\n\t\t\t\t\t\t\t\t\n<style scope=\"scope\">\n\n#image_2117521265 {\n  width: 100%;\n}\n<\/style>\n\t<\/div>\n\t\n\t<div class=\"img has-hover x md-x lg-x y md-y lg-y\" id=\"image_462717276\">\n\t\t\t\t\t\t\t\t<div class=\"img-inner dark\" >\n\t\t\t<img loading=\"lazy\" decoding=\"async\" width=\"1004\" height=\"570\" src=\"https:\/\/www.hotelaultia.com\/wp-content\/uploads\/2020\/03\/AULT_Panoramique.jpg\" class=\"attachment-large size-large\" alt=\"Villa Aultia Hotel &amp; Restaurant - Ault - Baie de Somme\" srcset=\"https:\/\/www.hotelaultia.com\/wp-content\/uploads\/2020\/03\/AULT_Panoramique.jpg 1004w, https:\/\/www.hotelaultia.com\/wp-content\/uploads\/2020\/03\/AULT_Panoramique-300x170.jpg 300w, https:\/\/www.hotelaultia.com\/wp-content\/uploads\/2020\/03\/AULT_Panoramique-768x436.jpg 768w\" sizes=\"auto, (max-width: 1004px) 100vw, 1004px\" \/>\t\t\t\t\t\t\n\t\t\t\t\t<\/div>\n\t\t\t\t\t\t\t\t\n<style scope=\"scope\">\n\n#image_462717276 {\n  width: 100%;\n}\n<\/style>\n\t<\/div>\n\t\n\t<div class=\"img has-hover x md-x lg-x y md-y lg-y\" id=\"image_1862558974\">\n\t\t\t\t\t\t\t\t<div class=\"img-inner dark\" >\n\t\t\t<img loading=\"lazy\" decoding=\"async\" width=\"1004\" height=\"570\" src=\"https:\/\/www.hotelaultia.com\/wp-content\/uploads\/2020\/03\/Bois_De_Cise_2.jpg\" class=\"attachment-large size-large\" alt=\"Villa Aultia Hotel &amp; Restaurant - Ault - Baie de Somme\" srcset=\"https:\/\/www.hotelaultia.com\/wp-content\/uploads\/2020\/03\/Bois_De_Cise_2.jpg 1004w, https:\/\/www.hotelaultia.com\/wp-content\/uploads\/2020\/03\/Bois_De_Cise_2-300x170.jpg 300w, https:\/\/www.hotelaultia.com\/wp-content\/uploads\/2020\/03\/Bois_De_Cise_2-768x436.jpg 768w\" sizes=\"auto, (max-width: 1004px) 100vw, 1004px\" \/>\t\t\t\t\t\t\n\t\t\t\t\t<\/div>\n\t\t\t\t\t\t\t\t\n<style scope=\"scope\">\n\n#image_1862558974 {\n  width: 100%;\n}\n<\/style>\n\t<\/div>\n\t\n\t<div class=\"img has-hover x md-x lg-x y md-y lg-y\" id=\"image_82492512\">\n\t\t\t\t\t\t\t\t<div class=\"img-inner dark\" >\n\t\t\t<img loading=\"lazy\" decoding=\"async\" width=\"1004\" height=\"570\" src=\"https:\/\/www.hotelaultia.com\/wp-content\/uploads\/2020\/03\/Falaise_Ault_1.jpg\" class=\"attachment-large size-large\" alt=\"Villa Aultia Hotel &amp; Restaurant - Ault - Baie de Somme\" srcset=\"https:\/\/www.hotelaultia.com\/wp-content\/uploads\/2020\/03\/Falaise_Ault_1.jpg 1004w, https:\/\/www.hotelaultia.com\/wp-content\/uploads\/2020\/03\/Falaise_Ault_1-300x170.jpg 300w, https:\/\/www.hotelaultia.com\/wp-content\/uploads\/2020\/03\/Falaise_Ault_1-768x436.jpg 768w\" sizes=\"auto, (max-width: 1004px) 100vw, 1004px\" \/>\t\t\t\t\t\t\n\t\t\t\t\t<\/div>\n\t\t\t\t\t\t\t\t\n<style scope=\"scope\">\n\n#image_82492512 {\n  width: 100%;\n}\n<\/style>\n\t<\/div>\n\t\n\t<div class=\"img has-hover x md-x lg-x y md-y lg-y\" id=\"image_287851096\">\n\t\t\t\t\t\t\t\t<div class=\"img-inner dark\" >\n\t\t\t<img loading=\"lazy\" decoding=\"async\" width=\"1004\" height=\"570\" src=\"https:\/\/www.hotelaultia.com\/wp-content\/uploads\/2020\/03\/Falaise_Ault_2.jpg\" class=\"attachment-large size-large\" alt=\"Villa Aultia Hotel &amp; Restaurant - Ault - Baie de Somme\" srcset=\"https:\/\/www.hotelaultia.com\/wp-content\/uploads\/2020\/03\/Falaise_Ault_2.jpg 1004w, https:\/\/www.hotelaultia.com\/wp-content\/uploads\/2020\/03\/Falaise_Ault_2-300x170.jpg 300w, https:\/\/www.hotelaultia.com\/wp-content\/uploads\/2020\/03\/Falaise_Ault_2-768x436.jpg 768w\" sizes=\"auto, (max-width: 1004px) 100vw, 1004px\" \/>\t\t\t\t\t\t\n\t\t\t\t\t<\/div>\n\t\t\t\t\t\t\t\t\n<style scope=\"scope\">\n\n#image_287851096 {\n  width: 100%;\n}\n<\/style>\n\t<\/div>\n\t\n\t<div class=\"img has-hover x md-x lg-x y md-y lg-y\" id=\"image_2083867526\">\n\t\t\t\t\t\t\t\t<div class=\"img-inner dark\" >\n\t\t\t<img loading=\"lazy\" decoding=\"async\" width=\"1004\" height=\"570\" src=\"https:\/\/www.hotelaultia.com\/wp-content\/uploads\/2020\/03\/Le_Treport.jpg\" class=\"attachment-large size-large\" alt=\"Villa Aultia Hotel &amp; Restaurant - Ault - Baie de Somme\" srcset=\"https:\/\/www.hotelaultia.com\/wp-content\/uploads\/2020\/03\/Le_Treport.jpg 1004w, https:\/\/www.hotelaultia.com\/wp-content\/uploads\/2020\/03\/Le_Treport-300x170.jpg 300w, https:\/\/www.hotelaultia.com\/wp-content\/uploads\/2020\/03\/Le_Treport-768x436.jpg 768w\" sizes=\"auto, (max-width: 1004px) 100vw, 1004px\" \/>\t\t\t\t\t\t\n\t\t\t\t\t<\/div>\n\t\t\t\t\t\t\t\t\n<style scope=\"scope\">\n\n#image_2083867526 {\n  width: 100%;\n}\n<\/style>\n\t<\/div>\n\t\n\t<div class=\"img has-hover x md-x lg-x y md-y lg-y\" id=\"image_1488505823\">\n\t\t\t\t\t\t\t\t<div class=\"img-inner dark\" >\n\t\t\t<img loading=\"lazy\" decoding=\"async\" width=\"1004\" height=\"570\" src=\"https:\/\/www.hotelaultia.com\/wp-content\/uploads\/2020\/03\/Mers_Les_Bains.jpg\" class=\"attachment-large size-large\" alt=\"Villa Aultia Hotel &amp; Restaurant - Ault - Baie de Somme\" srcset=\"https:\/\/www.hotelaultia.com\/wp-content\/uploads\/2020\/03\/Mers_Les_Bains.jpg 1004w, https:\/\/www.hotelaultia.com\/wp-content\/uploads\/2020\/03\/Mers_Les_Bains-300x170.jpg 300w, https:\/\/www.hotelaultia.com\/wp-content\/uploads\/2020\/03\/Mers_Les_Bains-768x436.jpg 768w\" sizes=\"auto, (max-width: 1004px) 100vw, 1004px\" \/>\t\t\t\t\t\t\n\t\t\t\t\t<\/div>\n\t\t\t\t\t\t\t\t\n<style scope=\"scope\">\n\n#image_1488505823 {\n  width: 100%;\n}\n<\/style>\n\t<\/div>\n\t\n\t<div class=\"img has-hover x md-x lg-x y md-y lg-y\" id=\"image_1923882548\">\n\t\t\t\t\t\t\t\t<div class=\"img-inner dark\" >\n\t\t\t<img loading=\"lazy\" decoding=\"async\" width=\"1004\" height=\"570\" src=\"https:\/\/www.hotelaultia.com\/wp-content\/uploads\/2020\/03\/Mers_Les_Bains_Plage.jpg\" class=\"attachment-large size-large\" alt=\"Villa Aultia Hotel &amp; Restaurant - Ault - Baie de Somme\" srcset=\"https:\/\/www.hotelaultia.com\/wp-content\/uploads\/2020\/03\/Mers_Les_Bains_Plage.jpg 1004w, https:\/\/www.hotelaultia.com\/wp-content\/uploads\/2020\/03\/Mers_Les_Bains_Plage-300x170.jpg 300w, https:\/\/www.hotelaultia.com\/wp-content\/uploads\/2020\/03\/Mers_Les_Bains_Plage-768x436.jpg 768w\" sizes=\"auto, (max-width: 1004px) 100vw, 1004px\" \/>\t\t\t\t\t\t\n\t\t\t\t\t<\/div>\n\t\t\t\t\t\t\t\t\n<style scope=\"scope\">\n\n#image_1923882548 {\n  width: 100%;\n}\n<\/style>\n\t<\/div>\n\t\n\t<div class=\"img has-hover x md-x lg-x y md-y lg-y\" id=\"image_832645331\">\n\t\t\t\t\t\t\t\t<div class=\"img-inner dark\" >\n\t\t\t<img loading=\"lazy\" decoding=\"async\" width=\"1004\" height=\"570\" src=\"https:\/\/www.hotelaultia.com\/wp-content\/uploads\/2020\/03\/Plage_Ault.jpg\" class=\"attachment-large size-large\" alt=\"Villa Aultia Hotel &amp; Restaurant - Ault - Baie de Somme\" srcset=\"https:\/\/www.hotelaultia.com\/wp-content\/uploads\/2020\/03\/Plage_Ault.jpg 1004w, https:\/\/www.hotelaultia.com\/wp-content\/uploads\/2020\/03\/Plage_Ault-300x170.jpg 300w, https:\/\/www.hotelaultia.com\/wp-content\/uploads\/2020\/03\/Plage_Ault-768x436.jpg 768w\" sizes=\"auto, (max-width: 1004px) 100vw, 1004px\" \/>\t\t\t\t\t\t\n\t\t\t\t\t<\/div>\n\t\t\t\t\t\t\t\t\n<style scope=\"scope\">\n\n#image_832645331 {\n  width: 100%;\n}\n<\/style>\n\t<\/div>\n\t\n\t<div class=\"img has-hover x md-x lg-x y md-y lg-y\" id=\"image_1061966412\">\n\t\t\t\t\t\t\t\t<div class=\"img-inner dark\" >\n\t\t\t<img loading=\"lazy\" decoding=\"async\" width=\"1004\" height=\"570\" src=\"https:\/\/www.hotelaultia.com\/wp-content\/uploads\/2020\/03\/Plage_Ault_2-1.jpg\" class=\"attachment-large size-large\" alt=\"Villa Aultia Hotel &amp; Restaurant - Ault - Baie de Somme\" srcset=\"https:\/\/www.hotelaultia.com\/wp-content\/uploads\/2020\/03\/Plage_Ault_2-1.jpg 1004w, https:\/\/www.hotelaultia.com\/wp-content\/uploads\/2020\/03\/Plage_Ault_2-1-300x170.jpg 300w, https:\/\/www.hotelaultia.com\/wp-content\/uploads\/2020\/03\/Plage_Ault_2-1-768x436.jpg 768w\" sizes=\"auto, (max-width: 1004px) 100vw, 1004px\" \/>\t\t\t\t\t\t\n\t\t\t\t\t<\/div>\n\t\t\t\t\t\t\t\t\n<style scope=\"scope\">\n\n#image_1061966412 {\n  width: 100%;\n}\n<\/style>\n\t<\/div>\n\t\n\t<div class=\"img has-hover x md-x lg-x y md-y lg-y\" id=\"image_1087526385\">\n\t\t\t\t\t\t\t\t<div class=\"img-inner dark\" >\n\t\t\t<img loading=\"lazy\" decoding=\"async\" width=\"1004\" height=\"570\" src=\"https:\/\/www.hotelaultia.com\/wp-content\/uploads\/2020\/03\/Plage_Ault_3.jpg\" class=\"attachment-large size-large\" alt=\"Villa Aultia Hotel &amp; Restaurant - Ault - Baie de Somme\" srcset=\"https:\/\/www.hotelaultia.com\/wp-content\/uploads\/2020\/03\/Plage_Ault_3.jpg 1004w, https:\/\/www.hotelaultia.com\/wp-content\/uploads\/2020\/03\/Plage_Ault_3-300x170.jpg 300w, https:\/\/www.hotelaultia.com\/wp-content\/uploads\/2020\/03\/Plage_Ault_3-768x436.jpg 768w\" sizes=\"auto, (max-width: 1004px) 100vw, 1004px\" \/>\t\t\t\t\t\t\n\t\t\t\t\t<\/div>\n\t\t\t\t\t\t\t\t\n<style scope=\"scope\">\n\n#image_1087526385 {\n  width: 100%;\n}\n<\/style>\n\t<\/div>\n\t\n     <\/div>\n\n     <div class=\"loading-spin dark large centered\"><\/div>\n\n     <style scope=\"scope\">\n             <\/style>\n<\/div>\n\n\n\t\t<\/div>\n\t<\/div>\n\n\t\n<\/div>\n<div class=\"row\"  id=\"row-217437\">\n\n\t<div class=\"col small-12 large-12\"  >\n\t\t<div class=\"col-inner\"  >\n\t\t\t\n\t\t\t\n<h2>AKTIVIT\u00c4TEN &amp; BESICHTIGUNGEN<\/h2>\n<ul>\n<li>Illustrierter &amp; kommentierter Fu\u00dfrundgang \u201eAuf den Spuren von Victor Hugo\u201f\u00a0<\/li>\n<li>Schwimmen &amp; Strandkabinen (Strand in 300 m)<\/li>\n<li>Tennis (\u00fcberdachte Pl\u00e4tze in 50 m)<\/li>\n<li>Reiten (in 5 km)<\/li>\n<li>Lufttaufe &amp; UL (in 4 km)<\/li>\n<li>Wandern &#8211; Radfahren &#8211; MTBRundweg HuttesRundweg Lamotte<\/li>\n<li>Bootsfahrten (in 7 oder 18 km)<\/li>\n<li>Erkundung von K\u00fcste und Meer und der Felsen mit einem Fremdenf\u00fchrer (vor Ort)<\/li>\n<li>Landzunge Hourdel &amp; Robbenkolonie (in 15 km)<\/li>\n<li>Le Tr\u00e9port &amp; die h\u00f6chsten Kreidefelsen in Europa (mit Seilbahn in 7 km)<\/li>\n<li>Schloss Eu (in 6 km) \/ Saint-Valery sur Somme (in 18 km)<\/li>\n<li>Cayeux sur Mer &amp; die l\u00e4ngste Aneinanderreihung von Strandkabinen in Europa (in 12 km)<\/li>\n<\/ul>\n\t\t<\/div>\n\t<\/div>\n\n\t\n<\/div>\n","protected":false},"excerpt":{"rendered":"","protected":false},"author":1,"featured_media":0,"parent":0,"menu_order":0,"comment_status":"closed","ping_status":"open","template":"","meta":{"footnotes":""},"class_list":["post-481","page","type-page","status-publish","hentry"],"yoast_head":"<!-- This site is optimized with the Yoast SEO plugin v27.1.1 - https:\/\/yoast.com\/product\/yoast-seo-wordpress\/ -->\n<title>Aktivit\u00e4ten &amp; Besichtigungen - Villa Aultia Hotel - Die Somme-Bucht und ihre felsen<\/title>\n<meta name=\"description\" content=\"In AULT, Villa Aultia Hotel, ein 4 Sterne-Hotel mit Charme, das sich in der Somme-Bucht zwischen Saint-Valery sur Somme &amp; Le Tr\u00e9port befindet, zwischen der Opalk\u00fcste und der Alabasterk\u00fcste.\" \/>\n<meta name=\"robots\" content=\"index, follow, max-snippet:-1, max-image-preview:large, max-video-preview:-1\" \/>\n<link rel=\"canonical\" href=\"https:\/\/www.hotelaultia.com\/de\/aktivitaten-besichtigungen\/\" \/>\n<meta property=\"og:locale\" content=\"de_DE\" \/>\n<meta property=\"og:type\" content=\"article\" \/>\n<meta property=\"og:title\" content=\"Aktivit\u00e4ten &amp; Besichtigungen - Villa Aultia Hotel - Die Somme-Bucht und ihre felsen\" \/>\n<meta property=\"og:description\" content=\"In AULT, Villa Aultia Hotel, ein 4 Sterne-Hotel mit Charme, das sich in der Somme-Bucht zwischen Saint-Valery sur Somme &amp; Le Tr\u00e9port befindet, zwischen der Opalk\u00fcste und der Alabasterk\u00fcste.\" \/>\n<meta property=\"og:url\" content=\"https:\/\/www.hotelaultia.com\/de\/aktivitaten-besichtigungen\/\" \/>\n<meta property=\"og:site_name\" content=\"Villa Aultia\" \/>\n<meta property=\"article:modified_time\" content=\"2026-03-10T23:50:50+00:00\" \/>\n<meta name=\"twitter:card\" content=\"summary_large_image\" \/>\n<meta name=\"twitter:label1\" content=\"Gesch\u00e4tzte Lesezeit\" \/>\n\t<meta name=\"twitter:data1\" content=\"1\u00a0Minute\" \/>\n<script type=\"application\/ld+json\" class=\"yoast-schema-graph\">{\"@context\":\"https:\/\/schema.org\",\"@graph\":[{\"@type\":\"WebPage\",\"@id\":\"https:\/\/www.hotelaultia.com\/de\/aktivitaten-besichtigungen\/\",\"url\":\"https:\/\/www.hotelaultia.com\/de\/aktivitaten-besichtigungen\/\",\"name\":\"Aktivit\u00e4ten & Besichtigungen - Villa Aultia Hotel - Die Somme-Bucht und ihre felsen\",\"isPartOf\":{\"@id\":\"https:\/\/www.hotelaultia.com\/nl\/#website\"},\"datePublished\":\"2020-03-24T09:54:31+00:00\",\"dateModified\":\"2026-03-10T23:50:50+00:00\",\"description\":\"In AULT, Villa Aultia Hotel, ein 4 Sterne-Hotel mit Charme, das sich in der Somme-Bucht zwischen Saint-Valery sur Somme & Le Tr\u00e9port befindet, zwischen der Opalk\u00fcste und der Alabasterk\u00fcste.\",\"breadcrumb\":{\"@id\":\"https:\/\/www.hotelaultia.com\/de\/aktivitaten-besichtigungen\/#breadcrumb\"},\"inLanguage\":\"de\",\"potentialAction\":[{\"@type\":\"ReadAction\",\"target\":[\"https:\/\/www.hotelaultia.com\/de\/aktivitaten-besichtigungen\/\"]}]},{\"@type\":\"BreadcrumbList\",\"@id\":\"https:\/\/www.hotelaultia.com\/de\/aktivitaten-besichtigungen\/#breadcrumb\",\"itemListElement\":[{\"@type\":\"ListItem\",\"position\":1,\"name\":\"Accueil\",\"item\":\"https:\/\/www.hotelaultia.com\/de\/\"},{\"@type\":\"ListItem\",\"position\":2,\"name\":\"Activit\u00e9s visites\"}]},{\"@type\":\"WebSite\",\"@id\":\"https:\/\/www.hotelaultia.com\/nl\/#website\",\"url\":\"https:\/\/www.hotelaultia.com\/nl\/\",\"name\":\"Hotel Aultia\",\"description\":\"Hotel &amp; Resort \u00e0 Ault- Boutique Hotel - Lounge Bar - Spa\",\"publisher\":{\"@id\":\"https:\/\/www.hotelaultia.com\/nl\/#organization\"},\"potentialAction\":[{\"@type\":\"SearchAction\",\"target\":{\"@type\":\"EntryPoint\",\"urlTemplate\":\"https:\/\/www.hotelaultia.com\/nl\/?s={search_term_string}\"},\"query-input\":{\"@type\":\"PropertyValueSpecification\",\"valueRequired\":true,\"valueName\":\"search_term_string\"}}],\"inLanguage\":\"de\"},{\"@type\":\"Organization\",\"@id\":\"https:\/\/www.hotelaultia.com\/nl\/#organization\",\"name\":\"Hotel Aultia\",\"url\":\"https:\/\/www.hotelaultia.com\/nl\/\",\"logo\":{\"@type\":\"ImageObject\",\"inLanguage\":\"de\",\"@id\":\"https:\/\/www.hotelaultia.com\/nl\/#\/schema\/logo\/image\/\",\"url\":\"https:\/\/www.hotelaultia.com\/wp-content\/uploads\/2020\/03\/logo.png\",\"contentUrl\":\"https:\/\/www.hotelaultia.com\/wp-content\/uploads\/2020\/03\/logo.png\",\"width\":149,\"height\":80,\"caption\":\"Hotel Aultia\"},\"image\":{\"@id\":\"https:\/\/www.hotelaultia.com\/nl\/#\/schema\/logo\/image\/\"}}]}<\/script>\n<!-- \/ Yoast SEO plugin. -->","yoast_head_json":{"title":"Aktivit\u00e4ten & Besichtigungen - Villa Aultia Hotel - Die Somme-Bucht und ihre felsen","description":"In AULT, Villa Aultia Hotel, ein 4 Sterne-Hotel mit Charme, das sich in der Somme-Bucht zwischen Saint-Valery sur Somme & Le Tr\u00e9port befindet, zwischen der Opalk\u00fcste und der Alabasterk\u00fcste.","robots":{"index":"index","follow":"follow","max-snippet":"max-snippet:-1","max-image-preview":"max-image-preview:large","max-video-preview":"max-video-preview:-1"},"canonical":"https:\/\/www.hotelaultia.com\/de\/aktivitaten-besichtigungen\/","og_locale":"de_DE","og_type":"article","og_title":"Aktivit\u00e4ten & Besichtigungen - Villa Aultia Hotel - Die Somme-Bucht und ihre felsen","og_description":"In AULT, Villa Aultia Hotel, ein 4 Sterne-Hotel mit Charme, das sich in der Somme-Bucht zwischen Saint-Valery sur Somme & Le Tr\u00e9port befindet, zwischen der Opalk\u00fcste und der Alabasterk\u00fcste.","og_url":"https:\/\/www.hotelaultia.com\/de\/aktivitaten-besichtigungen\/","og_site_name":"Villa Aultia","article_modified_time":"2026-03-10T23:50:50+00:00","twitter_card":"summary_large_image","twitter_misc":{"Gesch\u00e4tzte Lesezeit":"1\u00a0Minute"},"schema":{"@context":"https:\/\/schema.org","@graph":[{"@type":"WebPage","@id":"https:\/\/www.hotelaultia.com\/de\/aktivitaten-besichtigungen\/","url":"https:\/\/www.hotelaultia.com\/de\/aktivitaten-besichtigungen\/","name":"Aktivit\u00e4ten & Besichtigungen - Villa Aultia Hotel - Die Somme-Bucht und ihre felsen","isPartOf":{"@id":"https:\/\/www.hotelaultia.com\/nl\/#website"},"datePublished":"2020-03-24T09:54:31+00:00","dateModified":"2026-03-10T23:50:50+00:00","description":"In AULT, Villa Aultia Hotel, ein 4 Sterne-Hotel mit Charme, das sich in der Somme-Bucht zwischen Saint-Valery sur Somme & Le Tr\u00e9port befindet, zwischen der Opalk\u00fcste und der Alabasterk\u00fcste.","breadcrumb":{"@id":"https:\/\/www.hotelaultia.com\/de\/aktivitaten-besichtigungen\/#breadcrumb"},"inLanguage":"de","potentialAction":[{"@type":"ReadAction","target":["https:\/\/www.hotelaultia.com\/de\/aktivitaten-besichtigungen\/"]}]},{"@type":"BreadcrumbList","@id":"https:\/\/www.hotelaultia.com\/de\/aktivitaten-besichtigungen\/#breadcrumb","itemListElement":[{"@type":"ListItem","position":1,"name":"Accueil","item":"https:\/\/www.hotelaultia.com\/de\/"},{"@type":"ListItem","position":2,"name":"Activit\u00e9s visites"}]},{"@type":"WebSite","@id":"https:\/\/www.hotelaultia.com\/nl\/#website","url":"https:\/\/www.hotelaultia.com\/nl\/","name":"Hotel Aultia","description":"Hotel &amp; Resort \u00e0 Ault- Boutique Hotel - Lounge Bar - Spa","publisher":{"@id":"https:\/\/www.hotelaultia.com\/nl\/#organization"},"potentialAction":[{"@type":"SearchAction","target":{"@type":"EntryPoint","urlTemplate":"https:\/\/www.hotelaultia.com\/nl\/?s={search_term_string}"},"query-input":{"@type":"PropertyValueSpecification","valueRequired":true,"valueName":"search_term_string"}}],"inLanguage":"de"},{"@type":"Organization","@id":"https:\/\/www.hotelaultia.com\/nl\/#organization","name":"Hotel Aultia","url":"https:\/\/www.hotelaultia.com\/nl\/","logo":{"@type":"ImageObject","inLanguage":"de","@id":"https:\/\/www.hotelaultia.com\/nl\/#\/schema\/logo\/image\/","url":"https:\/\/www.hotelaultia.com\/wp-content\/uploads\/2020\/03\/logo.png","contentUrl":"https:\/\/www.hotelaultia.com\/wp-content\/uploads\/2020\/03\/logo.png","width":149,"height":80,"caption":"Hotel Aultia"},"image":{"@id":"https:\/\/www.hotelaultia.com\/nl\/#\/schema\/logo\/image\/"}}]}},"_links":{"self":[{"href":"https:\/\/www.hotelaultia.com\/de\/wp-json\/wp\/v2\/pages\/481","targetHints":{"allow":["GET"]}}],"collection":[{"href":"https:\/\/www.hotelaultia.com\/de\/wp-json\/wp\/v2\/pages"}],"about":[{"href":"https:\/\/www.hotelaultia.com\/de\/wp-json\/wp\/v2\/types\/page"}],"author":[{"embeddable":true,"href":"https:\/\/www.hotelaultia.com\/de\/wp-json\/wp\/v2\/users\/1"}],"replies":[{"embeddable":true,"href":"https:\/\/www.hotelaultia.com\/de\/wp-json\/wp\/v2\/comments?post=481"}],"version-history":[{"count":7,"href":"https:\/\/www.hotelaultia.com\/de\/wp-json\/wp\/v2\/pages\/481\/revisions"}],"predecessor-version":[{"id":1115,"href":"https:\/\/www.hotelaultia.com\/de\/wp-json\/wp\/v2\/pages\/481\/revisions\/1115"}],"wp:attachment":[{"href":"https:\/\/www.hotelaultia.com\/de\/wp-json\/wp\/v2\/media?parent=481"}],"curies":[{"name":"wp","href":"https:\/\/api.w.org\/{rel}","templated":true}]}}